{"id":7416,"date":"2025-11-12T15:00:49","date_gmt":"2025-11-12T15:00:49","guid":{"rendered":"https:\/\/ibactech.ca\/ai-project\/"},"modified":"2025-11-21T19:30:13","modified_gmt":"2025-11-21T19:30:13","slug":"ai-project","status":"publish","type":"page","link":"https:\/\/ibactech.ca\/fr\/ai-project\/","title":{"rendered":"AI Project"},"content":{"rendered":"\t\t<div data-elementor-type=\"wp-page\" data-elementor-id=\"7416\" class=\"elementor elementor-7416 elementor-7353\" data-elementor-post-type=\"page\">\n\t\t\t\t\t\t<section class=\"elementor-section elementor-top-section elementor-element elementor-element-4cba6fb5 elementor-section-height-min-height elementor-section-boxed elementor-section-height-default elementor-section-items-middle\" data-id=\"4cba6fb5\" data-element_type=\"section\" data-settings=\"{&quot;background_background&quot;:&quot;classic&quot;}\">\n\t\t\t\t\t\t\t<div class=\"elementor-background-overlay\"><\/div>\n\t\t\t\t\t\t\t<div class=\"elementor-container elementor-column-gap-default\">\n\t\t\t\t\t<div class=\"elementor-column elementor-col-100 elementor-top-column elementor-element elementor-element-599871b6\" data-id=\"599871b6\" data-element_type=\"column\">\n\t\t\t<div class=\"elementor-widget-wrap elementor-element-populated\">\n\t\t\t\t\t\t<div class=\"elementor-element elementor-element-b3e5192 animated-slow elementor-invisible elementor-widget elementor-widget-heading\" data-id=\"b3e5192\" data-element_type=\"widget\" data-settings=\"{&quot;_animation&quot;:&quot;fadeIn&quot;}\" data-widget_type=\"heading.default\">\n\t\t\t\t<div class=\"elementor-widget-container\">\n\t\t\t\t\t<h1 class=\"elementor-heading-title elementor-size-default\">La technologie \u00e9volue rapidement \u2014 et l\u2019ACAC  \nveut que les courtiers soient aux commandes.  <\/h1>\t\t\t\t<\/div>\n\t\t\t\t<\/div>\n\t\t\t\t\t<\/div>\n\t\t<\/div>\n\t\t\t\t\t<\/div>\n\t\t<\/section>\n\t\t\t\t<section class=\"elementor-section elementor-top-section elementor-element elementor-element-aaf4dda elementor-section-boxed elementor-section-height-default elementor-section-height-default\" data-id=\"aaf4dda\" data-element_type=\"section\">\n\t\t\t\t\t\t<div class=\"elementor-container elementor-column-gap-default\">\n\t\t\t\t\t<div class=\"elementor-column elementor-col-100 elementor-top-column elementor-element elementor-element-2638519\" data-id=\"2638519\" data-element_type=\"column\">\n\t\t\t<div class=\"elementor-widget-wrap elementor-element-populated\">\n\t\t\t\t\t\t<div class=\"elementor-element elementor-element-dac367f animated-slow elementor-invisible elementor-widget elementor-widget-heading\" data-id=\"dac367f\" data-element_type=\"widget\" data-settings=\"{&quot;_animation&quot;:&quot;fadeIn&quot;}\" data-widget_type=\"heading.default\">\n\t\t\t\t<div class=\"elementor-widget-container\">\n\t\t\t\t\t<h2 class=\"elementor-heading-title elementor-size-default\">Habiliter les courtiers gr\u00e2ce \u00e0 l\u2019\u00e9ducation sur l\u2019IA  \n\n\n<\/h2>\t\t\t\t<\/div>\n\t\t\t\t<\/div>\n\t\t\t\t<div class=\"elementor-element elementor-element-c22ac73 animated-slow elementor-invisible elementor-widget elementor-widget-text-editor\" data-id=\"c22ac73\" data-element_type=\"widget\" data-settings=\"{&quot;_animation&quot;:&quot;fadeIn&quot;}\" data-widget_type=\"text-editor.default\">\n\t\t\t\t<div class=\"elementor-widget-container\">\n\t\t\t\t\t\t\t\t\t<p><span style=\"font-weight: 400;\">C\u2019est pourquoi nous avons cr\u00e9\u00e9 le Groupe de travail sur l\u2019IA de l\u2019ACAC : pour aider les courtiers d\u2019assurances canadiens \u00e0 mieux comprendre et \u00e0 utiliser l\u2019intelligence artificielle d\u2019une mani\u00e8re qui a du sens pour leur entreprise.<\/span><\/p><p><span style=\"font-weight: 400;\">Pour d\u00e9marrer, nous nous sommes associ\u00e9s \u00e0 KPMG dans le cadre d\u2019une initiative nationale qui place au premier plan une \u00e9ducation sur l\u2019IA pratique et centr\u00e9e sur les courtiers.\u00a0<\/span><\/p><p><span style=\"font-weight: 400;\">La premi\u00e8re phase de ce projet a consist\u00e9 \u00e0 b\u00e2tir des fondations solides. Ensemble, nous avons d\u00e9velopp\u00e9 trois sessions \u00e9ducatives pour d\u00e9mystifier l\u2019IA \u2014 en expliquant o\u00f9 elle s\u2019int\u00e8gre, pourquoi elle est importante et comment les courtiers peuvent l\u2019aborder de mani\u00e8re responsable.\u00a0\u00a0<\/span><\/p><p><span style=\"font-weight: 400;\">Mais il ne s\u2019agit pas seulement de th\u00e9orie. Nous avons identifi\u00e9 10 cas d\u2019utilisation concrets de l\u2019IA adapt\u00e9s aux courtiers \u2014 de l\u2019am\u00e9lioration de l\u2019accueil des clients \u00e0 la rationalisation des op\u00e9rations. Parmi ceux-ci, nous avons s\u00e9lectionn\u00e9 les deux exemples les plus prometteurs et cr\u00e9\u00e9 des fiches d\u2019une page simples pour aider les courtiers \u00e0 voir ce qui est possible.\u00a0\u00a0<\/span><\/p><p><span style=\"font-weight: 400;\">Nous avons \u00e9galement abord\u00e9 l\u2019une des plus grandes questions que pose toute nouvelle technologie : la gouvernance. Comment les courtiers peuvent-ils adopter l\u2019IA tout en restant conformes aux r\u00e9glementations, aux normes \u00e9thiques et aux attentes \u00e9volutives de l\u2019industrie? Pour y r\u00e9pondre, nous avons examin\u00e9 les plus r\u00e9centes orientations du RIBO, de l\u2019AMF et du BSIF, et \u00e9labor\u00e9 des principes pratiques en mati\u00e8re d\u2019IA pour permettre aux courtiers d\u2019avancer avec confiance \u2014 et responsabilit\u00e9.\u00a0\u00a0<\/span><\/p>\t\t\t\t\t\t\t\t<\/div>\n\t\t\t\t<\/div>\n\t\t\t\t\t<\/div>\n\t\t<\/div>\n\t\t\t\t\t<\/div>\n\t\t<\/section>\n\t\t\t\t<section class=\"elementor-section elementor-top-section elementor-element elementor-element-3a202b7 animated-slow elementor-section-boxed elementor-section-height-default elementor-section-height-default elementor-invisible\" data-id=\"3a202b7\" data-element_type=\"section\" data-settings=\"{&quot;animation&quot;:&quot;fadeIn&quot;}\">\n\t\t\t\t\t\t<div class=\"elementor-container elementor-column-gap-default\">\n\t\t\t\t\t<div class=\"elementor-column elementor-col-100 elementor-top-column elementor-element elementor-element-184e6d1\" data-id=\"184e6d1\" data-element_type=\"column\">\n\t\t\t<div class=\"elementor-widget-wrap elementor-element-populated\">\n\t\t\t\t\t\t<div class=\"elementor-element elementor-element-ef479e5 elementor-mobile-align-justify elementor-widget__width-auto elementor-widget-mobile__width-inherit elementor-widget elementor-widget-button\" data-id=\"ef479e5\" data-element_type=\"widget\" data-widget_type=\"button.default\">\n\t\t\t\t<div class=\"elementor-widget-container\">\n\t\t\t\t\t\t\t\t\t<div class=\"elementor-button-wrapper\">\n\t\t\t\t\t<a class=\"elementor-button elementor-button-link elementor-size-sm\" href=\"https:\/\/ibactech.ca\/fr\/ai-education-sessions\/\">\n\t\t\t\t\t\t<span class=\"elementor-button-content-wrapper\">\n\t\t\t\t\t\t\t\t\t<span class=\"elementor-button-text\">Sessions \u00e9ducatives sur l\u2019IA  <\/span>\n\t\t\t\t\t<\/span>\n\t\t\t\t\t<\/a>\n\t\t\t\t<\/div>\n\t\t\t\t\t\t\t\t<\/div>\n\t\t\t\t<\/div>\n\t\t\t\t<div class=\"elementor-element elementor-element-da294bc elementor-mobile-align-justify elementor-widget__width-auto elementor-widget-mobile__width-inherit elementor-widget elementor-widget-button\" data-id=\"da294bc\" data-element_type=\"widget\" data-widget_type=\"button.default\">\n\t\t\t\t<div class=\"elementor-widget-container\">\n\t\t\t\t\t\t\t\t\t<div class=\"elementor-button-wrapper\">\n\t\t\t\t\t<a class=\"elementor-button elementor-button-link elementor-size-sm\" href=\"https:\/\/ibactech.ca\/fr\/ai-poc-use-cases\/\">\n\t\t\t\t\t\t<span class=\"elementor-button-content-wrapper\">\n\t\t\t\t\t\t\t\t\t<span class=\"elementor-button-text\">Cas d\u2019utilisation de preuve de concept en IA  <\/span>\n\t\t\t\t\t<\/span>\n\t\t\t\t\t<\/a>\n\t\t\t\t<\/div>\n\t\t\t\t\t\t\t\t<\/div>\n\t\t\t\t<\/div>\n\t\t\t\t<div class=\"elementor-element elementor-element-411740a elementor-mobile-align-justify elementor-widget__width-auto elementor-widget-mobile__width-inherit elementor-widget elementor-widget-button\" data-id=\"411740a\" data-element_type=\"widget\" data-widget_type=\"button.default\">\n\t\t\t\t<div class=\"elementor-widget-container\">\n\t\t\t\t\t\t\t\t\t<div class=\"elementor-button-wrapper\">\n\t\t\t\t\t<a class=\"elementor-button elementor-button-link elementor-size-sm\" href=\"https:\/\/ibactech.ca\/fr\/directives-en-matiere-de-gouvernance-de-lia\/\">\n\t\t\t\t\t\t<span class=\"elementor-button-content-wrapper\">\n\t\t\t\t\t\t\t\t\t<span class=\"elementor-button-text\">Guide de gouvernance en IA <\/span>\n\t\t\t\t\t<\/span>\n\t\t\t\t\t<\/a>\n\t\t\t\t<\/div>\n\t\t\t\t\t\t\t\t<\/div>\n\t\t\t\t<\/div>\n\t\t\t\t\t<\/div>\n\t\t<\/div>\n\t\t\t\t\t<\/div>\n\t\t<\/section>\n\t\t\t\t<section class=\"elementor-section elementor-top-section elementor-element elementor-element-fb4f513 elementor-section-boxed elementor-section-height-default elementor-section-height-default\" data-id=\"fb4f513\" data-element_type=\"section\">\n\t\t\t\t\t\t<div class=\"elementor-container elementor-column-gap-default\">\n\t\t\t\t\t<div class=\"elementor-column elementor-col-100 elementor-top-column elementor-element elementor-element-9ebae0b\" data-id=\"9ebae0b\" data-element_type=\"column\">\n\t\t\t<div class=\"elementor-widget-wrap elementor-element-populated\">\n\t\t\t\t\t\t<div class=\"elementor-element elementor-element-81016e5 elementor-widget elementor-widget-heading\" data-id=\"81016e5\" data-element_type=\"widget\" data-widget_type=\"heading.default\">\n\t\t\t\t<div class=\"elementor-widget-container\">\n\t\t\t\t\t<h2 class=\"elementor-heading-title elementor-size-default\">Our Sponsors<\/h2>\t\t\t\t<\/div>\n\t\t\t\t<\/div>\n\t\t\t\t<section class=\"elementor-section elementor-inner-section elementor-element elementor-element-6997b95 animated-slow elementor-section-boxed elementor-section-height-default elementor-section-height-default elementor-invisible\" data-id=\"6997b95\" data-element_type=\"section\" data-settings=\"{&quot;animation&quot;:&quot;fadeIn&quot;}\">\n\t\t\t\t\t\t<div class=\"elementor-container elementor-column-gap-default\">\n\t\t\t\t\t<div class=\"elementor-column elementor-col-100 elementor-inner-column elementor-element elementor-element-e88ad1f sponsors_a1\" data-id=\"e88ad1f\" data-element_type=\"column\">\n\t\t\t<div class=\"elementor-widget-wrap elementor-element-populated\">\n\t\t\t\t\t\t<div class=\"elementor-element elementor-element-0e53af3 elementor-widget__width-auto elementor-widget-mobile__width-inherit elementor-widget elementor-widget-image\" data-id=\"0e53af3\" data-element_type=\"widget\" data-widget_type=\"image.default\">\n\t\t\t\t<div class=\"elementor-widget-container\">\n\t\t\t\t\t\t\t\t\t\t\t\t\t\t\t<img decoding=\"async\" width=\"300\" height=\"60\" src=\"https:\/\/ibactech.ca\/wp-content\/uploads\/2025\/11\/8-\u2192-Figure-\u2192-TechWebsiteGraphics_1.png\" class=\"attachment-large size-large wp-image-7359\" alt=\"\" \/>\t\t\t\t\t\t\t\t\t\t\t\t\t\t\t<\/div>\n\t\t\t\t<\/div>\n\t\t\t\t<div class=\"elementor-element elementor-element-c269661 elementor-widget__width-auto elementor-widget-tablet__width-auto elementor-widget-mobile__width-inherit elementor-widget elementor-widget-image\" data-id=\"c269661\" data-element_type=\"widget\" data-widget_type=\"image.default\">\n\t\t\t\t<div class=\"elementor-widget-container\">\n\t\t\t\t\t\t\t\t\t\t\t\t\t\t\t<img decoding=\"async\" width=\"300\" height=\"60\" src=\"https:\/\/ibactech.ca\/wp-content\/uploads\/2025\/03\/TechWebsiteGraphics_4.png\" class=\"attachment-large size-large wp-image-6650\" alt=\"\" \/>\t\t\t\t\t\t\t\t\t\t\t\t\t\t\t<\/div>\n\t\t\t\t<\/div>\n\t\t\t\t<div class=\"elementor-element elementor-element-00d9bb0 elementor-widget__width-auto elementor-widget-mobile__width-inherit elementor-widget elementor-widget-image\" data-id=\"00d9bb0\" data-element_type=\"widget\" data-widget_type=\"image.default\">\n\t\t\t\t<div class=\"elementor-widget-container\">\n\t\t\t\t\t\t\t\t\t\t\t\t\t\t\t<img decoding=\"async\" width=\"300\" height=\"60\" src=\"https:\/\/ibactech.ca\/wp-content\/uploads\/2025\/03\/TechWebsiteGraphics_8.jpg\" class=\"attachment-large size-large wp-image-6654\" alt=\"\" \/>\t\t\t\t\t\t\t\t\t\t\t\t\t\t\t<\/div>\n\t\t\t\t<\/div>\n\t\t\t\t\t<\/div>\n\t\t<\/div>\n\t\t\t\t\t<\/div>\n\t\t<\/section>\n\t\t\t\t\t<\/div>\n\t\t<\/div>\n\t\t\t\t\t<\/div>\n\t\t<\/section>\n\t\t\t\t<\/div>\n\t\t","protected":false},"excerpt":{"rendered":"<p>La technologie \u00e9volue rapidement \u2014 et l\u2019ACAC veut que les courtiers soient aux commandes. Habiliter les courtiers gr\u00e2ce \u00e0 l\u2019\u00e9ducation sur l\u2019IA C\u2019est pourquoi nous avons cr\u00e9\u00e9 le Groupe de travail sur l\u2019IA de l\u2019ACAC : pour aider les courtiers d\u2019assurances canadiens \u00e0 mieux comprendre et \u00e0 utiliser l\u2019intelligence artificielle d\u2019une mani\u00e8re qui a du [&hellip;]<\/p>\n","protected":false},"author":2,"featured_media":0,"parent":0,"menu_order":0,"comment_status":"closed","ping_status":"closed","template":"elementor_header_footer","meta":{"_acf_changed":false,"inline_featured_image":false,"footnotes":""},"class_list":["post-7416","page","type-page","status-publish","hentry","bg-purple"],"acf":[],"yoast_head":"<!-- This site is optimized with the Yoast SEO plugin v26.8 - https:\/\/yoast.com\/product\/yoast-seo-wordpress\/ -->\n<title>AI Project - IBAC - Tech<\/title>\n<meta name=\"robots\" content=\"index, follow, max-snippet:-1, max-image-preview:large, max-video-preview:-1\" \/>\n<link rel=\"canonical\" href=\"https:\/\/ibactech.ca\/fr\/ai-project\/\" \/>\n<meta property=\"og:locale\" content=\"fr_FR\" \/>\n<meta property=\"og:type\" content=\"article\" \/>\n<meta property=\"og:title\" content=\"AI Project - IBAC - Tech\" \/>\n<meta property=\"og:description\" content=\"La technologie \u00e9volue rapidement \u2014 et l\u2019ACAC veut que les courtiers soient aux commandes. Habiliter les courtiers gr\u00e2ce \u00e0 l\u2019\u00e9ducation sur l\u2019IA C\u2019est pourquoi nous avons cr\u00e9\u00e9 le Groupe de travail sur l\u2019IA de l\u2019ACAC : pour aider les courtiers d\u2019assurances canadiens \u00e0 mieux comprendre et \u00e0 utiliser l\u2019intelligence artificielle d\u2019une mani\u00e8re qui a du [&hellip;]\" \/>\n<meta property=\"og:url\" content=\"https:\/\/ibactech.ca\/fr\/ai-project\/\" \/>\n<meta property=\"og:site_name\" content=\"IBAC - Tech\" \/>\n<meta property=\"article:modified_time\" content=\"2025-11-21T19:30:13+00:00\" \/>\n<meta property=\"og:image\" content=\"https:\/\/ibactech.ca\/wp-content\/uploads\/2025\/03\/TechWebsiteGraphics_4.png\" \/>\n<meta name=\"twitter:card\" content=\"summary_large_image\" \/>\n<meta name=\"twitter:label1\" content=\"Dur\u00e9e de lecture estim\u00e9e\" \/>\n\t<meta name=\"twitter:data1\" content=\"2 minutes\" \/>\n<script type=\"application\/ld+json\" class=\"yoast-schema-graph\">{\"@context\":\"https:\/\/schema.org\",\"@graph\":[{\"@type\":\"WebPage\",\"@id\":\"https:\/\/ibactech.ca\/fr\/ai-project\/\",\"url\":\"https:\/\/ibactech.ca\/fr\/ai-project\/\",\"name\":\"AI Project - IBAC - Tech\",\"isPartOf\":{\"@id\":\"https:\/\/ibactech.ca\/#website\"},\"primaryImageOfPage\":{\"@id\":\"https:\/\/ibactech.ca\/fr\/ai-project\/#primaryimage\"},\"image\":{\"@id\":\"https:\/\/ibactech.ca\/fr\/ai-project\/#primaryimage\"},\"thumbnailUrl\":\"https:\/\/ibactech.ca\/wp-content\/uploads\/2025\/03\/TechWebsiteGraphics_4.png\",\"datePublished\":\"2025-11-12T15:00:49+00:00\",\"dateModified\":\"2025-11-21T19:30:13+00:00\",\"breadcrumb\":{\"@id\":\"https:\/\/ibactech.ca\/fr\/ai-project\/#breadcrumb\"},\"inLanguage\":\"fr-FR\",\"potentialAction\":[{\"@type\":\"ReadAction\",\"target\":[\"https:\/\/ibactech.ca\/fr\/ai-project\/\"]}]},{\"@type\":\"ImageObject\",\"inLanguage\":\"fr-FR\",\"@id\":\"https:\/\/ibactech.ca\/fr\/ai-project\/#primaryimage\",\"url\":\"https:\/\/ibactech.ca\/wp-content\/uploads\/2025\/03\/TechWebsiteGraphics_4.png\",\"contentUrl\":\"https:\/\/ibactech.ca\/wp-content\/uploads\/2025\/03\/TechWebsiteGraphics_4.png\"},{\"@type\":\"BreadcrumbList\",\"@id\":\"https:\/\/ibactech.ca\/fr\/ai-project\/#breadcrumb\",\"itemListElement\":[{\"@type\":\"ListItem\",\"position\":1,\"name\":\"Accueil\",\"item\":\"https:\/\/ibactech.ca\/\"},{\"@type\":\"ListItem\",\"position\":2,\"name\":\"AI Project\"}]},{\"@type\":\"WebSite\",\"@id\":\"https:\/\/ibactech.ca\/#website\",\"url\":\"https:\/\/ibactech.ca\/\",\"name\":\"IbacTech\",\"description\":\"\",\"publisher\":{\"@id\":\"https:\/\/ibactech.ca\/#organization\"},\"potentialAction\":[{\"@type\":\"SearchAction\",\"target\":{\"@type\":\"EntryPoint\",\"urlTemplate\":\"https:\/\/ibactech.ca\/?s={search_term_string}\"},\"query-input\":{\"@type\":\"PropertyValueSpecification\",\"valueRequired\":true,\"valueName\":\"search_term_string\"}}],\"inLanguage\":\"fr-FR\"},{\"@type\":\"Organization\",\"@id\":\"https:\/\/ibactech.ca\/#organization\",\"name\":\"IBAC - Tech\",\"url\":\"https:\/\/ibactech.ca\/\",\"logo\":{\"@type\":\"ImageObject\",\"inLanguage\":\"fr-FR\",\"@id\":\"https:\/\/ibactech.ca\/#\/schema\/logo\/image\/\",\"url\":\"https:\/\/ibactech.ca\/wp-content\/uploads\/2024\/09\/IBACTech_4C-128.png\",\"contentUrl\":\"https:\/\/ibactech.ca\/wp-content\/uploads\/2024\/09\/IBACTech_4C-128.png\",\"width\":269,\"height\":128,\"caption\":\"IBAC - Tech\"},\"image\":{\"@id\":\"https:\/\/ibactech.ca\/#\/schema\/logo\/image\/\"}}]}<\/script>\n<!-- \/ Yoast SEO plugin. -->","yoast_head_json":{"title":"AI Project - IBAC - Tech","robots":{"index":"index","follow":"follow","max-snippet":"max-snippet:-1","max-image-preview":"max-image-preview:large","max-video-preview":"max-video-preview:-1"},"canonical":"https:\/\/ibactech.ca\/fr\/ai-project\/","og_locale":"fr_FR","og_type":"article","og_title":"AI Project - IBAC - Tech","og_description":"La technologie \u00e9volue rapidement \u2014 et l\u2019ACAC veut que les courtiers soient aux commandes. Habiliter les courtiers gr\u00e2ce \u00e0 l\u2019\u00e9ducation sur l\u2019IA C\u2019est pourquoi nous avons cr\u00e9\u00e9 le Groupe de travail sur l\u2019IA de l\u2019ACAC : pour aider les courtiers d\u2019assurances canadiens \u00e0 mieux comprendre et \u00e0 utiliser l\u2019intelligence artificielle d\u2019une mani\u00e8re qui a du [&hellip;]","og_url":"https:\/\/ibactech.ca\/fr\/ai-project\/","og_site_name":"IBAC - Tech","article_modified_time":"2025-11-21T19:30:13+00:00","og_image":[{"url":"https:\/\/ibactech.ca\/wp-content\/uploads\/2025\/03\/TechWebsiteGraphics_4.png","type":"","width":"","height":""}],"twitter_card":"summary_large_image","twitter_misc":{"Dur\u00e9e de lecture estim\u00e9e":"2 minutes"},"schema":{"@context":"https:\/\/schema.org","@graph":[{"@type":"WebPage","@id":"https:\/\/ibactech.ca\/fr\/ai-project\/","url":"https:\/\/ibactech.ca\/fr\/ai-project\/","name":"AI Project - IBAC - Tech","isPartOf":{"@id":"https:\/\/ibactech.ca\/#website"},"primaryImageOfPage":{"@id":"https:\/\/ibactech.ca\/fr\/ai-project\/#primaryimage"},"image":{"@id":"https:\/\/ibactech.ca\/fr\/ai-project\/#primaryimage"},"thumbnailUrl":"https:\/\/ibactech.ca\/wp-content\/uploads\/2025\/03\/TechWebsiteGraphics_4.png","datePublished":"2025-11-12T15:00:49+00:00","dateModified":"2025-11-21T19:30:13+00:00","breadcrumb":{"@id":"https:\/\/ibactech.ca\/fr\/ai-project\/#breadcrumb"},"inLanguage":"fr-FR","potentialAction":[{"@type":"ReadAction","target":["https:\/\/ibactech.ca\/fr\/ai-project\/"]}]},{"@type":"ImageObject","inLanguage":"fr-FR","@id":"https:\/\/ibactech.ca\/fr\/ai-project\/#primaryimage","url":"https:\/\/ibactech.ca\/wp-content\/uploads\/2025\/03\/TechWebsiteGraphics_4.png","contentUrl":"https:\/\/ibactech.ca\/wp-content\/uploads\/2025\/03\/TechWebsiteGraphics_4.png"},{"@type":"BreadcrumbList","@id":"https:\/\/ibactech.ca\/fr\/ai-project\/#breadcrumb","itemListElement":[{"@type":"ListItem","position":1,"name":"Accueil","item":"https:\/\/ibactech.ca\/"},{"@type":"ListItem","position":2,"name":"AI Project"}]},{"@type":"WebSite","@id":"https:\/\/ibactech.ca\/#website","url":"https:\/\/ibactech.ca\/","name":"IbacTech","description":"","publisher":{"@id":"https:\/\/ibactech.ca\/#organization"},"potentialAction":[{"@type":"SearchAction","target":{"@type":"EntryPoint","urlTemplate":"https:\/\/ibactech.ca\/?s={search_term_string}"},"query-input":{"@type":"PropertyValueSpecification","valueRequired":true,"valueName":"search_term_string"}}],"inLanguage":"fr-FR"},{"@type":"Organization","@id":"https:\/\/ibactech.ca\/#organization","name":"IBAC - Tech","url":"https:\/\/ibactech.ca\/","logo":{"@type":"ImageObject","inLanguage":"fr-FR","@id":"https:\/\/ibactech.ca\/#\/schema\/logo\/image\/","url":"https:\/\/ibactech.ca\/wp-content\/uploads\/2024\/09\/IBACTech_4C-128.png","contentUrl":"https:\/\/ibactech.ca\/wp-content\/uploads\/2024\/09\/IBACTech_4C-128.png","width":269,"height":128,"caption":"IBAC - Tech"},"image":{"@id":"https:\/\/ibactech.ca\/#\/schema\/logo\/image\/"}}]}},"_links":{"self":[{"href":"https:\/\/ibactech.ca\/fr\/wp-json\/wp\/v2\/pages\/7416","targetHints":{"allow":["GET"]}}],"collection":[{"href":"https:\/\/ibactech.ca\/fr\/wp-json\/wp\/v2\/pages"}],"about":[{"href":"https:\/\/ibactech.ca\/fr\/wp-json\/wp\/v2\/types\/page"}],"author":[{"embeddable":true,"href":"https:\/\/ibactech.ca\/fr\/wp-json\/wp\/v2\/users\/2"}],"replies":[{"embeddable":true,"href":"https:\/\/ibactech.ca\/fr\/wp-json\/wp\/v2\/comments?post=7416"}],"version-history":[{"count":0,"href":"https:\/\/ibactech.ca\/fr\/wp-json\/wp\/v2\/pages\/7416\/revisions"}],"wp:attachment":[{"href":"https:\/\/ibactech.ca\/fr\/wp-json\/wp\/v2\/media?parent=7416"}],"curies":[{"name":"wp","href":"https:\/\/api.w.org\/{rel}","templated":true}]}}