{"id":6738,"date":"2024-12-21T07:04:19","date_gmt":"2024-12-21T07:04:19","guid":{"rendered":"https:\/\/ibactech.ca\/stackathon-segments\/site-web-et-hebergement\/"},"modified":"2025-03-24T11:56:07","modified_gmt":"2025-03-24T11:56:07","slug":"site-web-et-hebergement","status":"publish","type":"page","link":"https:\/\/ibactech.ca\/fr\/stackathon-segments\/site-web-et-hebergement\/","title":{"rendered":"Site web et h\u00e9bergement"},"content":{"rendered":"\t\t<div data-elementor-type=\"wp-page\" data-elementor-id=\"6738\" class=\"elementor elementor-6738 elementor-3787\" data-elementor-post-type=\"page\">\n\t\t\t\t\t\t<section class=\"elementor-section elementor-top-section elementor-element elementor-element-bf6309c elementor-section-boxed elementor-section-height-default elementor-section-height-default\" data-id=\"bf6309c\" data-element_type=\"section\">\n\t\t\t\t\t\t<div class=\"elementor-container elementor-column-gap-default\">\n\t\t\t\t\t<div class=\"elementor-column elementor-col-100 elementor-top-column elementor-element elementor-element-c2f64ea\" data-id=\"c2f64ea\" data-element_type=\"column\">\n\t\t\t<div class=\"elementor-widget-wrap elementor-element-populated\">\n\t\t\t\t\t\t<div class=\"elementor-element elementor-element-e2e710b elementor-widget elementor-widget-text-editor\" data-id=\"e2e710b\" data-element_type=\"widget\" data-widget_type=\"text-editor.default\">\n\t\t\t\t<div class=\"elementor-widget-container\">\n\t\t\t\t\t\t\t\t\t<p>Les fournisseurs suivants ont \u00e9t\u00e9 choisis<\/p>\t\t\t\t\t\t\t\t<\/div>\n\t\t\t\t<\/div>\n\t\t\t\t<div class=\"elementor-element elementor-element-edcaac9 elementor-widget elementor-widget-heading\" data-id=\"edcaac9\" data-element_type=\"widget\" data-widget_type=\"heading.default\">\n\t\t\t\t<div class=\"elementor-widget-container\">\n\t\t\t\t\t<h2 class=\"elementor-heading-title elementor-size-default\">par les participants du courtier Stackathon<\/h2>\t\t\t\t<\/div>\n\t\t\t\t<\/div>\n\t\t\t\t<div class=\"elementor-element elementor-element-da76c44 elementor-widget elementor-widget-text-editor\" data-id=\"da76c44\" data-element_type=\"widget\" data-widget_type=\"text-editor.default\">\n\t\t\t\t<div class=\"elementor-widget-container\">\n\t\t\t\t\t\t\t\t\t<p>as their top choice(s) in <strong>Site web et h\u00e9bergement<\/strong><\/p>\t\t\t\t\t\t\t\t<\/div>\n\t\t\t\t<\/div>\n\t\t\t\t\t<\/div>\n\t\t<\/div>\n\t\t\t\t\t<\/div>\n\t\t<\/section>\n\t\t\t\t<section class=\"elementor-section elementor-top-section elementor-element elementor-element-650d3d5 elementor-section-boxed elementor-section-height-default elementor-section-height-default\" data-id=\"650d3d5\" data-element_type=\"section\">\n\t\t\t\t\t\t<div class=\"elementor-container elementor-column-gap-default\">\n\t\t\t\t\t<div class=\"elementor-column elementor-col-100 elementor-top-column elementor-element elementor-element-65ca1f6\" data-id=\"65ca1f6\" data-element_type=\"column\">\n\t\t\t<div class=\"elementor-widget-wrap elementor-element-populated\">\n\t\t\t\t\t\t<section class=\"elementor-section elementor-inner-section elementor-element elementor-element-b9e3e54 elementor-section-boxed elementor-section-height-default elementor-section-height-default\" data-id=\"b9e3e54\" data-element_type=\"section\">\n\t\t\t\t\t\t<div class=\"elementor-container elementor-column-gap-default\">\n\t\t\t\t\t<div class=\"elementor-column elementor-col-33 elementor-inner-column elementor-element elementor-element-b6ebdb1\" data-id=\"b6ebdb1\" data-element_type=\"column\">\n\t\t\t<div class=\"elementor-widget-wrap elementor-element-populated\">\n\t\t\t\t\t\t<div class=\"elementor-element elementor-element-418464a elementor-widget elementor-widget-image\" data-id=\"418464a\" data-element_type=\"widget\" data-widget_type=\"image.default\">\n\t\t\t\t<div class=\"elementor-widget-container\">\n\t\t\t\t\t\t\t\t\t\t\t\t\t\t\t<img decoding=\"async\" width=\"200\" height=\"200\" src=\"https:\/\/ibactech.ca\/wp-content\/uploads\/2024\/11\/Trufla.jpg\" class=\"attachment-full size-full wp-image-4495\" alt=\"\" srcset=\"https:\/\/ibactech.ca\/wp-content\/uploads\/2024\/11\/Trufla.jpg 200w, https:\/\/ibactech.ca\/wp-content\/uploads\/2024\/11\/Trufla-150x150.jpg 150w\" sizes=\"(max-width: 200px) 100vw, 200px\" \/>\t\t\t\t\t\t\t\t\t\t\t\t\t\t\t<\/div>\n\t\t\t\t<\/div>\n\t\t\t\t\t<\/div>\n\t\t<\/div>\n\t\t\t\t<div class=\"elementor-column elementor-col-33 elementor-inner-column elementor-element elementor-element-e75cc67\" data-id=\"e75cc67\" data-element_type=\"column\">\n\t\t\t<div class=\"elementor-widget-wrap elementor-element-populated\">\n\t\t\t\t\t\t<div class=\"elementor-element elementor-element-eb373d7 elementor-widget elementor-widget-heading\" data-id=\"eb373d7\" data-element_type=\"widget\" data-widget_type=\"heading.default\">\n\t\t\t\t<div class=\"elementor-widget-container\">\n\t\t\t\t\t<h2 class=\"elementor-heading-title elementor-size-default\">Trufla truWeb\n<\/h2>\t\t\t\t<\/div>\n\t\t\t\t<\/div>\n\t\t\t\t\t<\/div>\n\t\t<\/div>\n\t\t\t\t<div class=\"elementor-column elementor-col-33 elementor-inner-column elementor-element elementor-element-cdd6f7b\" data-id=\"cdd6f7b\" data-element_type=\"column\">\n\t\t\t<div class=\"elementor-widget-wrap elementor-element-populated\">\n\t\t\t\t\t\t<div class=\"elementor-element elementor-element-59e2a9f elementor-align-center elementor-mobile-align-center elementor-widget elementor-widget-button\" data-id=\"59e2a9f\" data-element_type=\"widget\" data-widget_type=\"button.default\">\n\t\t\t\t<div class=\"elementor-widget-container\">\n\t\t\t\t\t\t\t\t\t<div class=\"elementor-button-wrapper\">\n\t\t\t\t\t<a class=\"elementor-button elementor-button-link elementor-size-sm\" href=\"https:\/\/ibactech.ca\/vendor\/trufla\/\" target=\"_blank\">\n\t\t\t\t\t\t<span class=\"elementor-button-content-wrapper\">\n\t\t\t\t\t\t\t\t\t<span class=\"elementor-button-text\">Plus \u00bb<\/span>\n\t\t\t\t\t<\/span>\n\t\t\t\t\t<\/a>\n\t\t\t\t<\/div>\n\t\t\t\t\t\t\t\t<\/div>\n\t\t\t\t<\/div>\n\t\t\t\t\t<\/div>\n\t\t<\/div>\n\t\t\t\t\t<\/div>\n\t\t<\/section>\n\t\t\t\t\t<\/div>\n\t\t<\/div>\n\t\t\t\t\t<\/div>\n\t\t<\/section>\n\t\t\t\t<section class=\"elementor-section elementor-top-section elementor-element elementor-element-15c805a elementor-section-boxed elementor-section-height-default elementor-section-height-default\" data-id=\"15c805a\" data-element_type=\"section\">\n\t\t\t\t\t\t<div class=\"elementor-container elementor-column-gap-default\">\n\t\t\t\t\t<div class=\"elementor-column elementor-col-50 elementor-top-column elementor-element elementor-element-2e48a7a\" data-id=\"2e48a7a\" data-element_type=\"column\">\n\t\t\t<div class=\"elementor-widget-wrap elementor-element-populated\">\n\t\t\t\t\t\t<section class=\"elementor-section elementor-inner-section elementor-element elementor-element-bc298bc elementor-section-boxed elementor-section-height-default elementor-section-height-default\" data-id=\"bc298bc\" data-element_type=\"section\">\n\t\t\t\t\t\t<div class=\"elementor-container elementor-column-gap-default\">\n\t\t\t\t\t<div class=\"elementor-column elementor-col-50 elementor-inner-column elementor-element elementor-element-b2bcf38\" data-id=\"b2bcf38\" data-element_type=\"column\">\n\t\t\t<div class=\"elementor-widget-wrap elementor-element-populated\">\n\t\t\t\t\t\t<div class=\"elementor-element elementor-element-ee335dc elementor-widget elementor-widget-image\" data-id=\"ee335dc\" data-element_type=\"widget\" data-widget_type=\"image.default\">\n\t\t\t\t<div class=\"elementor-widget-container\">\n\t\t\t\t\t\t\t\t\t\t\t\t\t\t\t<img decoding=\"async\" width=\"150\" height=\"150\" src=\"https:\/\/ibactech.ca\/wp-content\/uploads\/2025\/01\/Wordpress-150x150.jpg\" class=\"attachment-thumbnail size-thumbnail wp-image-4529\" alt=\"\" srcset=\"https:\/\/ibactech.ca\/wp-content\/uploads\/2025\/01\/Wordpress-150x150.jpg 150w, https:\/\/ibactech.ca\/wp-content\/uploads\/2025\/01\/Wordpress.jpg 200w\" sizes=\"(max-width: 150px) 100vw, 150px\" \/>\t\t\t\t\t\t\t\t\t\t\t\t\t\t\t<\/div>\n\t\t\t\t<\/div>\n\t\t\t\t\t<\/div>\n\t\t<\/div>\n\t\t\t\t<div class=\"elementor-column elementor-col-50 elementor-inner-column elementor-element elementor-element-1a53b08\" data-id=\"1a53b08\" data-element_type=\"column\">\n\t\t\t<div class=\"elementor-widget-wrap elementor-element-populated\">\n\t\t\t\t\t\t<div class=\"elementor-element elementor-element-2af7edb elementor-widget elementor-widget-heading\" data-id=\"2af7edb\" data-element_type=\"widget\" data-widget_type=\"heading.default\">\n\t\t\t\t<div class=\"elementor-widget-container\">\n\t\t\t\t\t<h3 class=\"elementor-heading-title elementor-size-default\">WordPress<\/h3>\t\t\t\t<\/div>\n\t\t\t\t<\/div>\n\t\t\t\t\t<\/div>\n\t\t<\/div>\n\t\t\t\t\t<\/div>\n\t\t<\/section>\n\t\t\t\t\t<\/div>\n\t\t<\/div>\n\t\t\t\t<div class=\"elementor-column elementor-col-50 elementor-top-column elementor-element elementor-element-dcb5d8e\" data-id=\"dcb5d8e\" data-element_type=\"column\">\n\t\t\t<div class=\"elementor-widget-wrap elementor-element-populated\">\n\t\t\t\t\t\t<section class=\"elementor-section elementor-inner-section elementor-element elementor-element-fe9fa3c elementor-section-boxed elementor-section-height-default elementor-section-height-default\" data-id=\"fe9fa3c\" data-element_type=\"section\">\n\t\t\t\t\t\t<div class=\"elementor-container elementor-column-gap-default\">\n\t\t\t\t\t<div class=\"elementor-column elementor-col-100 elementor-inner-column elementor-element elementor-element-d77a7e3\" data-id=\"d77a7e3\" data-element_type=\"column\">\n\t\t\t<div class=\"elementor-widget-wrap\">\n\t\t\t\t\t\t\t<\/div>\n\t\t<\/div>\n\t\t\t\t\t<\/div>\n\t\t<\/section>\n\t\t\t\t\t<\/div>\n\t\t<\/div>\n\t\t\t\t\t<\/div>\n\t\t<\/section>\n\t\t\t\t<section class=\"elementor-section elementor-top-section elementor-element elementor-element-47c4ea7 elementor-section-boxed elementor-section-height-default elementor-section-height-default\" data-id=\"47c4ea7\" data-element_type=\"section\">\n\t\t\t\t\t\t<div class=\"elementor-container elementor-column-gap-default\">\n\t\t\t\t\t<div class=\"elementor-column elementor-col-100 elementor-top-column elementor-element elementor-element-a249be0\" data-id=\"a249be0\" data-element_type=\"column\">\n\t\t\t<div class=\"elementor-widget-wrap elementor-element-populated\">\n\t\t\t\t\t\t<div class=\"elementor-element elementor-element-46ff7a3 elementor-widget elementor-widget-text-editor\" data-id=\"46ff7a3\" data-element_type=\"widget\" data-widget_type=\"text-editor.default\">\n\t\t\t\t<div class=\"elementor-widget-container\">\n\t\t\t\t\t\t\t\t\t<h1 style=\"text-align: center;\">H\u00e9bergement et site Web \u2013 Pointage<\/h1><p><br><strong>Personnalisation et souplesse (5 points)<\/strong><br><strong>Description :<\/strong> Capacit\u00e9 de personnaliser le site Web en fonction de l\u2019image de marque distincte du courtier et des besoins sectoriels (pages sur les produits d\u2019assurance, formules de demande de r\u00e8glement, outils de tarification. etc.).<br><strong>\u00c9l\u00e9ments \u00e0 consid\u00e9rer : <\/strong>La plateforme permet-elle de faire rapidement des mises \u00e0 jour? Des grilles ou mod\u00e8les pour le d\u00e9veloppement de la plateforme sont-elles disponibles (ou faut-il partir de z\u00e9ro)? <\/p><p><br><strong>R\u00e9f\u00e9rencement naturel (SEO) et performance (5 points)<\/strong><br><strong>Description:<\/strong> Dans quelle mesure les meilleures pratiques en mati\u00e8re de r\u00e9f\u00e9rencement naturel sont-elles bien int\u00e9gr\u00e9es \u00e0 la plateforme pour le renforcement de la visibilit\u00e9 du courtier en ligne? Consid\u00e9rer la vitesse de chargement des pages, le r\u00e9f\u00e9rencement mobile et les signaux Web essentiels (Core Web Vitals) <br><strong>\u00c9l\u00e9ments \u00e0 consid\u00e9rer :<\/strong> ILe r\u00e9f\u00e9rencement naturel est-il inclus dans l\u2019offre, et dans quelle mesure les outils sont-ils efficaces?<br>Que dire de la convivialit\u00e9 de l\u2019application mobile et de l\u2019optimisation de la vitesse du site Web? <\/p><p><br><strong>S\u00e9curit\u00e9 et conformit\u00e9 (5 points)<\/strong><br><strong>Description:<\/strong> Niveau de s\u00e9curit\u00e9 offert (certificats SSL, chiffrement des donn\u00e9es) et conformit\u00e9 aux r\u00e9glementations sp\u00e9cifiques au secteur de l\u2019assurance, comme les lois sur la protection des renseignements personnels.<br><strong>\u00c9l\u00e9ments \u00e0 consid\u00e9rer :<\/strong>Les services d\u2019h\u00e9bergement comprennent-ils des param\u00e8tres de s\u00e9curit\u00e9 robustes?<br>Dans quelle mesure l\u2019entreprise s\u2019assure-t-elle de respecter les normes du secteur comme le R\u00e8glement g\u00e9n\u00e9ral sur la protection des donn\u00e9es (RGPD) et Loi sur la protection des renseignements personnels et les documents \u00e9lectroniques (LPRPDE)? <\/p><p><br><strong>Exp\u00e9rience utilisateur (UX) et soutien (5 points)<\/strong><br><strong>Description:<\/strong> Facilit\u00e9 d\u2019utilisation pour les visiteurs (clients), y compris les fonctionnalit\u00e9s dorsales pour les courtiers.<br>Qualit\u00e9 et disponibilit\u00e9 du soutien client\u00e8le \u00e9galement. <br><strong>\u00c9l\u00e9ments \u00e0 consid\u00e9rer :<\/strong> La plateforme facilite-t-elle la navigation pour les clients et la gestion pour les courtiers?<br>Dans quelle mesure l\u2019\u00e9quipe de soutien est-elle r\u00e9active et disponible? <\/p><p><br><strong>Tarification et optimisation des ressources (5 points)<\/strong><br><strong>Description:<\/strong> Dans quelle mesure les structures de tarification sont-elles concurrentielles par rapport \u00e0 la valeur fournie sur le plan des fonctionnalit\u00e9s, de l\u2019adaptabilit\u00e9 et de la performance?<br><strong>\u00c9l\u00e9ments \u00e0 consid\u00e9rer :<\/strong> Y a-t-il des frais cach\u00e9s?<br>Le prix comprend-il tout ce dont le courtier a besoin (h\u00e9bergement, soutien, mises \u00e0 jour continues, etc.)? <\/p>\t\t\t\t\t\t\t\t<\/div>\n\t\t\t\t<\/div>\n\t\t\t\t\t<\/div>\n\t\t<\/div>\n\t\t\t\t\t<\/div>\n\t\t<\/section>\n\t\t\t\t<\/div>\n\t\t","protected":false},"excerpt":{"rendered":"<p>Les fournisseurs suivants ont \u00e9t\u00e9 choisis par les participants du courtier Stackathon as their top choice(s) in Site web et h\u00e9bergement Trufla truWeb Plus \u00bb WordPress H\u00e9bergement et site Web \u2013 Pointage Personnalisation et souplesse (5 points)Description : Capacit\u00e9 de personnaliser le site Web en fonction de l\u2019image de marque distincte du courtier et des [&hellip;]<\/p>\n","protected":false},"author":2,"featured_media":0,"parent":3443,"menu_order":0,"comment_status":"closed","ping_status":"closed","template":"elementor_header_footer","meta":{"_acf_changed":false,"inline_featured_image":false,"footnotes":""},"class_list":["post-6738","page","type-page","status-publish","hentry","bg-purple"],"acf":[],"yoast_head":"<!-- This site is optimized with the Yoast SEO plugin v26.8 - https:\/\/yoast.com\/product\/yoast-seo-wordpress\/ -->\n<title>Site web et h\u00e9bergement - IBAC - Tech<\/title>\n<meta name=\"robots\" content=\"index, follow, max-snippet:-1, max-image-preview:large, max-video-preview:-1\" \/>\n<link rel=\"canonical\" href=\"https:\/\/ibactech.ca\/stackathon-segments\/website-hosting\/\" \/>\n<meta property=\"og:locale\" content=\"fr_FR\" \/>\n<meta property=\"og:type\" content=\"article\" \/>\n<meta property=\"og:title\" content=\"Site web et h\u00e9bergement - IBAC - Tech\" \/>\n<meta property=\"og:description\" content=\"Les fournisseurs suivants ont \u00e9t\u00e9 choisis par les participants du courtier Stackathon as their top choice(s) in Site web et h\u00e9bergement Trufla truWeb Plus \u00bb WordPress H\u00e9bergement et site Web \u2013 Pointage Personnalisation et souplesse (5 points)Description : Capacit\u00e9 de personnaliser le site Web en fonction de l\u2019image de marque distincte du courtier et des [&hellip;]\" \/>\n<meta property=\"og:url\" content=\"https:\/\/ibactech.ca\/stackathon-segments\/website-hosting\/\" \/>\n<meta property=\"og:site_name\" content=\"IBAC - Tech\" \/>\n<meta property=\"article:modified_time\" content=\"2025-03-24T11:56:07+00:00\" \/>\n<meta property=\"og:image\" content=\"http:\/\/ibactech.ca\/wp-content\/uploads\/2024\/11\/Trufla.jpg\" \/>\n<meta name=\"twitter:card\" content=\"summary_large_image\" \/>\n<meta name=\"twitter:label1\" content=\"Dur\u00e9e de lecture estim\u00e9e\" \/>\n\t<meta name=\"twitter:data1\" content=\"3 minutes\" \/>\n<script type=\"application\/ld+json\" class=\"yoast-schema-graph\">{\"@context\":\"https:\/\/schema.org\",\"@graph\":[{\"@type\":\"WebPage\",\"@id\":\"https:\/\/ibactech.ca\/stackathon-segments\/website-hosting\/\",\"url\":\"https:\/\/ibactech.ca\/stackathon-segments\/website-hosting\/\",\"name\":\"Site web et h\u00e9bergement - IBAC - Tech\",\"isPartOf\":{\"@id\":\"https:\/\/ibactech.ca\/#website\"},\"primaryImageOfPage\":{\"@id\":\"https:\/\/ibactech.ca\/stackathon-segments\/website-hosting\/#primaryimage\"},\"image\":{\"@id\":\"https:\/\/ibactech.ca\/stackathon-segments\/website-hosting\/#primaryimage\"},\"thumbnailUrl\":\"http:\/\/ibactech.ca\/wp-content\/uploads\/2024\/11\/Trufla.jpg\",\"datePublished\":\"2024-12-21T07:04:19+00:00\",\"dateModified\":\"2025-03-24T11:56:07+00:00\",\"breadcrumb\":{\"@id\":\"https:\/\/ibactech.ca\/stackathon-segments\/website-hosting\/#breadcrumb\"},\"inLanguage\":\"fr-FR\",\"potentialAction\":[{\"@type\":\"ReadAction\",\"target\":[\"https:\/\/ibactech.ca\/stackathon-segments\/website-hosting\/\"]}]},{\"@type\":\"ImageObject\",\"inLanguage\":\"fr-FR\",\"@id\":\"https:\/\/ibactech.ca\/stackathon-segments\/website-hosting\/#primaryimage\",\"url\":\"http:\/\/ibactech.ca\/wp-content\/uploads\/2024\/11\/Trufla.jpg\",\"contentUrl\":\"http:\/\/ibactech.ca\/wp-content\/uploads\/2024\/11\/Trufla.jpg\"},{\"@type\":\"BreadcrumbList\",\"@id\":\"https:\/\/ibactech.ca\/stackathon-segments\/website-hosting\/#breadcrumb\",\"itemListElement\":[{\"@type\":\"ListItem\",\"position\":1,\"name\":\"Accueil\",\"item\":\"https:\/\/ibactech.ca\/\"},{\"@type\":\"ListItem\",\"position\":2,\"name\":\"Segments du Stackathon\",\"item\":\"https:\/\/ibactech.ca\/stackathon-segments\/\"},{\"@type\":\"ListItem\",\"position\":3,\"name\":\"Site web et h\u00e9bergement\"}]},{\"@type\":\"WebSite\",\"@id\":\"https:\/\/ibactech.ca\/#website\",\"url\":\"https:\/\/ibactech.ca\/\",\"name\":\"IbacTech\",\"description\":\"\",\"publisher\":{\"@id\":\"https:\/\/ibactech.ca\/#organization\"},\"potentialAction\":[{\"@type\":\"SearchAction\",\"target\":{\"@type\":\"EntryPoint\",\"urlTemplate\":\"https:\/\/ibactech.ca\/?s={search_term_string}\"},\"query-input\":{\"@type\":\"PropertyValueSpecification\",\"valueRequired\":true,\"valueName\":\"search_term_string\"}}],\"inLanguage\":\"fr-FR\"},{\"@type\":\"Organization\",\"@id\":\"https:\/\/ibactech.ca\/#organization\",\"name\":\"IBAC - Tech\",\"url\":\"https:\/\/ibactech.ca\/\",\"logo\":{\"@type\":\"ImageObject\",\"inLanguage\":\"fr-FR\",\"@id\":\"https:\/\/ibactech.ca\/#\/schema\/logo\/image\/\",\"url\":\"https:\/\/ibactech.ca\/wp-content\/uploads\/2024\/09\/IBACTech_4C-128.png\",\"contentUrl\":\"https:\/\/ibactech.ca\/wp-content\/uploads\/2024\/09\/IBACTech_4C-128.png\",\"width\":269,\"height\":128,\"caption\":\"IBAC - Tech\"},\"image\":{\"@id\":\"https:\/\/ibactech.ca\/#\/schema\/logo\/image\/\"}}]}<\/script>\n<!-- \/ Yoast SEO plugin. -->","yoast_head_json":{"title":"Site web et h\u00e9bergement - IBAC - Tech","robots":{"index":"index","follow":"follow","max-snippet":"max-snippet:-1","max-image-preview":"max-image-preview:large","max-video-preview":"max-video-preview:-1"},"canonical":"https:\/\/ibactech.ca\/stackathon-segments\/website-hosting\/","og_locale":"fr_FR","og_type":"article","og_title":"Site web et h\u00e9bergement - IBAC - Tech","og_description":"Les fournisseurs suivants ont \u00e9t\u00e9 choisis par les participants du courtier Stackathon as their top choice(s) in Site web et h\u00e9bergement Trufla truWeb Plus \u00bb WordPress H\u00e9bergement et site Web \u2013 Pointage Personnalisation et souplesse (5 points)Description : Capacit\u00e9 de personnaliser le site Web en fonction de l\u2019image de marque distincte du courtier et des [&hellip;]","og_url":"https:\/\/ibactech.ca\/stackathon-segments\/website-hosting\/","og_site_name":"IBAC - Tech","article_modified_time":"2025-03-24T11:56:07+00:00","og_image":[{"url":"http:\/\/ibactech.ca\/wp-content\/uploads\/2024\/11\/Trufla.jpg","type":"","width":"","height":""}],"twitter_card":"summary_large_image","twitter_misc":{"Dur\u00e9e de lecture estim\u00e9e":"3 minutes"},"schema":{"@context":"https:\/\/schema.org","@graph":[{"@type":"WebPage","@id":"https:\/\/ibactech.ca\/stackathon-segments\/website-hosting\/","url":"https:\/\/ibactech.ca\/stackathon-segments\/website-hosting\/","name":"Site web et h\u00e9bergement - IBAC - Tech","isPartOf":{"@id":"https:\/\/ibactech.ca\/#website"},"primaryImageOfPage":{"@id":"https:\/\/ibactech.ca\/stackathon-segments\/website-hosting\/#primaryimage"},"image":{"@id":"https:\/\/ibactech.ca\/stackathon-segments\/website-hosting\/#primaryimage"},"thumbnailUrl":"http:\/\/ibactech.ca\/wp-content\/uploads\/2024\/11\/Trufla.jpg","datePublished":"2024-12-21T07:04:19+00:00","dateModified":"2025-03-24T11:56:07+00:00","breadcrumb":{"@id":"https:\/\/ibactech.ca\/stackathon-segments\/website-hosting\/#breadcrumb"},"inLanguage":"fr-FR","potentialAction":[{"@type":"ReadAction","target":["https:\/\/ibactech.ca\/stackathon-segments\/website-hosting\/"]}]},{"@type":"ImageObject","inLanguage":"fr-FR","@id":"https:\/\/ibactech.ca\/stackathon-segments\/website-hosting\/#primaryimage","url":"http:\/\/ibactech.ca\/wp-content\/uploads\/2024\/11\/Trufla.jpg","contentUrl":"http:\/\/ibactech.ca\/wp-content\/uploads\/2024\/11\/Trufla.jpg"},{"@type":"BreadcrumbList","@id":"https:\/\/ibactech.ca\/stackathon-segments\/website-hosting\/#breadcrumb","itemListElement":[{"@type":"ListItem","position":1,"name":"Accueil","item":"https:\/\/ibactech.ca\/"},{"@type":"ListItem","position":2,"name":"Segments du Stackathon","item":"https:\/\/ibactech.ca\/stackathon-segments\/"},{"@type":"ListItem","position":3,"name":"Site web et h\u00e9bergement"}]},{"@type":"WebSite","@id":"https:\/\/ibactech.ca\/#website","url":"https:\/\/ibactech.ca\/","name":"IbacTech","description":"","publisher":{"@id":"https:\/\/ibactech.ca\/#organization"},"potentialAction":[{"@type":"SearchAction","target":{"@type":"EntryPoint","urlTemplate":"https:\/\/ibactech.ca\/?s={search_term_string}"},"query-input":{"@type":"PropertyValueSpecification","valueRequired":true,"valueName":"search_term_string"}}],"inLanguage":"fr-FR"},{"@type":"Organization","@id":"https:\/\/ibactech.ca\/#organization","name":"IBAC - Tech","url":"https:\/\/ibactech.ca\/","logo":{"@type":"ImageObject","inLanguage":"fr-FR","@id":"https:\/\/ibactech.ca\/#\/schema\/logo\/image\/","url":"https:\/\/ibactech.ca\/wp-content\/uploads\/2024\/09\/IBACTech_4C-128.png","contentUrl":"https:\/\/ibactech.ca\/wp-content\/uploads\/2024\/09\/IBACTech_4C-128.png","width":269,"height":128,"caption":"IBAC - Tech"},"image":{"@id":"https:\/\/ibactech.ca\/#\/schema\/logo\/image\/"}}]}},"_links":{"self":[{"href":"https:\/\/ibactech.ca\/fr\/wp-json\/wp\/v2\/pages\/6738","targetHints":{"allow":["GET"]}}],"collection":[{"href":"https:\/\/ibactech.ca\/fr\/wp-json\/wp\/v2\/pages"}],"about":[{"href":"https:\/\/ibactech.ca\/fr\/wp-json\/wp\/v2\/types\/page"}],"author":[{"embeddable":true,"href":"https:\/\/ibactech.ca\/fr\/wp-json\/wp\/v2\/users\/2"}],"replies":[{"embeddable":true,"href":"https:\/\/ibactech.ca\/fr\/wp-json\/wp\/v2\/comments?post=6738"}],"version-history":[{"count":0,"href":"https:\/\/ibactech.ca\/fr\/wp-json\/wp\/v2\/pages\/6738\/revisions"}],"up":[{"embeddable":true,"href":"https:\/\/ibactech.ca\/fr\/wp-json\/wp\/v2\/pages\/3443"}],"wp:attachment":[{"href":"https:\/\/ibactech.ca\/fr\/wp-json\/wp\/v2\/media?parent=6738"}],"curies":[{"name":"wp","href":"https:\/\/api.w.org\/{rel}","templated":true}]}}