{"id":4463,"date":"2025-01-05T17:52:18","date_gmt":"2025-01-05T17:52:18","guid":{"rendered":"https:\/\/ibactech.ca\/stackathon-segments\/telephony\/"},"modified":"2025-03-24T12:30:57","modified_gmt":"2025-03-24T12:30:57","slug":"telephony","status":"publish","type":"page","link":"https:\/\/ibactech.ca\/fr\/stackathon-segments\/telephony\/","title":{"rendered":"T\u00e9l\u00e9phonie"},"content":{"rendered":"\t\t<div data-elementor-type=\"wp-page\" data-elementor-id=\"4463\" class=\"elementor elementor-4463 elementor-4461\" data-elementor-post-type=\"page\">\n\t\t\t\t\t\t<section class=\"elementor-section elementor-top-section elementor-element elementor-element-37060691 elementor-section-boxed elementor-section-height-default elementor-section-height-default\" data-id=\"37060691\" data-element_type=\"section\">\n\t\t\t\t\t\t<div class=\"elementor-container elementor-column-gap-default\">\n\t\t\t\t\t<div class=\"elementor-column elementor-col-100 elementor-top-column elementor-element elementor-element-3699e2b0\" data-id=\"3699e2b0\" data-element_type=\"column\">\n\t\t\t<div class=\"elementor-widget-wrap elementor-element-populated\">\n\t\t\t\t\t\t<div class=\"elementor-element elementor-element-75725306 elementor-widget elementor-widget-text-editor\" data-id=\"75725306\" data-element_type=\"widget\" data-widget_type=\"text-editor.default\">\n\t\t\t\t<div class=\"elementor-widget-container\">\n\t\t\t\t\t\t\t\t\t<p>Les fournisseurs suivants ont \u00e9t\u00e9 choisis<\/p>\t\t\t\t\t\t\t\t<\/div>\n\t\t\t\t<\/div>\n\t\t\t\t<div class=\"elementor-element elementor-element-7c2dfd25 elementor-widget elementor-widget-heading\" data-id=\"7c2dfd25\" data-element_type=\"widget\" data-widget_type=\"heading.default\">\n\t\t\t\t<div class=\"elementor-widget-container\">\n\t\t\t\t\t<h2 class=\"elementor-heading-title elementor-size-default\">Les fournisseurs suivants ont \u00e9t\u00e9 choisis<\/h2>\t\t\t\t<\/div>\n\t\t\t\t<\/div>\n\t\t\t\t<div class=\"elementor-element elementor-element-58555ced elementor-widget elementor-widget-text-editor\" data-id=\"58555ced\" data-element_type=\"widget\" data-widget_type=\"text-editor.default\">\n\t\t\t\t<div class=\"elementor-widget-container\">\n\t\t\t\t\t\t\t\t\t<p>comme leur(s) premier(s) choix(s) dans <strong>T\u00e9l\u00e9phonie<\/strong><\/p>\t\t\t\t\t\t\t\t<\/div>\n\t\t\t\t<\/div>\n\t\t\t\t\t<\/div>\n\t\t<\/div>\n\t\t\t\t\t<\/div>\n\t\t<\/section>\n\t\t\t\t<section class=\"elementor-section elementor-top-section elementor-element elementor-element-20f8eb4c elementor-section-boxed elementor-section-height-default elementor-section-height-default\" data-id=\"20f8eb4c\" data-element_type=\"section\">\n\t\t\t\t\t\t<div class=\"elementor-container elementor-column-gap-default\">\n\t\t\t\t\t<div class=\"elementor-column elementor-col-100 elementor-top-column elementor-element elementor-element-4f643c29\" data-id=\"4f643c29\" data-element_type=\"column\">\n\t\t\t<div class=\"elementor-widget-wrap elementor-element-populated\">\n\t\t\t\t\t\t<section class=\"elementor-section elementor-inner-section elementor-element elementor-element-50501730 elementor-section-boxed elementor-section-height-default elementor-section-height-default\" data-id=\"50501730\" data-element_type=\"section\">\n\t\t\t\t\t\t<div class=\"elementor-container elementor-column-gap-default\">\n\t\t\t\t\t<div class=\"elementor-column elementor-col-33 elementor-inner-column elementor-element elementor-element-444f9510\" data-id=\"444f9510\" data-element_type=\"column\">\n\t\t\t<div class=\"elementor-widget-wrap elementor-element-populated\">\n\t\t\t\t\t\t<div class=\"elementor-element elementor-element-5721f02e elementor-widget elementor-widget-image\" data-id=\"5721f02e\" data-element_type=\"widget\" data-widget_type=\"image.default\">\n\t\t\t\t<div class=\"elementor-widget-container\">\n\t\t\t\t\t\t\t\t\t\t\t\t\t\t\t<img decoding=\"async\" width=\"200\" height=\"200\" src=\"https:\/\/ibactech.ca\/wp-content\/uploads\/2025\/01\/02-1.jpg\" class=\"attachment-full size-full wp-image-5372\" alt=\"\" srcset=\"https:\/\/ibactech.ca\/wp-content\/uploads\/2025\/01\/02-1.jpg 200w, https:\/\/ibactech.ca\/wp-content\/uploads\/2025\/01\/02-1-150x150.jpg 150w\" sizes=\"(max-width: 200px) 100vw, 200px\" \/>\t\t\t\t\t\t\t\t\t\t\t\t\t\t\t<\/div>\n\t\t\t\t<\/div>\n\t\t\t\t\t<\/div>\n\t\t<\/div>\n\t\t\t\t<div class=\"elementor-column elementor-col-33 elementor-inner-column elementor-element elementor-element-3df685cc\" data-id=\"3df685cc\" data-element_type=\"column\">\n\t\t\t<div class=\"elementor-widget-wrap elementor-element-populated\">\n\t\t\t\t\t\t<div class=\"elementor-element elementor-element-d3d56fb elementor-widget elementor-widget-heading\" data-id=\"d3d56fb\" data-element_type=\"widget\" data-widget_type=\"heading.default\">\n\t\t\t\t<div class=\"elementor-widget-container\">\n\t\t\t\t\t<h2 class=\"elementor-heading-title elementor-size-default\">JAS Communications<\/h2>\t\t\t\t<\/div>\n\t\t\t\t<\/div>\n\t\t\t\t\t<\/div>\n\t\t<\/div>\n\t\t\t\t<div class=\"elementor-column elementor-col-33 elementor-inner-column elementor-element elementor-element-33ed915b\" data-id=\"33ed915b\" data-element_type=\"column\">\n\t\t\t<div class=\"elementor-widget-wrap elementor-element-populated\">\n\t\t\t\t\t\t<div class=\"elementor-element elementor-element-2c9c6ab9 elementor-align-center elementor-mobile-align-center elementor-widget elementor-widget-button\" data-id=\"2c9c6ab9\" data-element_type=\"widget\" data-widget_type=\"button.default\">\n\t\t\t\t<div class=\"elementor-widget-container\">\n\t\t\t\t\t\t\t\t\t<div class=\"elementor-button-wrapper\">\n\t\t\t\t\t<a class=\"elementor-button elementor-button-link elementor-size-sm\" href=\"https:\/\/www.jascommunications.ca\/en\" target=\"_blank\">\n\t\t\t\t\t\t<span class=\"elementor-button-content-wrapper\">\n\t\t\t\t\t\t\t\t\t<span class=\"elementor-button-text\">Plus \u00bb<\/span>\n\t\t\t\t\t<\/span>\n\t\t\t\t\t<\/a>\n\t\t\t\t<\/div>\n\t\t\t\t\t\t\t\t<\/div>\n\t\t\t\t<\/div>\n\t\t\t\t\t<\/div>\n\t\t<\/div>\n\t\t\t\t\t<\/div>\n\t\t<\/section>\n\t\t\t\t\t<\/div>\n\t\t<\/div>\n\t\t\t\t\t<\/div>\n\t\t<\/section>\n\t\t\t\t<section class=\"elementor-section elementor-top-section elementor-element elementor-element-59037663 elementor-section-boxed elementor-section-height-default elementor-section-height-default\" data-id=\"59037663\" data-element_type=\"section\">\n\t\t\t\t\t\t<div class=\"elementor-container elementor-column-gap-default\">\n\t\t\t\t\t<div class=\"elementor-column elementor-col-50 elementor-top-column elementor-element elementor-element-6d31bc6b\" data-id=\"6d31bc6b\" data-element_type=\"column\">\n\t\t\t<div class=\"elementor-widget-wrap elementor-element-populated\">\n\t\t\t\t\t\t<section class=\"elementor-section elementor-inner-section elementor-element elementor-element-248ea46b elementor-section-boxed elementor-section-height-default elementor-section-height-default\" data-id=\"248ea46b\" data-element_type=\"section\">\n\t\t\t\t\t\t<div class=\"elementor-container elementor-column-gap-default\">\n\t\t\t\t\t<div class=\"elementor-column elementor-col-50 elementor-inner-column elementor-element elementor-element-62ebcbcc\" data-id=\"62ebcbcc\" data-element_type=\"column\">\n\t\t\t<div class=\"elementor-widget-wrap elementor-element-populated\">\n\t\t\t\t\t\t<div class=\"elementor-element elementor-element-16fcebc1 elementor-widget elementor-widget-image\" data-id=\"16fcebc1\" data-element_type=\"widget\" data-widget_type=\"image.default\">\n\t\t\t\t<div class=\"elementor-widget-container\">\n\t\t\t\t\t\t\t\t\t\t\t\t\t\t\t<img decoding=\"async\" width=\"150\" height=\"150\" src=\"https:\/\/ibactech.ca\/wp-content\/uploads\/2025\/01\/unity-150x150.jpg\" class=\"attachment-thumbnail size-thumbnail wp-image-5380\" alt=\"\" srcset=\"https:\/\/ibactech.ca\/wp-content\/uploads\/2025\/01\/unity-150x150.jpg 150w, https:\/\/ibactech.ca\/wp-content\/uploads\/2025\/01\/unity.jpg 200w\" sizes=\"(max-width: 150px) 100vw, 150px\" \/>\t\t\t\t\t\t\t\t\t\t\t\t\t\t\t<\/div>\n\t\t\t\t<\/div>\n\t\t\t\t\t<\/div>\n\t\t<\/div>\n\t\t\t\t<div class=\"elementor-column elementor-col-50 elementor-inner-column elementor-element elementor-element-4971aae6\" data-id=\"4971aae6\" data-element_type=\"column\">\n\t\t\t<div class=\"elementor-widget-wrap elementor-element-populated\">\n\t\t\t\t\t\t<div class=\"elementor-element elementor-element-4f4dd605 elementor-widget elementor-widget-heading\" data-id=\"4f4dd605\" data-element_type=\"widget\" data-widget_type=\"heading.default\">\n\t\t\t\t<div class=\"elementor-widget-container\">\n\t\t\t\t\t<h3 class=\"elementor-heading-title elementor-size-default\">Unit\u00e9<\/h3>\t\t\t\t<\/div>\n\t\t\t\t<\/div>\n\t\t\t\t<div class=\"elementor-element elementor-element-b51d635 elementor-align-left elementor-mobile-align-center elementor-widget elementor-widget-button\" data-id=\"b51d635\" data-element_type=\"widget\" data-widget_type=\"button.default\">\n\t\t\t\t<div class=\"elementor-widget-container\">\n\t\t\t\t\t\t\t\t\t<div class=\"elementor-button-wrapper\">\n\t\t\t\t\t<a class=\"elementor-button elementor-button-link elementor-size-sm\" href=\"https:\/\/unity.com\" target=\"_blank\">\n\t\t\t\t\t\t<span class=\"elementor-button-content-wrapper\">\n\t\t\t\t\t\t\t\t\t<span class=\"elementor-button-text\">Plus \u00bb<\/span>\n\t\t\t\t\t<\/span>\n\t\t\t\t\t<\/a>\n\t\t\t\t<\/div>\n\t\t\t\t\t\t\t\t<\/div>\n\t\t\t\t<\/div>\n\t\t\t\t\t<\/div>\n\t\t<\/div>\n\t\t\t\t\t<\/div>\n\t\t<\/section>\n\t\t\t\t\t<\/div>\n\t\t<\/div>\n\t\t\t\t<div class=\"elementor-column elementor-col-50 elementor-top-column elementor-element elementor-element-20b127bf\" data-id=\"20b127bf\" data-element_type=\"column\">\n\t\t\t<div class=\"elementor-widget-wrap elementor-element-populated\">\n\t\t\t\t\t\t<section class=\"elementor-section elementor-inner-section elementor-element elementor-element-119f8f3d elementor-section-boxed elementor-section-height-default elementor-section-height-default\" data-id=\"119f8f3d\" data-element_type=\"section\">\n\t\t\t\t\t\t<div class=\"elementor-container elementor-column-gap-default\">\n\t\t\t\t\t<div class=\"elementor-column elementor-col-50 elementor-inner-column elementor-element elementor-element-463368aa\" data-id=\"463368aa\" data-element_type=\"column\">\n\t\t\t<div class=\"elementor-widget-wrap elementor-element-populated\">\n\t\t\t\t\t\t<div class=\"elementor-element elementor-element-74315b96 elementor-widget elementor-widget-image\" data-id=\"74315b96\" data-element_type=\"widget\" data-widget_type=\"image.default\">\n\t\t\t\t<div class=\"elementor-widget-container\">\n\t\t\t\t\t\t\t\t\t\t\t\t\t\t\t<img decoding=\"async\" width=\"150\" height=\"150\" src=\"https:\/\/ibactech.ca\/wp-content\/uploads\/2025\/01\/ringcenteral-150x150.jpg\" class=\"attachment-thumbnail size-thumbnail wp-image-5388\" alt=\"\" srcset=\"https:\/\/ibactech.ca\/wp-content\/uploads\/2025\/01\/ringcenteral-150x150.jpg 150w, https:\/\/ibactech.ca\/wp-content\/uploads\/2025\/01\/ringcenteral.jpg 200w\" sizes=\"(max-width: 150px) 100vw, 150px\" \/>\t\t\t\t\t\t\t\t\t\t\t\t\t\t\t<\/div>\n\t\t\t\t<\/div>\n\t\t\t\t\t<\/div>\n\t\t<\/div>\n\t\t\t\t<div class=\"elementor-column elementor-col-50 elementor-inner-column elementor-element elementor-element-586f752b\" data-id=\"586f752b\" data-element_type=\"column\">\n\t\t\t<div class=\"elementor-widget-wrap elementor-element-populated\">\n\t\t\t\t\t\t<div class=\"elementor-element elementor-element-fbaf65a elementor-widget elementor-widget-heading\" data-id=\"fbaf65a\" data-element_type=\"widget\" data-widget_type=\"heading.default\">\n\t\t\t\t<div class=\"elementor-widget-container\">\n\t\t\t\t\t<h3 class=\"elementor-heading-title elementor-size-default\">Anneau Central<\/h3>\t\t\t\t<\/div>\n\t\t\t\t<\/div>\n\t\t\t\t<div class=\"elementor-element elementor-element-13567559 elementor-align-left elementor-mobile-align-center elementor-widget elementor-widget-button\" data-id=\"13567559\" data-element_type=\"widget\" data-widget_type=\"button.default\">\n\t\t\t\t<div class=\"elementor-widget-container\">\n\t\t\t\t\t\t\t\t\t<div class=\"elementor-button-wrapper\">\n\t\t\t\t\t<a class=\"elementor-button elementor-button-link elementor-size-sm\" href=\"https:\/\/www.ringcentral.com\" target=\"_blank\">\n\t\t\t\t\t\t<span class=\"elementor-button-content-wrapper\">\n\t\t\t\t\t\t\t\t\t<span class=\"elementor-button-text\">Plus \u00bb<\/span>\n\t\t\t\t\t<\/span>\n\t\t\t\t\t<\/a>\n\t\t\t\t<\/div>\n\t\t\t\t\t\t\t\t<\/div>\n\t\t\t\t<\/div>\n\t\t\t\t\t<\/div>\n\t\t<\/div>\n\t\t\t\t\t<\/div>\n\t\t<\/section>\n\t\t\t\t\t<\/div>\n\t\t<\/div>\n\t\t\t\t\t<\/div>\n\t\t<\/section>\n\t\t\t\t<section class=\"elementor-section elementor-top-section elementor-element elementor-element-a4a9e54 elementor-section-boxed elementor-section-height-default elementor-section-height-default\" data-id=\"a4a9e54\" data-element_type=\"section\">\n\t\t\t\t\t\t<div class=\"elementor-container elementor-column-gap-default\">\n\t\t\t\t\t<div class=\"elementor-column elementor-col-100 elementor-top-column elementor-element elementor-element-07e89cd\" data-id=\"07e89cd\" data-element_type=\"column\">\n\t\t\t<div class=\"elementor-widget-wrap elementor-element-populated\">\n\t\t\t\t\t\t<div class=\"elementor-element elementor-element-f4b7176 elementor-widget elementor-widget-text-editor\" data-id=\"f4b7176\" data-element_type=\"widget\" data-widget_type=\"text-editor.default\">\n\t\t\t\t<div class=\"elementor-widget-container\">\n\t\t\t\t\t\t\t\t\t<h1 style=\"text-align: center;\"><strong>Crit\u00e8res de notation des syst\u00e8mes de t\u00e9l\u00e9phonie<\/strong><\/h1><p><strong>Qualit\u00e9 et fiabilit\u00e9 des appels (5 points)<\/strong><br><strong>Description:<\/strong> Clart\u00e9 et fiabilit\u00e9 des appels permettant d\u2019assurer une communication clair.<br><strong>\u00c9l\u00e9ments \u00e0 consid\u00e9rer:<\/strong> Les appels sont-ils toujours clairs avec un nombre minimal d\u2019interruptions de service?<\/p><p><strong>Int\u00e9gration aux syst\u00e8mes de gestion des polices et de la relation client (5 points)<\/strong><br><strong>Description:<\/strong> Capacit\u00e9 d\u2019int\u00e9gration au syst\u00e8me de gestion de la relation client, de gestion. des polices et des autres <strong>outils de l\u2019entreprise<br><\/strong><strong>Considerations:<\/strong> Can the system integrate with CRM and other essential platforms?<\/p><p><strong>Scalability and Flexibility (5 points)<\/strong><br><strong>Description:<\/strong> Ability to scale with business growth and adapt to changing user needs.<br><strong>\u00c9l\u00e9ments \u00e0 consid\u00e9rer:<\/strong> Le syst\u00e8me peut-il accommoder la croissance des activit\u00e9s et un nombre plus important d\u2019utilisateurs et de fonctionnalit\u00e9s?<\/p><p><strong>Fonctionnalit\u00e9s et personnalisation (5 points)<\/strong><br><strong>Description:<\/strong> Disponibilit\u00e9 de certaines fonctionnalit\u00e9s (acheminement des appels, r\u00e9ponse vocale interactive, production de rapports, etc.) et la capacit\u00e9 de les personnaliser.<br><strong>\u00c9l\u00e9ments \u00e0 consid\u00e9rer<\/strong> Le syst\u00e8me offre-t-il des fonctionnalit\u00e9s avanc\u00e9es? Ces fonctionnalit\u00e9s peuvent-elles \u00eatre personnalis\u00e9es?<\/p><p><strong>Co\u00fbts et mod\u00e8les de tarification (5 points)<\/strong><br><strong>Description:<\/strong> Affordabilit\u00e9 et souplesse des mod\u00e8les de tarification offerts par le fournisseur de syst\u00e8me t\u00e9l\u00e9phonique.<br><strong>\u00c9l\u00e9ments \u00e0 consid\u00e9rer:<\/strong> La tarification est-elle souple et en coh\u00e9rence avec le budget du cabinet de courtage?<\/p>\t\t\t\t\t\t\t\t<\/div>\n\t\t\t\t<\/div>\n\t\t\t\t\t<\/div>\n\t\t<\/div>\n\t\t\t\t\t<\/div>\n\t\t<\/section>\n\t\t\t\t<\/div>\n\t\t","protected":false},"excerpt":{"rendered":"<p>Les fournisseurs suivants ont \u00e9t\u00e9 choisis Les fournisseurs suivants ont \u00e9t\u00e9 choisis comme leur(s) premier(s) choix(s) dans T\u00e9l\u00e9phonie JAS Communications Plus \u00bb Unit\u00e9 Plus \u00bb Anneau Central Plus \u00bb Crit\u00e8res de notation des syst\u00e8mes de t\u00e9l\u00e9phonie Qualit\u00e9 et fiabilit\u00e9 des appels (5 points)Description: Clart\u00e9 et fiabilit\u00e9 des appels permettant d\u2019assurer une communication clair.\u00c9l\u00e9ments \u00e0 consid\u00e9rer: [&hellip;]<\/p>\n","protected":false},"author":2,"featured_media":0,"parent":3443,"menu_order":0,"comment_status":"closed","ping_status":"closed","template":"elementor_header_footer","meta":{"_acf_changed":false,"inline_featured_image":false,"footnotes":""},"class_list":["post-4463","page","type-page","status-publish","hentry","bg-purple"],"acf":[],"yoast_head":"<!-- This site is optimized with the Yoast SEO plugin v26.8 - https:\/\/yoast.com\/product\/yoast-seo-wordpress\/ -->\n<title>T\u00e9l\u00e9phonie - IBAC - Tech<\/title>\n<meta name=\"robots\" content=\"index, follow, max-snippet:-1, max-image-preview:large, max-video-preview:-1\" \/>\n<link rel=\"canonical\" href=\"https:\/\/ibactech.ca\/stackathon-segments\/telephony\/\" \/>\n<meta property=\"og:locale\" content=\"fr_FR\" \/>\n<meta property=\"og:type\" content=\"article\" \/>\n<meta property=\"og:title\" content=\"T\u00e9l\u00e9phonie - IBAC - Tech\" \/>\n<meta property=\"og:description\" content=\"Les fournisseurs suivants ont \u00e9t\u00e9 choisis Les fournisseurs suivants ont \u00e9t\u00e9 choisis comme leur(s) premier(s) choix(s) dans T\u00e9l\u00e9phonie JAS Communications Plus \u00bb Unit\u00e9 Plus \u00bb Anneau Central Plus \u00bb Crit\u00e8res de notation des syst\u00e8mes de t\u00e9l\u00e9phonie Qualit\u00e9 et fiabilit\u00e9 des appels (5 points)Description: Clart\u00e9 et fiabilit\u00e9 des appels permettant d\u2019assurer une communication clair.\u00c9l\u00e9ments \u00e0 consid\u00e9rer: [&hellip;]\" \/>\n<meta property=\"og:url\" content=\"https:\/\/ibactech.ca\/stackathon-segments\/telephony\/\" \/>\n<meta property=\"og:site_name\" content=\"IBAC - Tech\" \/>\n<meta property=\"article:modified_time\" content=\"2025-03-24T12:30:57+00:00\" \/>\n<meta property=\"og:image\" content=\"http:\/\/ibactech.ca\/wp-content\/uploads\/2025\/01\/02-1.jpg\" \/>\n<meta name=\"twitter:card\" content=\"summary_large_image\" \/>\n<meta name=\"twitter:label1\" content=\"Dur\u00e9e de lecture estim\u00e9e\" \/>\n\t<meta name=\"twitter:data1\" content=\"2 minutes\" \/>\n<script type=\"application\/ld+json\" class=\"yoast-schema-graph\">{\"@context\":\"https:\/\/schema.org\",\"@graph\":[{\"@type\":\"WebPage\",\"@id\":\"https:\/\/ibactech.ca\/stackathon-segments\/telephony\/\",\"url\":\"https:\/\/ibactech.ca\/stackathon-segments\/telephony\/\",\"name\":\"T\u00e9l\u00e9phonie - IBAC - Tech\",\"isPartOf\":{\"@id\":\"https:\/\/ibactech.ca\/#website\"},\"primaryImageOfPage\":{\"@id\":\"https:\/\/ibactech.ca\/stackathon-segments\/telephony\/#primaryimage\"},\"image\":{\"@id\":\"https:\/\/ibactech.ca\/stackathon-segments\/telephony\/#primaryimage\"},\"thumbnailUrl\":\"http:\/\/ibactech.ca\/wp-content\/uploads\/2025\/01\/02-1.jpg\",\"datePublished\":\"2025-01-05T17:52:18+00:00\",\"dateModified\":\"2025-03-24T12:30:57+00:00\",\"breadcrumb\":{\"@id\":\"https:\/\/ibactech.ca\/stackathon-segments\/telephony\/#breadcrumb\"},\"inLanguage\":\"fr-FR\",\"potentialAction\":[{\"@type\":\"ReadAction\",\"target\":[\"https:\/\/ibactech.ca\/stackathon-segments\/telephony\/\"]}]},{\"@type\":\"ImageObject\",\"inLanguage\":\"fr-FR\",\"@id\":\"https:\/\/ibactech.ca\/stackathon-segments\/telephony\/#primaryimage\",\"url\":\"http:\/\/ibactech.ca\/wp-content\/uploads\/2025\/01\/02-1.jpg\",\"contentUrl\":\"http:\/\/ibactech.ca\/wp-content\/uploads\/2025\/01\/02-1.jpg\"},{\"@type\":\"BreadcrumbList\",\"@id\":\"https:\/\/ibactech.ca\/stackathon-segments\/telephony\/#breadcrumb\",\"itemListElement\":[{\"@type\":\"ListItem\",\"position\":1,\"name\":\"Accueil\",\"item\":\"https:\/\/ibactech.ca\/\"},{\"@type\":\"ListItem\",\"position\":2,\"name\":\"Segments du Stackathon\",\"item\":\"https:\/\/ibactech.ca\/stackathon-segments\/\"},{\"@type\":\"ListItem\",\"position\":3,\"name\":\"T\u00e9l\u00e9phonie\"}]},{\"@type\":\"WebSite\",\"@id\":\"https:\/\/ibactech.ca\/#website\",\"url\":\"https:\/\/ibactech.ca\/\",\"name\":\"IbacTech\",\"description\":\"\",\"publisher\":{\"@id\":\"https:\/\/ibactech.ca\/#organization\"},\"potentialAction\":[{\"@type\":\"SearchAction\",\"target\":{\"@type\":\"EntryPoint\",\"urlTemplate\":\"https:\/\/ibactech.ca\/?s={search_term_string}\"},\"query-input\":{\"@type\":\"PropertyValueSpecification\",\"valueRequired\":true,\"valueName\":\"search_term_string\"}}],\"inLanguage\":\"fr-FR\"},{\"@type\":\"Organization\",\"@id\":\"https:\/\/ibactech.ca\/#organization\",\"name\":\"IBAC - Tech\",\"url\":\"https:\/\/ibactech.ca\/\",\"logo\":{\"@type\":\"ImageObject\",\"inLanguage\":\"fr-FR\",\"@id\":\"https:\/\/ibactech.ca\/#\/schema\/logo\/image\/\",\"url\":\"https:\/\/ibactech.ca\/wp-content\/uploads\/2024\/09\/IBACTech_4C-128.png\",\"contentUrl\":\"https:\/\/ibactech.ca\/wp-content\/uploads\/2024\/09\/IBACTech_4C-128.png\",\"width\":269,\"height\":128,\"caption\":\"IBAC - Tech\"},\"image\":{\"@id\":\"https:\/\/ibactech.ca\/#\/schema\/logo\/image\/\"}}]}<\/script>\n<!-- \/ Yoast SEO plugin. -->","yoast_head_json":{"title":"T\u00e9l\u00e9phonie - IBAC - Tech","robots":{"index":"index","follow":"follow","max-snippet":"max-snippet:-1","max-image-preview":"max-image-preview:large","max-video-preview":"max-video-preview:-1"},"canonical":"https:\/\/ibactech.ca\/stackathon-segments\/telephony\/","og_locale":"fr_FR","og_type":"article","og_title":"T\u00e9l\u00e9phonie - IBAC - Tech","og_description":"Les fournisseurs suivants ont \u00e9t\u00e9 choisis Les fournisseurs suivants ont \u00e9t\u00e9 choisis comme leur(s) premier(s) choix(s) dans T\u00e9l\u00e9phonie JAS Communications Plus \u00bb Unit\u00e9 Plus \u00bb Anneau Central Plus \u00bb Crit\u00e8res de notation des syst\u00e8mes de t\u00e9l\u00e9phonie Qualit\u00e9 et fiabilit\u00e9 des appels (5 points)Description: Clart\u00e9 et fiabilit\u00e9 des appels permettant d\u2019assurer une communication clair.\u00c9l\u00e9ments \u00e0 consid\u00e9rer: [&hellip;]","og_url":"https:\/\/ibactech.ca\/stackathon-segments\/telephony\/","og_site_name":"IBAC - Tech","article_modified_time":"2025-03-24T12:30:57+00:00","og_image":[{"url":"http:\/\/ibactech.ca\/wp-content\/uploads\/2025\/01\/02-1.jpg","type":"","width":"","height":""}],"twitter_card":"summary_large_image","twitter_misc":{"Dur\u00e9e de lecture estim\u00e9e":"2 minutes"},"schema":{"@context":"https:\/\/schema.org","@graph":[{"@type":"WebPage","@id":"https:\/\/ibactech.ca\/stackathon-segments\/telephony\/","url":"https:\/\/ibactech.ca\/stackathon-segments\/telephony\/","name":"T\u00e9l\u00e9phonie - IBAC - Tech","isPartOf":{"@id":"https:\/\/ibactech.ca\/#website"},"primaryImageOfPage":{"@id":"https:\/\/ibactech.ca\/stackathon-segments\/telephony\/#primaryimage"},"image":{"@id":"https:\/\/ibactech.ca\/stackathon-segments\/telephony\/#primaryimage"},"thumbnailUrl":"http:\/\/ibactech.ca\/wp-content\/uploads\/2025\/01\/02-1.jpg","datePublished":"2025-01-05T17:52:18+00:00","dateModified":"2025-03-24T12:30:57+00:00","breadcrumb":{"@id":"https:\/\/ibactech.ca\/stackathon-segments\/telephony\/#breadcrumb"},"inLanguage":"fr-FR","potentialAction":[{"@type":"ReadAction","target":["https:\/\/ibactech.ca\/stackathon-segments\/telephony\/"]}]},{"@type":"ImageObject","inLanguage":"fr-FR","@id":"https:\/\/ibactech.ca\/stackathon-segments\/telephony\/#primaryimage","url":"http:\/\/ibactech.ca\/wp-content\/uploads\/2025\/01\/02-1.jpg","contentUrl":"http:\/\/ibactech.ca\/wp-content\/uploads\/2025\/01\/02-1.jpg"},{"@type":"BreadcrumbList","@id":"https:\/\/ibactech.ca\/stackathon-segments\/telephony\/#breadcrumb","itemListElement":[{"@type":"ListItem","position":1,"name":"Accueil","item":"https:\/\/ibactech.ca\/"},{"@type":"ListItem","position":2,"name":"Segments du Stackathon","item":"https:\/\/ibactech.ca\/stackathon-segments\/"},{"@type":"ListItem","position":3,"name":"T\u00e9l\u00e9phonie"}]},{"@type":"WebSite","@id":"https:\/\/ibactech.ca\/#website","url":"https:\/\/ibactech.ca\/","name":"IbacTech","description":"","publisher":{"@id":"https:\/\/ibactech.ca\/#organization"},"potentialAction":[{"@type":"SearchAction","target":{"@type":"EntryPoint","urlTemplate":"https:\/\/ibactech.ca\/?s={search_term_string}"},"query-input":{"@type":"PropertyValueSpecification","valueRequired":true,"valueName":"search_term_string"}}],"inLanguage":"fr-FR"},{"@type":"Organization","@id":"https:\/\/ibactech.ca\/#organization","name":"IBAC - Tech","url":"https:\/\/ibactech.ca\/","logo":{"@type":"ImageObject","inLanguage":"fr-FR","@id":"https:\/\/ibactech.ca\/#\/schema\/logo\/image\/","url":"https:\/\/ibactech.ca\/wp-content\/uploads\/2024\/09\/IBACTech_4C-128.png","contentUrl":"https:\/\/ibactech.ca\/wp-content\/uploads\/2024\/09\/IBACTech_4C-128.png","width":269,"height":128,"caption":"IBAC - Tech"},"image":{"@id":"https:\/\/ibactech.ca\/#\/schema\/logo\/image\/"}}]}},"_links":{"self":[{"href":"https:\/\/ibactech.ca\/fr\/wp-json\/wp\/v2\/pages\/4463","targetHints":{"allow":["GET"]}}],"collection":[{"href":"https:\/\/ibactech.ca\/fr\/wp-json\/wp\/v2\/pages"}],"about":[{"href":"https:\/\/ibactech.ca\/fr\/wp-json\/wp\/v2\/types\/page"}],"author":[{"embeddable":true,"href":"https:\/\/ibactech.ca\/fr\/wp-json\/wp\/v2\/users\/2"}],"replies":[{"embeddable":true,"href":"https:\/\/ibactech.ca\/fr\/wp-json\/wp\/v2\/comments?post=4463"}],"version-history":[{"count":0,"href":"https:\/\/ibactech.ca\/fr\/wp-json\/wp\/v2\/pages\/4463\/revisions"}],"up":[{"embeddable":true,"href":"https:\/\/ibactech.ca\/fr\/wp-json\/wp\/v2\/pages\/3443"}],"wp:attachment":[{"href":"https:\/\/ibactech.ca\/fr\/wp-json\/wp\/v2\/media?parent=4463"}],"curies":[{"name":"wp","href":"https:\/\/api.w.org\/{rel}","templated":true}]}}