{"id":4433,"date":"2025-01-05T17:37:17","date_gmt":"2025-01-05T17:37:17","guid":{"rendered":"https:\/\/ibactech.ca\/stackathon-segments\/data-analytics\/"},"modified":"2025-03-24T12:26:02","modified_gmt":"2025-03-24T12:26:02","slug":"data-analytics","status":"publish","type":"page","link":"https:\/\/ibactech.ca\/fr\/stackathon-segments\/data-analytics\/","title":{"rendered":"Analyse des donn\u00e9es"},"content":{"rendered":"\t\t<div data-elementor-type=\"wp-page\" data-elementor-id=\"4433\" class=\"elementor elementor-4433 elementor-4431\" data-elementor-post-type=\"page\">\n\t\t\t\t\t\t<section class=\"elementor-section elementor-top-section elementor-element elementor-element-62b5e039 elementor-section-boxed elementor-section-height-default elementor-section-height-default\" data-id=\"62b5e039\" data-element_type=\"section\">\n\t\t\t\t\t\t<div class=\"elementor-container elementor-column-gap-default\">\n\t\t\t\t\t<div class=\"elementor-column elementor-col-100 elementor-top-column elementor-element elementor-element-6cf46dad\" data-id=\"6cf46dad\" data-element_type=\"column\">\n\t\t\t<div class=\"elementor-widget-wrap elementor-element-populated\">\n\t\t\t\t\t\t<div class=\"elementor-element elementor-element-87c47ff elementor-widget elementor-widget-text-editor\" data-id=\"87c47ff\" data-element_type=\"widget\" data-widget_type=\"text-editor.default\">\n\t\t\t\t<div class=\"elementor-widget-container\">\n\t\t\t\t\t\t\t\t\t<p>Les fournisseurs suivants ont \u00e9t\u00e9 choisis<\/p>\t\t\t\t\t\t\t\t<\/div>\n\t\t\t\t<\/div>\n\t\t\t\t<div class=\"elementor-element elementor-element-1b38fb24 elementor-widget elementor-widget-heading\" data-id=\"1b38fb24\" data-element_type=\"widget\" data-widget_type=\"heading.default\">\n\t\t\t\t<div class=\"elementor-widget-container\">\n\t\t\t\t\t<h2 class=\"elementor-heading-title elementor-size-default\">par les participants du courtier Stackathon<\/h2>\t\t\t\t<\/div>\n\t\t\t\t<\/div>\n\t\t\t\t<div class=\"elementor-element elementor-element-7024f7fc elementor-widget elementor-widget-text-editor\" data-id=\"7024f7fc\" data-element_type=\"widget\" data-widget_type=\"text-editor.default\">\n\t\t\t\t<div class=\"elementor-widget-container\">\n\t\t\t\t\t\t\t\t\t<p>comme leur(s) premier(s) choix(s) dans <strong>Analyse des donn\u00e9es<\/strong><\/p>\t\t\t\t\t\t\t\t<\/div>\n\t\t\t\t<\/div>\n\t\t\t\t\t<\/div>\n\t\t<\/div>\n\t\t\t\t\t<\/div>\n\t\t<\/section>\n\t\t\t\t<section class=\"elementor-section elementor-top-section elementor-element elementor-element-1ef95dba elementor-section-boxed elementor-section-height-default elementor-section-height-default\" data-id=\"1ef95dba\" data-element_type=\"section\">\n\t\t\t\t\t\t<div class=\"elementor-container elementor-column-gap-default\">\n\t\t\t\t\t<div class=\"elementor-column elementor-col-100 elementor-top-column elementor-element elementor-element-3351848e\" data-id=\"3351848e\" data-element_type=\"column\">\n\t\t\t<div class=\"elementor-widget-wrap elementor-element-populated\">\n\t\t\t\t\t\t<section class=\"elementor-section elementor-inner-section elementor-element elementor-element-2dc362aa elementor-section-boxed elementor-section-height-default elementor-section-height-default\" data-id=\"2dc362aa\" data-element_type=\"section\">\n\t\t\t\t\t\t<div class=\"elementor-container elementor-column-gap-default\">\n\t\t\t\t\t<div class=\"elementor-column elementor-col-33 elementor-inner-column elementor-element elementor-element-69b068b3\" data-id=\"69b068b3\" data-element_type=\"column\">\n\t\t\t<div class=\"elementor-widget-wrap elementor-element-populated\">\n\t\t\t\t\t\t<div class=\"elementor-element elementor-element-4b1becfb elementor-widget elementor-widget-image\" data-id=\"4b1becfb\" data-element_type=\"widget\" data-widget_type=\"image.default\">\n\t\t\t\t<div class=\"elementor-widget-container\">\n\t\t\t\t\t\t\t\t\t\t\t\t\t\t\t<img decoding=\"async\" width=\"200\" height=\"200\" src=\"https:\/\/ibactech.ca\/wp-content\/uploads\/2025\/01\/powerbroker.jpg\" class=\"attachment-full size-full wp-image-4810\" alt=\"\" srcset=\"https:\/\/ibactech.ca\/wp-content\/uploads\/2025\/01\/powerbroker.jpg 200w, https:\/\/ibactech.ca\/wp-content\/uploads\/2025\/01\/powerbroker-150x150.jpg 150w\" sizes=\"(max-width: 200px) 100vw, 200px\" \/>\t\t\t\t\t\t\t\t\t\t\t\t\t\t\t<\/div>\n\t\t\t\t<\/div>\n\t\t\t\t\t<\/div>\n\t\t<\/div>\n\t\t\t\t<div class=\"elementor-column elementor-col-33 elementor-inner-column elementor-element elementor-element-4e00700f\" data-id=\"4e00700f\" data-element_type=\"column\">\n\t\t\t<div class=\"elementor-widget-wrap elementor-element-populated\">\n\t\t\t\t\t\t<div class=\"elementor-element elementor-element-b4655ca elementor-widget elementor-widget-heading\" data-id=\"b4655ca\" data-element_type=\"widget\" data-widget_type=\"heading.default\">\n\t\t\t\t<div class=\"elementor-widget-container\">\n\t\t\t\t\t<h2 class=\"elementor-heading-title elementor-size-default\">Power BI<\/h2>\t\t\t\t<\/div>\n\t\t\t\t<\/div>\n\t\t\t\t\t<\/div>\n\t\t<\/div>\n\t\t\t\t<div class=\"elementor-column elementor-col-33 elementor-inner-column elementor-element elementor-element-549b068c\" data-id=\"549b068c\" data-element_type=\"column\">\n\t\t\t<div class=\"elementor-widget-wrap elementor-element-populated\">\n\t\t\t\t\t\t<div class=\"elementor-element elementor-element-7e843b5 elementor-align-center elementor-mobile-align-center elementor-widget elementor-widget-button\" data-id=\"7e843b5\" data-element_type=\"widget\" data-widget_type=\"button.default\">\n\t\t\t\t<div class=\"elementor-widget-container\">\n\t\t\t\t\t\t\t\t\t<div class=\"elementor-button-wrapper\">\n\t\t\t\t\t<a class=\"elementor-button elementor-button-link elementor-size-sm\" href=\"https:\/\/www.powerbroker.ai\" target=\"_blank\">\n\t\t\t\t\t\t<span class=\"elementor-button-content-wrapper\">\n\t\t\t\t\t\t\t\t\t<span class=\"elementor-button-text\">Plus \u00bb<\/span>\n\t\t\t\t\t<\/span>\n\t\t\t\t\t<\/a>\n\t\t\t\t<\/div>\n\t\t\t\t\t\t\t\t<\/div>\n\t\t\t\t<\/div>\n\t\t\t\t\t<\/div>\n\t\t<\/div>\n\t\t\t\t\t<\/div>\n\t\t<\/section>\n\t\t\t\t\t<\/div>\n\t\t<\/div>\n\t\t\t\t\t<\/div>\n\t\t<\/section>\n\t\t\t\t<section class=\"elementor-section elementor-top-section elementor-element elementor-element-13a263b0 elementor-section-boxed elementor-section-height-default elementor-section-height-default\" data-id=\"13a263b0\" data-element_type=\"section\">\n\t\t\t\t\t\t<div class=\"elementor-container elementor-column-gap-default\">\n\t\t\t\t\t<div class=\"elementor-column elementor-col-50 elementor-top-column elementor-element elementor-element-2bfa59fc\" data-id=\"2bfa59fc\" data-element_type=\"column\">\n\t\t\t<div class=\"elementor-widget-wrap elementor-element-populated\">\n\t\t\t\t\t\t<section class=\"elementor-section elementor-inner-section elementor-element elementor-element-1f925149 elementor-section-boxed elementor-section-height-default elementor-section-height-default\" data-id=\"1f925149\" data-element_type=\"section\">\n\t\t\t\t\t\t<div class=\"elementor-container elementor-column-gap-default\">\n\t\t\t\t\t<div class=\"elementor-column elementor-col-50 elementor-inner-column elementor-element elementor-element-4f371a2f\" data-id=\"4f371a2f\" data-element_type=\"column\">\n\t\t\t<div class=\"elementor-widget-wrap elementor-element-populated\">\n\t\t\t\t\t\t<div class=\"elementor-element elementor-element-2bffb08b elementor-widget elementor-widget-image\" data-id=\"2bffb08b\" data-element_type=\"widget\" data-widget_type=\"image.default\">\n\t\t\t\t<div class=\"elementor-widget-container\">\n\t\t\t\t\t\t\t\t\t\t\t\t\t\t\t<img decoding=\"async\" width=\"150\" height=\"150\" src=\"https:\/\/ibactech.ca\/wp-content\/uploads\/2024\/11\/Trufla-150x150.jpg\" class=\"attachment-thumbnail size-thumbnail wp-image-4495\" alt=\"\" srcset=\"https:\/\/ibactech.ca\/wp-content\/uploads\/2024\/11\/Trufla-150x150.jpg 150w, https:\/\/ibactech.ca\/wp-content\/uploads\/2024\/11\/Trufla.jpg 200w\" sizes=\"(max-width: 150px) 100vw, 150px\" \/>\t\t\t\t\t\t\t\t\t\t\t\t\t\t\t<\/div>\n\t\t\t\t<\/div>\n\t\t\t\t\t<\/div>\n\t\t<\/div>\n\t\t\t\t<div class=\"elementor-column elementor-col-50 elementor-inner-column elementor-element elementor-element-cd2acb4\" data-id=\"cd2acb4\" data-element_type=\"column\">\n\t\t\t<div class=\"elementor-widget-wrap elementor-element-populated\">\n\t\t\t\t\t\t<div class=\"elementor-element elementor-element-47ebc1bd elementor-widget elementor-widget-heading\" data-id=\"47ebc1bd\" data-element_type=\"widget\" data-widget_type=\"heading.default\">\n\t\t\t\t<div class=\"elementor-widget-container\">\n\t\t\t\t\t<h3 class=\"elementor-heading-title elementor-size-default\">Trufla<\/h3>\t\t\t\t<\/div>\n\t\t\t\t<\/div>\n\t\t\t\t<div class=\"elementor-element elementor-element-191c0968 elementor-align-left elementor-mobile-align-center elementor-widget elementor-widget-button\" data-id=\"191c0968\" data-element_type=\"widget\" data-widget_type=\"button.default\">\n\t\t\t\t<div class=\"elementor-widget-container\">\n\t\t\t\t\t\t\t\t\t<div class=\"elementor-button-wrapper\">\n\t\t\t\t\t<a class=\"elementor-button elementor-button-link elementor-size-sm\" href=\"https:\/\/www.trufla.com\" target=\"_blank\">\n\t\t\t\t\t\t<span class=\"elementor-button-content-wrapper\">\n\t\t\t\t\t\t\t\t\t<span class=\"elementor-button-text\">Plus \u00bb<\/span>\n\t\t\t\t\t<\/span>\n\t\t\t\t\t<\/a>\n\t\t\t\t<\/div>\n\t\t\t\t\t\t\t\t<\/div>\n\t\t\t\t<\/div>\n\t\t\t\t\t<\/div>\n\t\t<\/div>\n\t\t\t\t\t<\/div>\n\t\t<\/section>\n\t\t\t\t\t<\/div>\n\t\t<\/div>\n\t\t\t\t<div class=\"elementor-column elementor-col-50 elementor-top-column elementor-element elementor-element-3d1900b8\" data-id=\"3d1900b8\" data-element_type=\"column\">\n\t\t\t<div class=\"elementor-widget-wrap elementor-element-populated\">\n\t\t\t\t\t\t<section class=\"elementor-section elementor-inner-section elementor-element elementor-element-6ee4f72d elementor-section-boxed elementor-section-height-default elementor-section-height-default\" data-id=\"6ee4f72d\" data-element_type=\"section\">\n\t\t\t\t\t\t<div class=\"elementor-container elementor-column-gap-default\">\n\t\t\t\t\t<div class=\"elementor-column elementor-col-50 elementor-inner-column elementor-element elementor-element-1f17a8e2\" data-id=\"1f17a8e2\" data-element_type=\"column\">\n\t\t\t<div class=\"elementor-widget-wrap elementor-element-populated\">\n\t\t\t\t\t\t<div class=\"elementor-element elementor-element-39a36699 elementor-widget elementor-widget-image\" data-id=\"39a36699\" data-element_type=\"widget\" data-widget_type=\"image.default\">\n\t\t\t\t<div class=\"elementor-widget-container\">\n\t\t\t\t\t\t\t\t\t\t\t\t\t\t\t<img decoding=\"async\" width=\"150\" height=\"150\" src=\"https:\/\/ibactech.ca\/wp-content\/uploads\/2025\/01\/07-150x150.jpg\" class=\"attachment-thumbnail size-thumbnail wp-image-4778\" alt=\"\" srcset=\"https:\/\/ibactech.ca\/wp-content\/uploads\/2025\/01\/07-150x150.jpg 150w, https:\/\/ibactech.ca\/wp-content\/uploads\/2025\/01\/07.jpg 200w\" sizes=\"(max-width: 150px) 100vw, 150px\" \/>\t\t\t\t\t\t\t\t\t\t\t\t\t\t\t<\/div>\n\t\t\t\t<\/div>\n\t\t\t\t\t<\/div>\n\t\t<\/div>\n\t\t\t\t<div class=\"elementor-column elementor-col-50 elementor-inner-column elementor-element elementor-element-16707436\" data-id=\"16707436\" data-element_type=\"column\">\n\t\t\t<div class=\"elementor-widget-wrap elementor-element-populated\">\n\t\t\t\t\t\t<div class=\"elementor-element elementor-element-3d5d1f15 elementor-widget elementor-widget-heading\" data-id=\"3d5d1f15\" data-element_type=\"widget\" data-widget_type=\"heading.default\">\n\t\t\t\t<div class=\"elementor-widget-container\">\n\t\t\t\t\t<h3 class=\"elementor-heading-title elementor-size-default\">Appliqu\u00e9e<\/h3>\t\t\t\t<\/div>\n\t\t\t\t<\/div>\n\t\t\t\t<div class=\"elementor-element elementor-element-6fdfc46c elementor-align-left elementor-mobile-align-center elementor-widget elementor-widget-button\" data-id=\"6fdfc46c\" data-element_type=\"widget\" data-widget_type=\"button.default\">\n\t\t\t\t<div class=\"elementor-widget-container\">\n\t\t\t\t\t\t\t\t\t<div class=\"elementor-button-wrapper\">\n\t\t\t\t\t<a class=\"elementor-button elementor-button-link elementor-size-sm\" href=\"http:\/\/www.appliedsystems.com\" target=\"_blank\">\n\t\t\t\t\t\t<span class=\"elementor-button-content-wrapper\">\n\t\t\t\t\t\t\t\t\t<span class=\"elementor-button-text\">Plus \u00bb<\/span>\n\t\t\t\t\t<\/span>\n\t\t\t\t\t<\/a>\n\t\t\t\t<\/div>\n\t\t\t\t\t\t\t\t<\/div>\n\t\t\t\t<\/div>\n\t\t\t\t\t<\/div>\n\t\t<\/div>\n\t\t\t\t\t<\/div>\n\t\t<\/section>\n\t\t\t\t\t<\/div>\n\t\t<\/div>\n\t\t\t\t\t<\/div>\n\t\t<\/section>\n\t\t\t\t<section class=\"elementor-section elementor-top-section elementor-element elementor-element-b3db2f3 elementor-section-boxed elementor-section-height-default elementor-section-height-default\" data-id=\"b3db2f3\" data-element_type=\"section\">\n\t\t\t\t\t\t<div class=\"elementor-container elementor-column-gap-default\">\n\t\t\t\t\t<div class=\"elementor-column elementor-col-100 elementor-top-column elementor-element elementor-element-224fe3d\" data-id=\"224fe3d\" data-element_type=\"column\">\n\t\t\t<div class=\"elementor-widget-wrap elementor-element-populated\">\n\t\t\t\t\t\t<div class=\"elementor-element elementor-element-a14840b elementor-widget elementor-widget-text-editor\" data-id=\"a14840b\" data-element_type=\"widget\" data-widget_type=\"text-editor.default\">\n\t\t\t\t<div class=\"elementor-widget-container\">\n\t\t\t\t\t\t\t\t\t<h1 style=\"text-align: center;\">Analyse de donn\u00e9es \u2013 Pointage<\/h1><p><br><strong>Int\u00e9gration des donn\u00e9es (5 points)<\/strong><br><strong>Description:<\/strong> La capacit\u00e9 d\u2019int\u00e9gration avec diverses sources de donn\u00e9es, comme le syst\u00e8me de gestion de la relation client, les syst\u00e8mes d\u2019\u00e9tablissement des polices et les fournisseurs de donn\u00e9es \u00e0 l\u2019externe.<br><strong>\u00c9l\u00e9ments \u00e0 consid\u00e9rer:<\/strong> La plateforme r\u00e9cup\u00e8re-t-elle de fa\u00e7on efficiente les donn\u00e9es en provenance de multiples sources et en effectue-t-elle une consolidation efficace?<\/p><p><br><strong>G\u00e9n\u00e9ration de renseignements et analyses pr\u00e9dictives (5 points)<\/strong><br><strong>Description:<\/strong> La capacit\u00e9 du syst\u00e8me \u00e0 fournir des donn\u00e9es actionnables et des analyses pr\u00e9dictives pour soutenir le processus d\u00e9cisionnel.<br><strong>\u00c9l\u00e9ments \u00e0 consid\u00e9rer :<\/strong> L\u2019outil peut-il fournir des pistes de r\u00e9flexion importantes comme le taux estimatif de r\u00e9siliation, la performance d\u2019un produit ou les tendances d\u2019un portefeuille d\u2019affaires?<\/p><p><br><strong>Personnalisation des rapports et tableaux de bord (5 points)<\/strong><br><strong>Description:<\/strong> Souplesse pour la personnalisation des rapports et des tableaux de bord pour les besoins d\u2019un portefeuille sp\u00e9cifique d\u2019affaires et de produits d\u2019assurance.<br><strong>\u00c9l\u00e9ments \u00e0 consid\u00e9rer:<\/strong> Les utilisateurs peuvent-ils personnaliser des rapports et des tableaux de bord pour certaines offres d\u2019assurance particuli\u00e8res?<\/p><p><br><strong>Donn\u00e9es et mises \u00e0 jour en temps r\u00e9el (5 points)<\/strong><br><strong>Description:<\/strong> La capacit\u00e9 de fournir des analyses en temps r\u00e9el et des renseignements \u00e0 jour pour une prise de d\u00e9cision imm\u00e9diate.<br><strong>\u00c9l\u00e9ments \u00e0 consid\u00e9rer:<\/strong> La plateforme fournit-elle des donn\u00e9es en temps r\u00e9el et des pistes de r\u00e9flexion actionnables?<\/p><p><br><strong>Convivialit\u00e9 (5 points)<\/strong><br><strong>Description:<\/strong> La facilit\u00e9 d\u2019utilisation pour les utilisateurs exp\u00e9riment\u00e9s ou non qui veulent avoir acc\u00e8s aux analyses.<br><strong>\u00c9l\u00e9ments \u00e0 consid\u00e9rer <\/strong>L\u2019utilisation de l\u2019interface est-elle intuitive pour les utilisateurs non exp\u00e9riment\u00e9s?<br>Est-il facile de g\u00e9n\u00e9rer et d\u2019interpr\u00e9ter les rapports? <\/p><p><br><strong>Transparence de la tarification et souplesse (5 points)<\/strong><br><strong>Description:<\/strong> La clart\u00e9, la transparence et la souplesse de la tarification li\u00e9e \u00e0 l\u2019int\u00e9gration des donn\u00e9es de la plateforme, les analyses et les fonctions de production de rapports.<br><strong>\u00c9l\u00e9ments \u00e0 consid\u00e9rer :<\/strong> Les mod\u00e8les de tarification sont-ils clairement d\u00e9finis et faciles \u00e0 comprendre?<br>La plateforme offre-t-elle des options de tarification adaptables qui peuvent accommoder des entreprises ayant des besoins diff\u00e9rents ou de tailles diff\u00e9rentes?<br>Des donn\u00e9es transparentes sur les co\u00fbts sont-elles associ\u00e9es aux fonctionnalit\u00e9s ou aux int\u00e9grations suppl\u00e9mentaires?  <\/p>\t\t\t\t\t\t\t\t<\/div>\n\t\t\t\t<\/div>\n\t\t\t\t\t<\/div>\n\t\t<\/div>\n\t\t\t\t\t<\/div>\n\t\t<\/section>\n\t\t\t\t<\/div>\n\t\t","protected":false},"excerpt":{"rendered":"<p>Les fournisseurs suivants ont \u00e9t\u00e9 choisis par les participants du courtier Stackathon comme leur(s) premier(s) choix(s) dans Analyse des donn\u00e9es Power BI Plus \u00bb Trufla Plus \u00bb Appliqu\u00e9e Plus \u00bb Analyse de donn\u00e9es \u2013 Pointage Int\u00e9gration des donn\u00e9es (5 points)Description: La capacit\u00e9 d\u2019int\u00e9gration avec diverses sources de donn\u00e9es, comme le syst\u00e8me de gestion de la [&hellip;]<\/p>\n","protected":false},"author":2,"featured_media":0,"parent":3443,"menu_order":0,"comment_status":"closed","ping_status":"closed","template":"elementor_header_footer","meta":{"_acf_changed":false,"inline_featured_image":false,"footnotes":""},"class_list":["post-4433","page","type-page","status-publish","hentry","bg-purple"],"acf":[],"yoast_head":"<!-- This site is optimized with the Yoast SEO plugin v26.8 - https:\/\/yoast.com\/product\/yoast-seo-wordpress\/ -->\n<title>Analyse des donn\u00e9es - IBAC - Tech<\/title>\n<meta name=\"robots\" content=\"index, follow, max-snippet:-1, max-image-preview:large, max-video-preview:-1\" \/>\n<link rel=\"canonical\" href=\"https:\/\/ibactech.ca\/stackathon-segments\/data-analytics\/\" \/>\n<meta property=\"og:locale\" content=\"fr_FR\" \/>\n<meta property=\"og:type\" content=\"article\" \/>\n<meta property=\"og:title\" content=\"Analyse des donn\u00e9es - IBAC - Tech\" \/>\n<meta property=\"og:description\" content=\"Les fournisseurs suivants ont \u00e9t\u00e9 choisis par les participants du courtier Stackathon comme leur(s) premier(s) choix(s) dans Analyse des donn\u00e9es Power BI Plus \u00bb Trufla Plus \u00bb Appliqu\u00e9e Plus \u00bb Analyse de donn\u00e9es \u2013 Pointage Int\u00e9gration des donn\u00e9es (5 points)Description: La capacit\u00e9 d\u2019int\u00e9gration avec diverses sources de donn\u00e9es, comme le syst\u00e8me de gestion de la [&hellip;]\" \/>\n<meta property=\"og:url\" content=\"https:\/\/ibactech.ca\/stackathon-segments\/data-analytics\/\" \/>\n<meta property=\"og:site_name\" content=\"IBAC - Tech\" \/>\n<meta property=\"article:modified_time\" content=\"2025-03-24T12:26:02+00:00\" \/>\n<meta property=\"og:image\" content=\"http:\/\/ibactech.ca\/wp-content\/uploads\/2025\/01\/powerbroker.jpg\" \/>\n<meta name=\"twitter:card\" content=\"summary_large_image\" \/>\n<meta name=\"twitter:label1\" content=\"Dur\u00e9e de lecture estim\u00e9e\" \/>\n\t<meta name=\"twitter:data1\" content=\"3 minutes\" \/>\n<script type=\"application\/ld+json\" class=\"yoast-schema-graph\">{\"@context\":\"https:\/\/schema.org\",\"@graph\":[{\"@type\":\"WebPage\",\"@id\":\"https:\/\/ibactech.ca\/stackathon-segments\/data-analytics\/\",\"url\":\"https:\/\/ibactech.ca\/stackathon-segments\/data-analytics\/\",\"name\":\"Analyse des donn\u00e9es - IBAC - Tech\",\"isPartOf\":{\"@id\":\"https:\/\/ibactech.ca\/#website\"},\"primaryImageOfPage\":{\"@id\":\"https:\/\/ibactech.ca\/stackathon-segments\/data-analytics\/#primaryimage\"},\"image\":{\"@id\":\"https:\/\/ibactech.ca\/stackathon-segments\/data-analytics\/#primaryimage\"},\"thumbnailUrl\":\"http:\/\/ibactech.ca\/wp-content\/uploads\/2025\/01\/powerbroker.jpg\",\"datePublished\":\"2025-01-05T17:37:17+00:00\",\"dateModified\":\"2025-03-24T12:26:02+00:00\",\"breadcrumb\":{\"@id\":\"https:\/\/ibactech.ca\/stackathon-segments\/data-analytics\/#breadcrumb\"},\"inLanguage\":\"fr-FR\",\"potentialAction\":[{\"@type\":\"ReadAction\",\"target\":[\"https:\/\/ibactech.ca\/stackathon-segments\/data-analytics\/\"]}]},{\"@type\":\"ImageObject\",\"inLanguage\":\"fr-FR\",\"@id\":\"https:\/\/ibactech.ca\/stackathon-segments\/data-analytics\/#primaryimage\",\"url\":\"http:\/\/ibactech.ca\/wp-content\/uploads\/2025\/01\/powerbroker.jpg\",\"contentUrl\":\"http:\/\/ibactech.ca\/wp-content\/uploads\/2025\/01\/powerbroker.jpg\"},{\"@type\":\"BreadcrumbList\",\"@id\":\"https:\/\/ibactech.ca\/stackathon-segments\/data-analytics\/#breadcrumb\",\"itemListElement\":[{\"@type\":\"ListItem\",\"position\":1,\"name\":\"Accueil\",\"item\":\"https:\/\/ibactech.ca\/\"},{\"@type\":\"ListItem\",\"position\":2,\"name\":\"Segments du Stackathon\",\"item\":\"https:\/\/ibactech.ca\/stackathon-segments\/\"},{\"@type\":\"ListItem\",\"position\":3,\"name\":\"Analyse des donn\u00e9es\"}]},{\"@type\":\"WebSite\",\"@id\":\"https:\/\/ibactech.ca\/#website\",\"url\":\"https:\/\/ibactech.ca\/\",\"name\":\"IbacTech\",\"description\":\"\",\"publisher\":{\"@id\":\"https:\/\/ibactech.ca\/#organization\"},\"potentialAction\":[{\"@type\":\"SearchAction\",\"target\":{\"@type\":\"EntryPoint\",\"urlTemplate\":\"https:\/\/ibactech.ca\/?s={search_term_string}\"},\"query-input\":{\"@type\":\"PropertyValueSpecification\",\"valueRequired\":true,\"valueName\":\"search_term_string\"}}],\"inLanguage\":\"fr-FR\"},{\"@type\":\"Organization\",\"@id\":\"https:\/\/ibactech.ca\/#organization\",\"name\":\"IBAC - Tech\",\"url\":\"https:\/\/ibactech.ca\/\",\"logo\":{\"@type\":\"ImageObject\",\"inLanguage\":\"fr-FR\",\"@id\":\"https:\/\/ibactech.ca\/#\/schema\/logo\/image\/\",\"url\":\"https:\/\/ibactech.ca\/wp-content\/uploads\/2024\/09\/IBACTech_4C-128.png\",\"contentUrl\":\"https:\/\/ibactech.ca\/wp-content\/uploads\/2024\/09\/IBACTech_4C-128.png\",\"width\":269,\"height\":128,\"caption\":\"IBAC - Tech\"},\"image\":{\"@id\":\"https:\/\/ibactech.ca\/#\/schema\/logo\/image\/\"}}]}<\/script>\n<!-- \/ Yoast SEO plugin. -->","yoast_head_json":{"title":"Analyse des donn\u00e9es - IBAC - Tech","robots":{"index":"index","follow":"follow","max-snippet":"max-snippet:-1","max-image-preview":"max-image-preview:large","max-video-preview":"max-video-preview:-1"},"canonical":"https:\/\/ibactech.ca\/stackathon-segments\/data-analytics\/","og_locale":"fr_FR","og_type":"article","og_title":"Analyse des donn\u00e9es - IBAC - Tech","og_description":"Les fournisseurs suivants ont \u00e9t\u00e9 choisis par les participants du courtier Stackathon comme leur(s) premier(s) choix(s) dans Analyse des donn\u00e9es Power BI Plus \u00bb Trufla Plus \u00bb Appliqu\u00e9e Plus \u00bb Analyse de donn\u00e9es \u2013 Pointage Int\u00e9gration des donn\u00e9es (5 points)Description: La capacit\u00e9 d\u2019int\u00e9gration avec diverses sources de donn\u00e9es, comme le syst\u00e8me de gestion de la [&hellip;]","og_url":"https:\/\/ibactech.ca\/stackathon-segments\/data-analytics\/","og_site_name":"IBAC - Tech","article_modified_time":"2025-03-24T12:26:02+00:00","og_image":[{"url":"http:\/\/ibactech.ca\/wp-content\/uploads\/2025\/01\/powerbroker.jpg","type":"","width":"","height":""}],"twitter_card":"summary_large_image","twitter_misc":{"Dur\u00e9e de lecture estim\u00e9e":"3 minutes"},"schema":{"@context":"https:\/\/schema.org","@graph":[{"@type":"WebPage","@id":"https:\/\/ibactech.ca\/stackathon-segments\/data-analytics\/","url":"https:\/\/ibactech.ca\/stackathon-segments\/data-analytics\/","name":"Analyse des donn\u00e9es - IBAC - Tech","isPartOf":{"@id":"https:\/\/ibactech.ca\/#website"},"primaryImageOfPage":{"@id":"https:\/\/ibactech.ca\/stackathon-segments\/data-analytics\/#primaryimage"},"image":{"@id":"https:\/\/ibactech.ca\/stackathon-segments\/data-analytics\/#primaryimage"},"thumbnailUrl":"http:\/\/ibactech.ca\/wp-content\/uploads\/2025\/01\/powerbroker.jpg","datePublished":"2025-01-05T17:37:17+00:00","dateModified":"2025-03-24T12:26:02+00:00","breadcrumb":{"@id":"https:\/\/ibactech.ca\/stackathon-segments\/data-analytics\/#breadcrumb"},"inLanguage":"fr-FR","potentialAction":[{"@type":"ReadAction","target":["https:\/\/ibactech.ca\/stackathon-segments\/data-analytics\/"]}]},{"@type":"ImageObject","inLanguage":"fr-FR","@id":"https:\/\/ibactech.ca\/stackathon-segments\/data-analytics\/#primaryimage","url":"http:\/\/ibactech.ca\/wp-content\/uploads\/2025\/01\/powerbroker.jpg","contentUrl":"http:\/\/ibactech.ca\/wp-content\/uploads\/2025\/01\/powerbroker.jpg"},{"@type":"BreadcrumbList","@id":"https:\/\/ibactech.ca\/stackathon-segments\/data-analytics\/#breadcrumb","itemListElement":[{"@type":"ListItem","position":1,"name":"Accueil","item":"https:\/\/ibactech.ca\/"},{"@type":"ListItem","position":2,"name":"Segments du Stackathon","item":"https:\/\/ibactech.ca\/stackathon-segments\/"},{"@type":"ListItem","position":3,"name":"Analyse des donn\u00e9es"}]},{"@type":"WebSite","@id":"https:\/\/ibactech.ca\/#website","url":"https:\/\/ibactech.ca\/","name":"IbacTech","description":"","publisher":{"@id":"https:\/\/ibactech.ca\/#organization"},"potentialAction":[{"@type":"SearchAction","target":{"@type":"EntryPoint","urlTemplate":"https:\/\/ibactech.ca\/?s={search_term_string}"},"query-input":{"@type":"PropertyValueSpecification","valueRequired":true,"valueName":"search_term_string"}}],"inLanguage":"fr-FR"},{"@type":"Organization","@id":"https:\/\/ibactech.ca\/#organization","name":"IBAC - Tech","url":"https:\/\/ibactech.ca\/","logo":{"@type":"ImageObject","inLanguage":"fr-FR","@id":"https:\/\/ibactech.ca\/#\/schema\/logo\/image\/","url":"https:\/\/ibactech.ca\/wp-content\/uploads\/2024\/09\/IBACTech_4C-128.png","contentUrl":"https:\/\/ibactech.ca\/wp-content\/uploads\/2024\/09\/IBACTech_4C-128.png","width":269,"height":128,"caption":"IBAC - Tech"},"image":{"@id":"https:\/\/ibactech.ca\/#\/schema\/logo\/image\/"}}]}},"_links":{"self":[{"href":"https:\/\/ibactech.ca\/fr\/wp-json\/wp\/v2\/pages\/4433","targetHints":{"allow":["GET"]}}],"collection":[{"href":"https:\/\/ibactech.ca\/fr\/wp-json\/wp\/v2\/pages"}],"about":[{"href":"https:\/\/ibactech.ca\/fr\/wp-json\/wp\/v2\/types\/page"}],"author":[{"embeddable":true,"href":"https:\/\/ibactech.ca\/fr\/wp-json\/wp\/v2\/users\/2"}],"replies":[{"embeddable":true,"href":"https:\/\/ibactech.ca\/fr\/wp-json\/wp\/v2\/comments?post=4433"}],"version-history":[{"count":0,"href":"https:\/\/ibactech.ca\/fr\/wp-json\/wp\/v2\/pages\/4433\/revisions"}],"up":[{"embeddable":true,"href":"https:\/\/ibactech.ca\/fr\/wp-json\/wp\/v2\/pages\/3443"}],"wp:attachment":[{"href":"https:\/\/ibactech.ca\/fr\/wp-json\/wp\/v2\/media?parent=4433"}],"curies":[{"name":"wp","href":"https:\/\/api.w.org\/{rel}","templated":true}]}}