{"id":4429,"date":"2025-01-05T17:07:06","date_gmt":"2025-01-05T17:07:06","guid":{"rendered":"https:\/\/ibactech.ca\/stackathon-segments\/double-entry-rpa\/"},"modified":"2025-03-24T12:24:16","modified_gmt":"2025-03-24T12:24:16","slug":"double-entry-rpa","status":"publish","type":"page","link":"https:\/\/ibactech.ca\/fr\/stackathon-segments\/double-entry-rpa\/","title":{"rendered":"RPA \u00e0 double entr\u00e9e"},"content":{"rendered":"\t\t<div data-elementor-type=\"wp-page\" data-elementor-id=\"4429\" class=\"elementor elementor-4429 elementor-4425\" data-elementor-post-type=\"page\">\n\t\t\t\t\t\t<section class=\"elementor-section elementor-top-section elementor-element elementor-element-70bed923 elementor-section-boxed elementor-section-height-default elementor-section-height-default\" data-id=\"70bed923\" data-element_type=\"section\">\n\t\t\t\t\t\t<div class=\"elementor-container elementor-column-gap-default\">\n\t\t\t\t\t<div class=\"elementor-column elementor-col-100 elementor-top-column elementor-element elementor-element-4a8b53ea\" data-id=\"4a8b53ea\" data-element_type=\"column\">\n\t\t\t<div class=\"elementor-widget-wrap elementor-element-populated\">\n\t\t\t\t\t\t<div class=\"elementor-element elementor-element-2ab3cee3 elementor-widget elementor-widget-text-editor\" data-id=\"2ab3cee3\" data-element_type=\"widget\" data-widget_type=\"text-editor.default\">\n\t\t\t\t<div class=\"elementor-widget-container\">\n\t\t\t\t\t\t\t\t\t<p>Les fournisseurs suivants ont \u00e9t\u00e9 choisis<\/p>\t\t\t\t\t\t\t\t<\/div>\n\t\t\t\t<\/div>\n\t\t\t\t<div class=\"elementor-element elementor-element-62de33bd elementor-widget elementor-widget-heading\" data-id=\"62de33bd\" data-element_type=\"widget\" data-widget_type=\"heading.default\">\n\t\t\t\t<div class=\"elementor-widget-container\">\n\t\t\t\t\t<h2 class=\"elementor-heading-title elementor-size-default\">par les participants du courtier Stackathon<\/h2>\t\t\t\t<\/div>\n\t\t\t\t<\/div>\n\t\t\t\t<div class=\"elementor-element elementor-element-5a655295 elementor-widget elementor-widget-text-editor\" data-id=\"5a655295\" data-element_type=\"widget\" data-widget_type=\"text-editor.default\">\n\t\t\t\t<div class=\"elementor-widget-container\">\n\t\t\t\t\t\t\t\t\t<p>comme leur(s) premier(s) choix(s) dans <strong>RPA \u00e0 double entr\u00e9e<\/strong><\/p>\t\t\t\t\t\t\t\t<\/div>\n\t\t\t\t<\/div>\n\t\t\t\t\t<\/div>\n\t\t<\/div>\n\t\t\t\t\t<\/div>\n\t\t<\/section>\n\t\t\t\t<section class=\"elementor-section elementor-top-section elementor-element elementor-element-7cd69afb elementor-section-boxed elementor-section-height-default elementor-section-height-default\" data-id=\"7cd69afb\" data-element_type=\"section\">\n\t\t\t\t\t\t<div class=\"elementor-container elementor-column-gap-default\">\n\t\t\t\t\t<div class=\"elementor-column elementor-col-100 elementor-top-column elementor-element elementor-element-5f7fa8fc\" data-id=\"5f7fa8fc\" data-element_type=\"column\">\n\t\t\t<div class=\"elementor-widget-wrap elementor-element-populated\">\n\t\t\t\t\t\t<section class=\"elementor-section elementor-inner-section elementor-element elementor-element-170869ae elementor-section-boxed elementor-section-height-default elementor-section-height-default\" data-id=\"170869ae\" data-element_type=\"section\">\n\t\t\t\t\t\t<div class=\"elementor-container elementor-column-gap-default\">\n\t\t\t\t\t<div class=\"elementor-column elementor-col-33 elementor-inner-column elementor-element elementor-element-2513e5d7\" data-id=\"2513e5d7\" data-element_type=\"column\">\n\t\t\t<div class=\"elementor-widget-wrap elementor-element-populated\">\n\t\t\t\t\t\t<div class=\"elementor-element elementor-element-2fb39d8e elementor-widget elementor-widget-image\" data-id=\"2fb39d8e\" data-element_type=\"widget\" data-widget_type=\"image.default\">\n\t\t\t\t<div class=\"elementor-widget-container\">\n\t\t\t\t\t\t\t\t\t\t\t\t\t\t\t<img decoding=\"async\" width=\"200\" height=\"200\" src=\"https:\/\/ibactech.ca\/wp-content\/uploads\/2025\/01\/cemiar.jpg\" class=\"attachment-full size-full wp-image-4919\" alt=\"\" srcset=\"https:\/\/ibactech.ca\/wp-content\/uploads\/2025\/01\/cemiar.jpg 200w, https:\/\/ibactech.ca\/wp-content\/uploads\/2025\/01\/cemiar-150x150.jpg 150w\" sizes=\"(max-width: 200px) 100vw, 200px\" \/>\t\t\t\t\t\t\t\t\t\t\t\t\t\t\t<\/div>\n\t\t\t\t<\/div>\n\t\t\t\t\t<\/div>\n\t\t<\/div>\n\t\t\t\t<div class=\"elementor-column elementor-col-33 elementor-inner-column elementor-element elementor-element-2146b51b\" data-id=\"2146b51b\" data-element_type=\"column\">\n\t\t\t<div class=\"elementor-widget-wrap elementor-element-populated\">\n\t\t\t\t\t\t<div class=\"elementor-element elementor-element-2a9bee04 elementor-widget elementor-widget-heading\" data-id=\"2a9bee04\" data-element_type=\"widget\" data-widget_type=\"heading.default\">\n\t\t\t\t<div class=\"elementor-widget-container\">\n\t\t\t\t\t<h2 class=\"elementor-heading-title elementor-size-default\">Cemiar<\/h2>\t\t\t\t<\/div>\n\t\t\t\t<\/div>\n\t\t\t\t\t<\/div>\n\t\t<\/div>\n\t\t\t\t<div class=\"elementor-column elementor-col-33 elementor-inner-column elementor-element elementor-element-6f41bed0\" data-id=\"6f41bed0\" data-element_type=\"column\">\n\t\t\t<div class=\"elementor-widget-wrap elementor-element-populated\">\n\t\t\t\t\t\t<div class=\"elementor-element elementor-element-7db9b112 elementor-align-center elementor-mobile-align-center elementor-widget elementor-widget-button\" data-id=\"7db9b112\" data-element_type=\"widget\" data-widget_type=\"button.default\">\n\t\t\t\t<div class=\"elementor-widget-container\">\n\t\t\t\t\t\t\t\t\t<div class=\"elementor-button-wrapper\">\n\t\t\t\t\t<a class=\"elementor-button elementor-button-link elementor-size-sm\" href=\"https:\/\/www.cemiar.com\" target=\"_blank\">\n\t\t\t\t\t\t<span class=\"elementor-button-content-wrapper\">\n\t\t\t\t\t\t\t\t\t<span class=\"elementor-button-text\">Plus \u00bb<\/span>\n\t\t\t\t\t<\/span>\n\t\t\t\t\t<\/a>\n\t\t\t\t<\/div>\n\t\t\t\t\t\t\t\t<\/div>\n\t\t\t\t<\/div>\n\t\t\t\t\t<\/div>\n\t\t<\/div>\n\t\t\t\t\t<\/div>\n\t\t<\/section>\n\t\t\t\t\t<\/div>\n\t\t<\/div>\n\t\t\t\t\t<\/div>\n\t\t<\/section>\n\t\t\t\t<section class=\"elementor-section elementor-top-section elementor-element elementor-element-1680ccf2 elementor-section-boxed elementor-section-height-default elementor-section-height-default\" data-id=\"1680ccf2\" data-element_type=\"section\">\n\t\t\t\t\t\t<div class=\"elementor-container elementor-column-gap-default\">\n\t\t\t\t\t<div class=\"elementor-column elementor-col-50 elementor-top-column elementor-element elementor-element-282614c4\" data-id=\"282614c4\" data-element_type=\"column\">\n\t\t\t<div class=\"elementor-widget-wrap elementor-element-populated\">\n\t\t\t\t\t\t<section class=\"elementor-section elementor-inner-section elementor-element elementor-element-7b0ee5e5 elementor-section-boxed elementor-section-height-default elementor-section-height-default\" data-id=\"7b0ee5e5\" data-element_type=\"section\">\n\t\t\t\t\t\t<div class=\"elementor-container elementor-column-gap-default\">\n\t\t\t\t\t<div class=\"elementor-column elementor-col-50 elementor-inner-column elementor-element elementor-element-125355e9\" data-id=\"125355e9\" data-element_type=\"column\">\n\t\t\t<div class=\"elementor-widget-wrap elementor-element-populated\">\n\t\t\t\t\t\t<div class=\"elementor-element elementor-element-6b86f948 elementor-widget elementor-widget-image\" data-id=\"6b86f948\" data-element_type=\"widget\" data-widget_type=\"image.default\">\n\t\t\t\t<div class=\"elementor-widget-container\">\n\t\t\t\t\t\t\t\t\t\t\t\t\t\t\t<img decoding=\"async\" width=\"150\" height=\"150\" src=\"https:\/\/ibactech.ca\/wp-content\/uploads\/2025\/01\/09-150x150.jpg\" class=\"attachment-thumbnail size-thumbnail wp-image-4890\" alt=\"\" srcset=\"https:\/\/ibactech.ca\/wp-content\/uploads\/2025\/01\/09-150x150.jpg 150w, https:\/\/ibactech.ca\/wp-content\/uploads\/2025\/01\/09.jpg 200w\" sizes=\"(max-width: 150px) 100vw, 150px\" \/>\t\t\t\t\t\t\t\t\t\t\t\t\t\t\t<\/div>\n\t\t\t\t<\/div>\n\t\t\t\t\t<\/div>\n\t\t<\/div>\n\t\t\t\t<div class=\"elementor-column elementor-col-50 elementor-inner-column elementor-element elementor-element-23675e2\" data-id=\"23675e2\" data-element_type=\"column\">\n\t\t\t<div class=\"elementor-widget-wrap elementor-element-populated\">\n\t\t\t\t\t\t<div class=\"elementor-element elementor-element-67d56e0b elementor-widget elementor-widget-heading\" data-id=\"67d56e0b\" data-element_type=\"widget\" data-widget_type=\"heading.default\">\n\t\t\t\t<div class=\"elementor-widget-container\">\n\t\t\t\t\t<h3 class=\"elementor-heading-title elementor-size-default\">Quandri<\/h3>\t\t\t\t<\/div>\n\t\t\t\t<\/div>\n\t\t\t\t<div class=\"elementor-element elementor-element-682faef4 elementor-align-left elementor-mobile-align-center elementor-widget elementor-widget-button\" data-id=\"682faef4\" data-element_type=\"widget\" data-widget_type=\"button.default\">\n\t\t\t\t<div class=\"elementor-widget-container\">\n\t\t\t\t\t\t\t\t\t<div class=\"elementor-button-wrapper\">\n\t\t\t\t\t<a class=\"elementor-button elementor-button-link elementor-size-sm\" href=\"http:\/\/www.quandri.io\" target=\"_blank\">\n\t\t\t\t\t\t<span class=\"elementor-button-content-wrapper\">\n\t\t\t\t\t\t\t\t\t<span class=\"elementor-button-text\">Plus \u00bb<\/span>\n\t\t\t\t\t<\/span>\n\t\t\t\t\t<\/a>\n\t\t\t\t<\/div>\n\t\t\t\t\t\t\t\t<\/div>\n\t\t\t\t<\/div>\n\t\t\t\t\t<\/div>\n\t\t<\/div>\n\t\t\t\t\t<\/div>\n\t\t<\/section>\n\t\t\t\t\t<\/div>\n\t\t<\/div>\n\t\t\t\t<div class=\"elementor-column elementor-col-50 elementor-top-column elementor-element elementor-element-13c36c67\" data-id=\"13c36c67\" data-element_type=\"column\">\n\t\t\t<div class=\"elementor-widget-wrap\">\n\t\t\t\t\t\t\t<\/div>\n\t\t<\/div>\n\t\t\t\t\t<\/div>\n\t\t<\/section>\n\t\t\t\t<section class=\"elementor-section elementor-top-section elementor-element elementor-element-1ee88fc elementor-section-boxed elementor-section-height-default elementor-section-height-default\" data-id=\"1ee88fc\" data-element_type=\"section\">\n\t\t\t\t\t\t<div class=\"elementor-container elementor-column-gap-default\">\n\t\t\t\t\t<div class=\"elementor-column elementor-col-100 elementor-top-column elementor-element elementor-element-1f42f3d\" data-id=\"1f42f3d\" data-element_type=\"column\">\n\t\t\t<div class=\"elementor-widget-wrap elementor-element-populated\">\n\t\t\t\t\t\t<div class=\"elementor-element elementor-element-d9df43f elementor-widget elementor-widget-text-editor\" data-id=\"d9df43f\" data-element_type=\"widget\" data-widget_type=\"text-editor.default\">\n\t\t\t\t<div class=\"elementor-widget-container\">\n\t\t\t\t\t\t\t\t\t<h1 style=\"text-align: center;\">Double-saisie \/ Automatisation robotis\u00e9e des processus \u2013 Pointage<\/h1><p><br><strong>Capacit\u00e9 d\u2019automatisation (5 points)<\/strong><br><strong>Description:<\/strong> L\u2019efficacit\u00e9 de l\u2019ARP pour bien automatiser la saisie r\u00e9p\u00e9t\u00e9e des donn\u00e9es et la r\u00e9duction de la charge de travail.<br><strong>\u00c9l\u00e9ments \u00e0 consid\u00e9rer:<\/strong> Le syst\u00e8me permet-il de traiter des sc\u00e9narios complexes fond\u00e9s sur des r\u00e8gles et de multiples plateformes?<br>Le syst\u00e8me permet-il de limiter les interventions manuelles? <\/p><p><br><strong>Int\u00e9gration avec les syst\u00e8mes existants (5 points)<\/strong><br><strong>Description:<\/strong> Capacit\u00e9 \u00e0 int\u00e9grer de fa\u00e7on fluide les donn\u00e9es des syst\u00e8mes de gestion de la relation client, des polices et de la comptabilit\u00e9 et d\u2019assurer un flux de donn\u00e9es sans faille<br><strong>\u00c9l\u00e9ments \u00e0 consid\u00e9rer:<\/strong> Dans quelle mesure les donn\u00e9es du syst\u00e8me s\u2019int\u00e8grent-elles \u00e0 celles des plateformes existantes comme le syst\u00e8me de gestion de courtage, les outils de gestion des soumission et des polices?<\/p><p><br><strong>R\u00e9duction des erreurs et exactitude (5 points)<\/strong><br><strong>Description:<\/strong> L\u2019efficacit\u00e9 de l\u2019ARP pour r\u00e9duire les erreurs humaines li\u00e9es aux t\u00e2ches r\u00e9p\u00e9titives et maintenir des donn\u00e9es exactes.<br><strong>\u00c9l\u00e9ments \u00e0 consid\u00e9rer<\/strong> Le syst\u00e8me \u00e9limine-t-il les erreurs qui sont habituellement associ\u00e9es \u00e0 la saisie manuelle des donn\u00e9es?<\/p><p><br><strong>Adaptabilit\u00e9 et souplesse (5 points)<br><\/strong><strong>Description<\/strong> La capacit\u00e9 du syst\u00e8me \u00e0 s\u2019adapter \u00e0 des charges de travail plus importantes et \u00e0 divers processus de saisie de donn\u00e9es.<br><strong>\u00c9l\u00e9ments \u00e0 consid\u00e9rer<\/strong> L\u2019ARP peut-elle traiter un nombre croissant de donn\u00e9es sans compromettre la performance?<br><br><\/p><p><br><strong>Ease of Setup and Use (5 points)<\/strong><br><strong>Description:<\/strong> Simplicity of the system setup and ease of use for both technical and non-technical users.<br><strong>Considerations:<\/strong> Is the system easy to deploy and manage without needing extensive technical support?<\/p><p><br><strong>Tarification et optimisation des ressources (5 points)<\/strong><br><strong>Description:<\/strong> La rentabilit\u00e9 du syst\u00e8me, compte tenu de ses fonctionnalit\u00e9s, de sa performance et de la valeur apport\u00e9e.<br><strong>\u00c9l\u00e9ments \u00e0 consid\u00e9rer:<\/strong> La facturation est-elle concurrentielle, souple et justifi\u00e9e si l\u2019on tient compte des fonctions et de la performance du syst\u00e8me et du rendement sur l\u2019investissement?<\/p>\t\t\t\t\t\t\t\t<\/div>\n\t\t\t\t<\/div>\n\t\t\t\t\t<\/div>\n\t\t<\/div>\n\t\t\t\t\t<\/div>\n\t\t<\/section>\n\t\t\t\t<\/div>\n\t\t","protected":false},"excerpt":{"rendered":"<p>Les fournisseurs suivants ont \u00e9t\u00e9 choisis par les participants du courtier Stackathon comme leur(s) premier(s) choix(s) dans RPA \u00e0 double entr\u00e9e Cemiar Plus \u00bb Quandri Plus \u00bb Double-saisie \/ Automatisation robotis\u00e9e des processus \u2013 Pointage Capacit\u00e9 d\u2019automatisation (5 points)Description: L\u2019efficacit\u00e9 de l\u2019ARP pour bien automatiser la saisie r\u00e9p\u00e9t\u00e9e des donn\u00e9es et la r\u00e9duction de la [&hellip;]<\/p>\n","protected":false},"author":2,"featured_media":0,"parent":3443,"menu_order":0,"comment_status":"closed","ping_status":"closed","template":"elementor_header_footer","meta":{"_acf_changed":false,"inline_featured_image":false,"footnotes":""},"class_list":["post-4429","page","type-page","status-publish","hentry","bg-purple"],"acf":[],"yoast_head":"<!-- This site is optimized with the Yoast SEO plugin v26.8 - https:\/\/yoast.com\/product\/yoast-seo-wordpress\/ -->\n<title>RPA \u00e0 double entr\u00e9e - IBAC - Tech<\/title>\n<meta name=\"robots\" content=\"index, follow, max-snippet:-1, max-image-preview:large, max-video-preview:-1\" \/>\n<link rel=\"canonical\" href=\"https:\/\/ibactech.ca\/stackathon-segments\/double-entry-rpa\/\" \/>\n<meta property=\"og:locale\" content=\"fr_FR\" \/>\n<meta property=\"og:type\" content=\"article\" \/>\n<meta property=\"og:title\" content=\"RPA \u00e0 double entr\u00e9e - IBAC - Tech\" \/>\n<meta property=\"og:description\" content=\"Les fournisseurs suivants ont \u00e9t\u00e9 choisis par les participants du courtier Stackathon comme leur(s) premier(s) choix(s) dans RPA \u00e0 double entr\u00e9e Cemiar Plus \u00bb Quandri Plus \u00bb Double-saisie \/ Automatisation robotis\u00e9e des processus \u2013 Pointage Capacit\u00e9 d\u2019automatisation (5 points)Description: L\u2019efficacit\u00e9 de l\u2019ARP pour bien automatiser la saisie r\u00e9p\u00e9t\u00e9e des donn\u00e9es et la r\u00e9duction de la [&hellip;]\" \/>\n<meta property=\"og:url\" content=\"https:\/\/ibactech.ca\/stackathon-segments\/double-entry-rpa\/\" \/>\n<meta property=\"og:site_name\" content=\"IBAC - Tech\" \/>\n<meta property=\"article:modified_time\" content=\"2025-03-24T12:24:16+00:00\" \/>\n<meta property=\"og:image\" content=\"http:\/\/ibactech.ca\/wp-content\/uploads\/2025\/01\/cemiar.jpg\" \/>\n<meta name=\"twitter:card\" content=\"summary_large_image\" \/>\n<meta name=\"twitter:label1\" content=\"Dur\u00e9e de lecture estim\u00e9e\" \/>\n\t<meta name=\"twitter:data1\" content=\"3 minutes\" \/>\n<script type=\"application\/ld+json\" class=\"yoast-schema-graph\">{\"@context\":\"https:\/\/schema.org\",\"@graph\":[{\"@type\":\"WebPage\",\"@id\":\"https:\/\/ibactech.ca\/stackathon-segments\/double-entry-rpa\/\",\"url\":\"https:\/\/ibactech.ca\/stackathon-segments\/double-entry-rpa\/\",\"name\":\"RPA \u00e0 double entr\u00e9e - IBAC - Tech\",\"isPartOf\":{\"@id\":\"https:\/\/ibactech.ca\/#website\"},\"primaryImageOfPage\":{\"@id\":\"https:\/\/ibactech.ca\/stackathon-segments\/double-entry-rpa\/#primaryimage\"},\"image\":{\"@id\":\"https:\/\/ibactech.ca\/stackathon-segments\/double-entry-rpa\/#primaryimage\"},\"thumbnailUrl\":\"http:\/\/ibactech.ca\/wp-content\/uploads\/2025\/01\/cemiar.jpg\",\"datePublished\":\"2025-01-05T17:07:06+00:00\",\"dateModified\":\"2025-03-24T12:24:16+00:00\",\"breadcrumb\":{\"@id\":\"https:\/\/ibactech.ca\/stackathon-segments\/double-entry-rpa\/#breadcrumb\"},\"inLanguage\":\"fr-FR\",\"potentialAction\":[{\"@type\":\"ReadAction\",\"target\":[\"https:\/\/ibactech.ca\/stackathon-segments\/double-entry-rpa\/\"]}]},{\"@type\":\"ImageObject\",\"inLanguage\":\"fr-FR\",\"@id\":\"https:\/\/ibactech.ca\/stackathon-segments\/double-entry-rpa\/#primaryimage\",\"url\":\"http:\/\/ibactech.ca\/wp-content\/uploads\/2025\/01\/cemiar.jpg\",\"contentUrl\":\"http:\/\/ibactech.ca\/wp-content\/uploads\/2025\/01\/cemiar.jpg\"},{\"@type\":\"BreadcrumbList\",\"@id\":\"https:\/\/ibactech.ca\/stackathon-segments\/double-entry-rpa\/#breadcrumb\",\"itemListElement\":[{\"@type\":\"ListItem\",\"position\":1,\"name\":\"Accueil\",\"item\":\"https:\/\/ibactech.ca\/\"},{\"@type\":\"ListItem\",\"position\":2,\"name\":\"Segments du Stackathon\",\"item\":\"https:\/\/ibactech.ca\/stackathon-segments\/\"},{\"@type\":\"ListItem\",\"position\":3,\"name\":\"RPA \u00e0 double entr\u00e9e\"}]},{\"@type\":\"WebSite\",\"@id\":\"https:\/\/ibactech.ca\/#website\",\"url\":\"https:\/\/ibactech.ca\/\",\"name\":\"IbacTech\",\"description\":\"\",\"publisher\":{\"@id\":\"https:\/\/ibactech.ca\/#organization\"},\"potentialAction\":[{\"@type\":\"SearchAction\",\"target\":{\"@type\":\"EntryPoint\",\"urlTemplate\":\"https:\/\/ibactech.ca\/?s={search_term_string}\"},\"query-input\":{\"@type\":\"PropertyValueSpecification\",\"valueRequired\":true,\"valueName\":\"search_term_string\"}}],\"inLanguage\":\"fr-FR\"},{\"@type\":\"Organization\",\"@id\":\"https:\/\/ibactech.ca\/#organization\",\"name\":\"IBAC - Tech\",\"url\":\"https:\/\/ibactech.ca\/\",\"logo\":{\"@type\":\"ImageObject\",\"inLanguage\":\"fr-FR\",\"@id\":\"https:\/\/ibactech.ca\/#\/schema\/logo\/image\/\",\"url\":\"https:\/\/ibactech.ca\/wp-content\/uploads\/2024\/09\/IBACTech_4C-128.png\",\"contentUrl\":\"https:\/\/ibactech.ca\/wp-content\/uploads\/2024\/09\/IBACTech_4C-128.png\",\"width\":269,\"height\":128,\"caption\":\"IBAC - Tech\"},\"image\":{\"@id\":\"https:\/\/ibactech.ca\/#\/schema\/logo\/image\/\"}}]}<\/script>\n<!-- \/ Yoast SEO plugin. -->","yoast_head_json":{"title":"RPA \u00e0 double entr\u00e9e - IBAC - Tech","robots":{"index":"index","follow":"follow","max-snippet":"max-snippet:-1","max-image-preview":"max-image-preview:large","max-video-preview":"max-video-preview:-1"},"canonical":"https:\/\/ibactech.ca\/stackathon-segments\/double-entry-rpa\/","og_locale":"fr_FR","og_type":"article","og_title":"RPA \u00e0 double entr\u00e9e - IBAC - Tech","og_description":"Les fournisseurs suivants ont \u00e9t\u00e9 choisis par les participants du courtier Stackathon comme leur(s) premier(s) choix(s) dans RPA \u00e0 double entr\u00e9e Cemiar Plus \u00bb Quandri Plus \u00bb Double-saisie \/ Automatisation robotis\u00e9e des processus \u2013 Pointage Capacit\u00e9 d\u2019automatisation (5 points)Description: L\u2019efficacit\u00e9 de l\u2019ARP pour bien automatiser la saisie r\u00e9p\u00e9t\u00e9e des donn\u00e9es et la r\u00e9duction de la [&hellip;]","og_url":"https:\/\/ibactech.ca\/stackathon-segments\/double-entry-rpa\/","og_site_name":"IBAC - Tech","article_modified_time":"2025-03-24T12:24:16+00:00","og_image":[{"url":"http:\/\/ibactech.ca\/wp-content\/uploads\/2025\/01\/cemiar.jpg","type":"","width":"","height":""}],"twitter_card":"summary_large_image","twitter_misc":{"Dur\u00e9e de lecture estim\u00e9e":"3 minutes"},"schema":{"@context":"https:\/\/schema.org","@graph":[{"@type":"WebPage","@id":"https:\/\/ibactech.ca\/stackathon-segments\/double-entry-rpa\/","url":"https:\/\/ibactech.ca\/stackathon-segments\/double-entry-rpa\/","name":"RPA \u00e0 double entr\u00e9e - IBAC - Tech","isPartOf":{"@id":"https:\/\/ibactech.ca\/#website"},"primaryImageOfPage":{"@id":"https:\/\/ibactech.ca\/stackathon-segments\/double-entry-rpa\/#primaryimage"},"image":{"@id":"https:\/\/ibactech.ca\/stackathon-segments\/double-entry-rpa\/#primaryimage"},"thumbnailUrl":"http:\/\/ibactech.ca\/wp-content\/uploads\/2025\/01\/cemiar.jpg","datePublished":"2025-01-05T17:07:06+00:00","dateModified":"2025-03-24T12:24:16+00:00","breadcrumb":{"@id":"https:\/\/ibactech.ca\/stackathon-segments\/double-entry-rpa\/#breadcrumb"},"inLanguage":"fr-FR","potentialAction":[{"@type":"ReadAction","target":["https:\/\/ibactech.ca\/stackathon-segments\/double-entry-rpa\/"]}]},{"@type":"ImageObject","inLanguage":"fr-FR","@id":"https:\/\/ibactech.ca\/stackathon-segments\/double-entry-rpa\/#primaryimage","url":"http:\/\/ibactech.ca\/wp-content\/uploads\/2025\/01\/cemiar.jpg","contentUrl":"http:\/\/ibactech.ca\/wp-content\/uploads\/2025\/01\/cemiar.jpg"},{"@type":"BreadcrumbList","@id":"https:\/\/ibactech.ca\/stackathon-segments\/double-entry-rpa\/#breadcrumb","itemListElement":[{"@type":"ListItem","position":1,"name":"Accueil","item":"https:\/\/ibactech.ca\/"},{"@type":"ListItem","position":2,"name":"Segments du Stackathon","item":"https:\/\/ibactech.ca\/stackathon-segments\/"},{"@type":"ListItem","position":3,"name":"RPA \u00e0 double entr\u00e9e"}]},{"@type":"WebSite","@id":"https:\/\/ibactech.ca\/#website","url":"https:\/\/ibactech.ca\/","name":"IbacTech","description":"","publisher":{"@id":"https:\/\/ibactech.ca\/#organization"},"potentialAction":[{"@type":"SearchAction","target":{"@type":"EntryPoint","urlTemplate":"https:\/\/ibactech.ca\/?s={search_term_string}"},"query-input":{"@type":"PropertyValueSpecification","valueRequired":true,"valueName":"search_term_string"}}],"inLanguage":"fr-FR"},{"@type":"Organization","@id":"https:\/\/ibactech.ca\/#organization","name":"IBAC - Tech","url":"https:\/\/ibactech.ca\/","logo":{"@type":"ImageObject","inLanguage":"fr-FR","@id":"https:\/\/ibactech.ca\/#\/schema\/logo\/image\/","url":"https:\/\/ibactech.ca\/wp-content\/uploads\/2024\/09\/IBACTech_4C-128.png","contentUrl":"https:\/\/ibactech.ca\/wp-content\/uploads\/2024\/09\/IBACTech_4C-128.png","width":269,"height":128,"caption":"IBAC - Tech"},"image":{"@id":"https:\/\/ibactech.ca\/#\/schema\/logo\/image\/"}}]}},"_links":{"self":[{"href":"https:\/\/ibactech.ca\/fr\/wp-json\/wp\/v2\/pages\/4429","targetHints":{"allow":["GET"]}}],"collection":[{"href":"https:\/\/ibactech.ca\/fr\/wp-json\/wp\/v2\/pages"}],"about":[{"href":"https:\/\/ibactech.ca\/fr\/wp-json\/wp\/v2\/types\/page"}],"author":[{"embeddable":true,"href":"https:\/\/ibactech.ca\/fr\/wp-json\/wp\/v2\/users\/2"}],"replies":[{"embeddable":true,"href":"https:\/\/ibactech.ca\/fr\/wp-json\/wp\/v2\/comments?post=4429"}],"version-history":[{"count":0,"href":"https:\/\/ibactech.ca\/fr\/wp-json\/wp\/v2\/pages\/4429\/revisions"}],"up":[{"embeddable":true,"href":"https:\/\/ibactech.ca\/fr\/wp-json\/wp\/v2\/pages\/3443"}],"wp:attachment":[{"href":"https:\/\/ibactech.ca\/fr\/wp-json\/wp\/v2\/media?parent=4429"}],"curies":[{"name":"wp","href":"https:\/\/api.w.org\/{rel}","templated":true}]}}