{"id":4416,"date":"2025-01-05T14:16:59","date_gmt":"2025-01-05T14:16:59","guid":{"rendered":"https:\/\/ibactech.ca\/stackathon-segments\/knowledgebase\/"},"modified":"2025-03-24T12:23:08","modified_gmt":"2025-03-24T12:23:08","slug":"knowledgebase","status":"publish","type":"page","link":"https:\/\/ibactech.ca\/fr\/stackathon-segments\/knowledgebase\/","title":{"rendered":"Base de connaissances"},"content":{"rendered":"\t\t<div data-elementor-type=\"wp-page\" data-elementor-id=\"4416\" class=\"elementor elementor-4416 elementor-4414\" data-elementor-post-type=\"page\">\n\t\t\t\t\t\t<section class=\"elementor-section elementor-top-section elementor-element elementor-element-119d3ba8 elementor-section-boxed elementor-section-height-default elementor-section-height-default\" data-id=\"119d3ba8\" data-element_type=\"section\">\n\t\t\t\t\t\t<div class=\"elementor-container elementor-column-gap-default\">\n\t\t\t\t\t<div class=\"elementor-column elementor-col-100 elementor-top-column elementor-element elementor-element-290d12ad\" data-id=\"290d12ad\" data-element_type=\"column\">\n\t\t\t<div class=\"elementor-widget-wrap elementor-element-populated\">\n\t\t\t\t\t\t<div class=\"elementor-element elementor-element-568723bf elementor-widget elementor-widget-text-editor\" data-id=\"568723bf\" data-element_type=\"widget\" data-widget_type=\"text-editor.default\">\n\t\t\t\t<div class=\"elementor-widget-container\">\n\t\t\t\t\t\t\t\t\t<p>Les fournisseurs suivants ont \u00e9t\u00e9 choisis<\/p>\t\t\t\t\t\t\t\t<\/div>\n\t\t\t\t<\/div>\n\t\t\t\t<div class=\"elementor-element elementor-element-fe37d89 elementor-widget elementor-widget-heading\" data-id=\"fe37d89\" data-element_type=\"widget\" data-widget_type=\"heading.default\">\n\t\t\t\t<div class=\"elementor-widget-container\">\n\t\t\t\t\t<h2 class=\"elementor-heading-title elementor-size-default\">par les participants du courtier Stackathon<\/h2>\t\t\t\t<\/div>\n\t\t\t\t<\/div>\n\t\t\t\t<div class=\"elementor-element elementor-element-74d97da0 elementor-widget elementor-widget-text-editor\" data-id=\"74d97da0\" data-element_type=\"widget\" data-widget_type=\"text-editor.default\">\n\t\t\t\t<div class=\"elementor-widget-container\">\n\t\t\t\t\t\t\t\t\t<p>comme leur(s) premier(s) choix(s) dans <strong>Base de connaissances<\/strong><\/p>\t\t\t\t\t\t\t\t<\/div>\n\t\t\t\t<\/div>\n\t\t\t\t\t<\/div>\n\t\t<\/div>\n\t\t\t\t\t<\/div>\n\t\t<\/section>\n\t\t\t\t<section class=\"elementor-section elementor-top-section elementor-element elementor-element-420b53a5 elementor-section-boxed elementor-section-height-default elementor-section-height-default\" data-id=\"420b53a5\" data-element_type=\"section\">\n\t\t\t\t\t\t<div class=\"elementor-container elementor-column-gap-default\">\n\t\t\t\t\t<div class=\"elementor-column elementor-col-100 elementor-top-column elementor-element elementor-element-304e4c0e\" data-id=\"304e4c0e\" data-element_type=\"column\">\n\t\t\t<div class=\"elementor-widget-wrap elementor-element-populated\">\n\t\t\t\t\t\t<section class=\"elementor-section elementor-inner-section elementor-element elementor-element-64504c2e elementor-section-boxed elementor-section-height-default elementor-section-height-default\" data-id=\"64504c2e\" data-element_type=\"section\">\n\t\t\t\t\t\t<div class=\"elementor-container elementor-column-gap-default\">\n\t\t\t\t\t<div class=\"elementor-column elementor-col-33 elementor-inner-column elementor-element elementor-element-3107e458\" data-id=\"3107e458\" data-element_type=\"column\">\n\t\t\t<div class=\"elementor-widget-wrap elementor-element-populated\">\n\t\t\t\t\t\t<div class=\"elementor-element elementor-element-43ae415e elementor-widget elementor-widget-image\" data-id=\"43ae415e\" data-element_type=\"widget\" data-widget_type=\"image.default\">\n\t\t\t\t<div class=\"elementor-widget-container\">\n\t\t\t\t\t\t\t\t\t\t\t\t\t\t\t<img decoding=\"async\" width=\"200\" height=\"200\" src=\"https:\/\/ibactech.ca\/wp-content\/uploads\/2025\/01\/05.jpg\" class=\"attachment-full size-full wp-image-5102\" alt=\"\" srcset=\"https:\/\/ibactech.ca\/wp-content\/uploads\/2025\/01\/05.jpg 200w, https:\/\/ibactech.ca\/wp-content\/uploads\/2025\/01\/05-150x150.jpg 150w\" sizes=\"(max-width: 200px) 100vw, 200px\" \/>\t\t\t\t\t\t\t\t\t\t\t\t\t\t\t<\/div>\n\t\t\t\t<\/div>\n\t\t\t\t\t<\/div>\n\t\t<\/div>\n\t\t\t\t<div class=\"elementor-column elementor-col-33 elementor-inner-column elementor-element elementor-element-6d0245ad\" data-id=\"6d0245ad\" data-element_type=\"column\">\n\t\t\t<div class=\"elementor-widget-wrap elementor-element-populated\">\n\t\t\t\t\t\t<div class=\"elementor-element elementor-element-44ca7bfd elementor-widget elementor-widget-heading\" data-id=\"44ca7bfd\" data-element_type=\"widget\" data-widget_type=\"heading.default\">\n\t\t\t\t<div class=\"elementor-widget-container\">\n\t\t\t\t\t<h2 class=\"elementor-heading-title elementor-size-default\">Faits en bref<\/h2>\t\t\t\t<\/div>\n\t\t\t\t<\/div>\n\t\t\t\t\t<\/div>\n\t\t<\/div>\n\t\t\t\t<div class=\"elementor-column elementor-col-33 elementor-inner-column elementor-element elementor-element-50c7ea2b\" data-id=\"50c7ea2b\" data-element_type=\"column\">\n\t\t\t<div class=\"elementor-widget-wrap elementor-element-populated\">\n\t\t\t\t\t\t<div class=\"elementor-element elementor-element-5247a82e elementor-align-center elementor-mobile-align-center elementor-widget elementor-widget-button\" data-id=\"5247a82e\" data-element_type=\"widget\" data-widget_type=\"button.default\">\n\t\t\t\t<div class=\"elementor-widget-container\">\n\t\t\t\t\t\t\t\t\t<div class=\"elementor-button-wrapper\">\n\t\t\t\t\t<a class=\"elementor-button elementor-button-link elementor-size-sm\" href=\"http:\/\/www.quickfactsinc.com\" target=\"_blank\">\n\t\t\t\t\t\t<span class=\"elementor-button-content-wrapper\">\n\t\t\t\t\t\t\t\t\t<span class=\"elementor-button-text\">Plus \u00bb<\/span>\n\t\t\t\t\t<\/span>\n\t\t\t\t\t<\/a>\n\t\t\t\t<\/div>\n\t\t\t\t\t\t\t\t<\/div>\n\t\t\t\t<\/div>\n\t\t\t\t\t<\/div>\n\t\t<\/div>\n\t\t\t\t\t<\/div>\n\t\t<\/section>\n\t\t\t\t\t<\/div>\n\t\t<\/div>\n\t\t\t\t\t<\/div>\n\t\t<\/section>\n\t\t\t\t<section class=\"elementor-section elementor-top-section elementor-element elementor-element-16268105 elementor-section-boxed elementor-section-height-default elementor-section-height-default\" data-id=\"16268105\" data-element_type=\"section\">\n\t\t\t\t\t\t<div class=\"elementor-container elementor-column-gap-default\">\n\t\t\t\t\t<div class=\"elementor-column elementor-col-50 elementor-top-column elementor-element elementor-element-22224a98\" data-id=\"22224a98\" data-element_type=\"column\">\n\t\t\t<div class=\"elementor-widget-wrap elementor-element-populated\">\n\t\t\t\t\t\t<section class=\"elementor-section elementor-inner-section elementor-element elementor-element-2ff0b744 elementor-section-boxed elementor-section-height-default elementor-section-height-default\" data-id=\"2ff0b744\" data-element_type=\"section\">\n\t\t\t\t\t\t<div class=\"elementor-container elementor-column-gap-default\">\n\t\t\t\t\t<div class=\"elementor-column elementor-col-50 elementor-inner-column elementor-element elementor-element-64e50b20\" data-id=\"64e50b20\" data-element_type=\"column\">\n\t\t\t<div class=\"elementor-widget-wrap elementor-element-populated\">\n\t\t\t\t\t\t<div class=\"elementor-element elementor-element-5e20a114 elementor-widget elementor-widget-image\" data-id=\"5e20a114\" data-element_type=\"widget\" data-widget_type=\"image.default\">\n\t\t\t\t<div class=\"elementor-widget-container\">\n\t\t\t\t\t\t\t\t\t\t\t\t\t\t\t<img decoding=\"async\" width=\"150\" height=\"150\" src=\"https:\/\/ibactech.ca\/wp-content\/uploads\/2025\/01\/07-1-150x150.jpg\" class=\"attachment-thumbnail size-thumbnail wp-image-5110\" alt=\"\" srcset=\"https:\/\/ibactech.ca\/wp-content\/uploads\/2025\/01\/07-1-150x150.jpg 150w, https:\/\/ibactech.ca\/wp-content\/uploads\/2025\/01\/07-1.jpg 200w\" sizes=\"(max-width: 150px) 100vw, 150px\" \/>\t\t\t\t\t\t\t\t\t\t\t\t\t\t\t<\/div>\n\t\t\t\t<\/div>\n\t\t\t\t\t<\/div>\n\t\t<\/div>\n\t\t\t\t<div class=\"elementor-column elementor-col-50 elementor-inner-column elementor-element elementor-element-730e1ead\" data-id=\"730e1ead\" data-element_type=\"column\">\n\t\t\t<div class=\"elementor-widget-wrap elementor-element-populated\">\n\t\t\t\t\t\t<div class=\"elementor-element elementor-element-22d826a6 elementor-widget elementor-widget-heading\" data-id=\"22d826a6\" data-element_type=\"widget\" data-widget_type=\"heading.default\">\n\t\t\t\t<div class=\"elementor-widget-container\">\n\t\t\t\t\t<h3 class=\"elementor-heading-title elementor-size-default\">ProNavigator<\/h3>\t\t\t\t<\/div>\n\t\t\t\t<\/div>\n\t\t\t\t<div class=\"elementor-element elementor-element-7d63926e elementor-align-left elementor-mobile-align-center elementor-widget elementor-widget-button\" data-id=\"7d63926e\" data-element_type=\"widget\" data-widget_type=\"button.default\">\n\t\t\t\t<div class=\"elementor-widget-container\">\n\t\t\t\t\t\t\t\t\t<div class=\"elementor-button-wrapper\">\n\t\t\t\t\t<a class=\"elementor-button elementor-button-link elementor-size-sm\" href=\"https:\/\/www.acturis.com\" target=\"_blank\">\n\t\t\t\t\t\t<span class=\"elementor-button-content-wrapper\">\n\t\t\t\t\t\t\t\t\t<span class=\"elementor-button-text\">Plus \u00bb<\/span>\n\t\t\t\t\t<\/span>\n\t\t\t\t\t<\/a>\n\t\t\t\t<\/div>\n\t\t\t\t\t\t\t\t<\/div>\n\t\t\t\t<\/div>\n\t\t\t\t\t<\/div>\n\t\t<\/div>\n\t\t\t\t\t<\/div>\n\t\t<\/section>\n\t\t\t\t\t<\/div>\n\t\t<\/div>\n\t\t\t\t<div class=\"elementor-column elementor-col-50 elementor-top-column elementor-element elementor-element-6d336714\" data-id=\"6d336714\" data-element_type=\"column\">\n\t\t\t<div class=\"elementor-widget-wrap\">\n\t\t\t\t\t\t\t<\/div>\n\t\t<\/div>\n\t\t\t\t\t<\/div>\n\t\t<\/section>\n\t\t\t\t<section class=\"elementor-section elementor-top-section elementor-element elementor-element-06c24b1 elementor-section-boxed elementor-section-height-default elementor-section-height-default\" data-id=\"06c24b1\" data-element_type=\"section\">\n\t\t\t\t\t\t<div class=\"elementor-container elementor-column-gap-default\">\n\t\t\t\t\t<div class=\"elementor-column elementor-col-100 elementor-top-column elementor-element elementor-element-f71c623\" data-id=\"f71c623\" data-element_type=\"column\">\n\t\t\t<div class=\"elementor-widget-wrap elementor-element-populated\">\n\t\t\t\t\t\t<div class=\"elementor-element elementor-element-19b5e5c elementor-widget elementor-widget-text-editor\" data-id=\"19b5e5c\" data-element_type=\"widget\" data-widget_type=\"text-editor.default\">\n\t\t\t\t<div class=\"elementor-widget-container\">\n\t\t\t\t\t\t\t\t\t<h1 style=\"text-align: center;\">Base de connaissances\/Formation des courtiers \u2013 Pointage<\/h1><p><br><strong>Qualit\u00e9 et pertinence des contenus (5 point)<\/strong><br><strong>Description:<\/strong> Qualit\u00e9, profondeur et pertinence des contenus de formation fournis aux courtiers.<br><strong>\u00c9l\u00e9ments \u00e0 consid\u00e9rer:<\/strong> Les contenus sont-ils exacts, \u00e0 jour et utiles aux courtiers affichant divers degr\u00e9s d\u2019expertise?<\/p><p><br><strong>Facilit\u00e9 d\u2019acc\u00e8s et de navigation(5 points)<\/strong><br><strong>Description:<\/strong> Les courtiers peuvent acc\u00e9der facilement \u00e0 la base de connaissances et y trouver des renseignements pertinents.<br><strong> \u00c9l\u00e9ments \u00e0 consid\u00e9rer:<\/strong> La plateforme est-elle conviviale et son utilisation, intuitive? Les courtiers trouvent-ils rapidement les renseignements dont ils ont besoin? <\/p><p><br><strong>Outils d\u2019apprentissage interactif (5 points)<\/strong><br><strong>Description:<\/strong> Outils d\u2019apprentissage interactif disponibles, comme les tests, les tutoriels et les webinaires.<br><strong>\u00c9l\u00e9ments \u00e0 consid\u00e9rer:<\/strong> La base de connaissances offre-t-elle des \u00e9l\u00e9ments interactifs favorisant la participation et l\u2019am\u00e9lioration de l\u2019exp\u00e9rience d\u2019apprentissage?<\/p><p><br><strong>Rapports et suivi des progr\u00e8s (5 points)<\/strong><br><strong>Description:<\/strong> Capacit\u00e9 de suivre les progr\u00e8s des courtiers en mati\u00e8re d\u2019apprentissage et les modules de formation qu\u2019ils ont termin\u00e9s.<br><strong>\u00c9l\u00e9ments \u00e0 consid\u00e9rer:<\/strong> Le syst\u00e8me fournit-il des renseignements sur les progr\u00e8s de chaque courtier, y compris les cours termin\u00e9s et les aspects \u00e0 am\u00e9liorer?<\/p><p><br><strong>Personnalisation et souplesse (5 points)<\/strong><br><strong>Description:<\/strong> La capacit\u00e9 de personnaliser les parcours d\u2019apprentissage, les contenus et la structure en fonction des besoins du courtier.<br><strong>\u00c9l\u00e9ments \u00e0 consid\u00e9rer:<\/strong> La plateforme peut-elle \u00eatre adapt\u00e9e \u00e0 des objectifs d\u2019apprentissage, \u00e0 des gammes de produits ou \u00e0 des exigences sp\u00e9cifiques?<\/p><p><br><strong>Tarification et optimisation des ressources (5 points)<\/strong><br><strong>Description:<\/strong> La rentabilit\u00e9 du syst\u00e8me, compte tenu de ses fonctionnalit\u00e9s, de sa performance et de la valeur apport\u00e9e.<br><strong>\u00c9l\u00e9ments \u00e0 consid\u00e9rer:<\/strong> La facturation est-elle concurrentielle, souple et justifi\u00e9e si l\u2019on tient compte des fonctions et de la performance du syst\u00e8me et du rendement sur l\u2019investissement?<\/p>\t\t\t\t\t\t\t\t<\/div>\n\t\t\t\t<\/div>\n\t\t\t\t\t<\/div>\n\t\t<\/div>\n\t\t\t\t\t<\/div>\n\t\t<\/section>\n\t\t\t\t<\/div>\n\t\t","protected":false},"excerpt":{"rendered":"<p>Les fournisseurs suivants ont \u00e9t\u00e9 choisis par les participants du courtier Stackathon comme leur(s) premier(s) choix(s) dans Base de connaissances Faits en bref Plus \u00bb ProNavigator Plus \u00bb Base de connaissances\/Formation des courtiers \u2013 Pointage Qualit\u00e9 et pertinence des contenus (5 point)Description: Qualit\u00e9, profondeur et pertinence des contenus de formation fournis aux courtiers.\u00c9l\u00e9ments \u00e0 consid\u00e9rer: [&hellip;]<\/p>\n","protected":false},"author":2,"featured_media":0,"parent":3443,"menu_order":0,"comment_status":"closed","ping_status":"closed","template":"elementor_header_footer","meta":{"_acf_changed":false,"inline_featured_image":false,"footnotes":""},"class_list":["post-4416","page","type-page","status-publish","hentry","bg-purple"],"acf":[],"yoast_head":"<!-- This site is optimized with the Yoast SEO plugin v26.8 - https:\/\/yoast.com\/product\/yoast-seo-wordpress\/ -->\n<title>Base de connaissances - IBAC - Tech<\/title>\n<meta name=\"robots\" content=\"index, follow, max-snippet:-1, max-image-preview:large, max-video-preview:-1\" \/>\n<link rel=\"canonical\" href=\"https:\/\/ibactech.ca\/stackathon-segments\/knowledgebase\/\" \/>\n<meta property=\"og:locale\" content=\"fr_FR\" \/>\n<meta property=\"og:type\" content=\"article\" \/>\n<meta property=\"og:title\" content=\"Base de connaissances - IBAC - Tech\" \/>\n<meta property=\"og:description\" content=\"Les fournisseurs suivants ont \u00e9t\u00e9 choisis par les participants du courtier Stackathon comme leur(s) premier(s) choix(s) dans Base de connaissances Faits en bref Plus \u00bb ProNavigator Plus \u00bb Base de connaissances\/Formation des courtiers \u2013 Pointage Qualit\u00e9 et pertinence des contenus (5 point)Description: Qualit\u00e9, profondeur et pertinence des contenus de formation fournis aux courtiers.\u00c9l\u00e9ments \u00e0 consid\u00e9rer: [&hellip;]\" \/>\n<meta property=\"og:url\" content=\"https:\/\/ibactech.ca\/stackathon-segments\/knowledgebase\/\" \/>\n<meta property=\"og:site_name\" content=\"IBAC - Tech\" \/>\n<meta property=\"article:modified_time\" content=\"2025-03-24T12:23:08+00:00\" \/>\n<meta property=\"og:image\" content=\"http:\/\/ibactech.ca\/wp-content\/uploads\/2025\/01\/05.jpg\" \/>\n<meta name=\"twitter:card\" content=\"summary_large_image\" \/>\n<meta name=\"twitter:label1\" content=\"Dur\u00e9e de lecture estim\u00e9e\" \/>\n\t<meta name=\"twitter:data1\" content=\"2 minutes\" \/>\n<script type=\"application\/ld+json\" class=\"yoast-schema-graph\">{\"@context\":\"https:\/\/schema.org\",\"@graph\":[{\"@type\":\"WebPage\",\"@id\":\"https:\/\/ibactech.ca\/stackathon-segments\/knowledgebase\/\",\"url\":\"https:\/\/ibactech.ca\/stackathon-segments\/knowledgebase\/\",\"name\":\"Base de connaissances - IBAC - Tech\",\"isPartOf\":{\"@id\":\"https:\/\/ibactech.ca\/#website\"},\"primaryImageOfPage\":{\"@id\":\"https:\/\/ibactech.ca\/stackathon-segments\/knowledgebase\/#primaryimage\"},\"image\":{\"@id\":\"https:\/\/ibactech.ca\/stackathon-segments\/knowledgebase\/#primaryimage\"},\"thumbnailUrl\":\"http:\/\/ibactech.ca\/wp-content\/uploads\/2025\/01\/05.jpg\",\"datePublished\":\"2025-01-05T14:16:59+00:00\",\"dateModified\":\"2025-03-24T12:23:08+00:00\",\"breadcrumb\":{\"@id\":\"https:\/\/ibactech.ca\/stackathon-segments\/knowledgebase\/#breadcrumb\"},\"inLanguage\":\"fr-FR\",\"potentialAction\":[{\"@type\":\"ReadAction\",\"target\":[\"https:\/\/ibactech.ca\/stackathon-segments\/knowledgebase\/\"]}]},{\"@type\":\"ImageObject\",\"inLanguage\":\"fr-FR\",\"@id\":\"https:\/\/ibactech.ca\/stackathon-segments\/knowledgebase\/#primaryimage\",\"url\":\"http:\/\/ibactech.ca\/wp-content\/uploads\/2025\/01\/05.jpg\",\"contentUrl\":\"http:\/\/ibactech.ca\/wp-content\/uploads\/2025\/01\/05.jpg\"},{\"@type\":\"BreadcrumbList\",\"@id\":\"https:\/\/ibactech.ca\/stackathon-segments\/knowledgebase\/#breadcrumb\",\"itemListElement\":[{\"@type\":\"ListItem\",\"position\":1,\"name\":\"Accueil\",\"item\":\"https:\/\/ibactech.ca\/\"},{\"@type\":\"ListItem\",\"position\":2,\"name\":\"Segments du Stackathon\",\"item\":\"https:\/\/ibactech.ca\/stackathon-segments\/\"},{\"@type\":\"ListItem\",\"position\":3,\"name\":\"Base de connaissances\"}]},{\"@type\":\"WebSite\",\"@id\":\"https:\/\/ibactech.ca\/#website\",\"url\":\"https:\/\/ibactech.ca\/\",\"name\":\"IbacTech\",\"description\":\"\",\"publisher\":{\"@id\":\"https:\/\/ibactech.ca\/#organization\"},\"potentialAction\":[{\"@type\":\"SearchAction\",\"target\":{\"@type\":\"EntryPoint\",\"urlTemplate\":\"https:\/\/ibactech.ca\/?s={search_term_string}\"},\"query-input\":{\"@type\":\"PropertyValueSpecification\",\"valueRequired\":true,\"valueName\":\"search_term_string\"}}],\"inLanguage\":\"fr-FR\"},{\"@type\":\"Organization\",\"@id\":\"https:\/\/ibactech.ca\/#organization\",\"name\":\"IBAC - Tech\",\"url\":\"https:\/\/ibactech.ca\/\",\"logo\":{\"@type\":\"ImageObject\",\"inLanguage\":\"fr-FR\",\"@id\":\"https:\/\/ibactech.ca\/#\/schema\/logo\/image\/\",\"url\":\"https:\/\/ibactech.ca\/wp-content\/uploads\/2024\/09\/IBACTech_4C-128.png\",\"contentUrl\":\"https:\/\/ibactech.ca\/wp-content\/uploads\/2024\/09\/IBACTech_4C-128.png\",\"width\":269,\"height\":128,\"caption\":\"IBAC - Tech\"},\"image\":{\"@id\":\"https:\/\/ibactech.ca\/#\/schema\/logo\/image\/\"}}]}<\/script>\n<!-- \/ Yoast SEO plugin. -->","yoast_head_json":{"title":"Base de connaissances - IBAC - Tech","robots":{"index":"index","follow":"follow","max-snippet":"max-snippet:-1","max-image-preview":"max-image-preview:large","max-video-preview":"max-video-preview:-1"},"canonical":"https:\/\/ibactech.ca\/stackathon-segments\/knowledgebase\/","og_locale":"fr_FR","og_type":"article","og_title":"Base de connaissances - IBAC - Tech","og_description":"Les fournisseurs suivants ont \u00e9t\u00e9 choisis par les participants du courtier Stackathon comme leur(s) premier(s) choix(s) dans Base de connaissances Faits en bref Plus \u00bb ProNavigator Plus \u00bb Base de connaissances\/Formation des courtiers \u2013 Pointage Qualit\u00e9 et pertinence des contenus (5 point)Description: Qualit\u00e9, profondeur et pertinence des contenus de formation fournis aux courtiers.\u00c9l\u00e9ments \u00e0 consid\u00e9rer: [&hellip;]","og_url":"https:\/\/ibactech.ca\/stackathon-segments\/knowledgebase\/","og_site_name":"IBAC - Tech","article_modified_time":"2025-03-24T12:23:08+00:00","og_image":[{"url":"http:\/\/ibactech.ca\/wp-content\/uploads\/2025\/01\/05.jpg","type":"","width":"","height":""}],"twitter_card":"summary_large_image","twitter_misc":{"Dur\u00e9e de lecture estim\u00e9e":"2 minutes"},"schema":{"@context":"https:\/\/schema.org","@graph":[{"@type":"WebPage","@id":"https:\/\/ibactech.ca\/stackathon-segments\/knowledgebase\/","url":"https:\/\/ibactech.ca\/stackathon-segments\/knowledgebase\/","name":"Base de connaissances - IBAC - Tech","isPartOf":{"@id":"https:\/\/ibactech.ca\/#website"},"primaryImageOfPage":{"@id":"https:\/\/ibactech.ca\/stackathon-segments\/knowledgebase\/#primaryimage"},"image":{"@id":"https:\/\/ibactech.ca\/stackathon-segments\/knowledgebase\/#primaryimage"},"thumbnailUrl":"http:\/\/ibactech.ca\/wp-content\/uploads\/2025\/01\/05.jpg","datePublished":"2025-01-05T14:16:59+00:00","dateModified":"2025-03-24T12:23:08+00:00","breadcrumb":{"@id":"https:\/\/ibactech.ca\/stackathon-segments\/knowledgebase\/#breadcrumb"},"inLanguage":"fr-FR","potentialAction":[{"@type":"ReadAction","target":["https:\/\/ibactech.ca\/stackathon-segments\/knowledgebase\/"]}]},{"@type":"ImageObject","inLanguage":"fr-FR","@id":"https:\/\/ibactech.ca\/stackathon-segments\/knowledgebase\/#primaryimage","url":"http:\/\/ibactech.ca\/wp-content\/uploads\/2025\/01\/05.jpg","contentUrl":"http:\/\/ibactech.ca\/wp-content\/uploads\/2025\/01\/05.jpg"},{"@type":"BreadcrumbList","@id":"https:\/\/ibactech.ca\/stackathon-segments\/knowledgebase\/#breadcrumb","itemListElement":[{"@type":"ListItem","position":1,"name":"Accueil","item":"https:\/\/ibactech.ca\/"},{"@type":"ListItem","position":2,"name":"Segments du Stackathon","item":"https:\/\/ibactech.ca\/stackathon-segments\/"},{"@type":"ListItem","position":3,"name":"Base de connaissances"}]},{"@type":"WebSite","@id":"https:\/\/ibactech.ca\/#website","url":"https:\/\/ibactech.ca\/","name":"IbacTech","description":"","publisher":{"@id":"https:\/\/ibactech.ca\/#organization"},"potentialAction":[{"@type":"SearchAction","target":{"@type":"EntryPoint","urlTemplate":"https:\/\/ibactech.ca\/?s={search_term_string}"},"query-input":{"@type":"PropertyValueSpecification","valueRequired":true,"valueName":"search_term_string"}}],"inLanguage":"fr-FR"},{"@type":"Organization","@id":"https:\/\/ibactech.ca\/#organization","name":"IBAC - Tech","url":"https:\/\/ibactech.ca\/","logo":{"@type":"ImageObject","inLanguage":"fr-FR","@id":"https:\/\/ibactech.ca\/#\/schema\/logo\/image\/","url":"https:\/\/ibactech.ca\/wp-content\/uploads\/2024\/09\/IBACTech_4C-128.png","contentUrl":"https:\/\/ibactech.ca\/wp-content\/uploads\/2024\/09\/IBACTech_4C-128.png","width":269,"height":128,"caption":"IBAC - Tech"},"image":{"@id":"https:\/\/ibactech.ca\/#\/schema\/logo\/image\/"}}]}},"_links":{"self":[{"href":"https:\/\/ibactech.ca\/fr\/wp-json\/wp\/v2\/pages\/4416","targetHints":{"allow":["GET"]}}],"collection":[{"href":"https:\/\/ibactech.ca\/fr\/wp-json\/wp\/v2\/pages"}],"about":[{"href":"https:\/\/ibactech.ca\/fr\/wp-json\/wp\/v2\/types\/page"}],"author":[{"embeddable":true,"href":"https:\/\/ibactech.ca\/fr\/wp-json\/wp\/v2\/users\/2"}],"replies":[{"embeddable":true,"href":"https:\/\/ibactech.ca\/fr\/wp-json\/wp\/v2\/comments?post=4416"}],"version-history":[{"count":0,"href":"https:\/\/ibactech.ca\/fr\/wp-json\/wp\/v2\/pages\/4416\/revisions"}],"up":[{"embeddable":true,"href":"https:\/\/ibactech.ca\/fr\/wp-json\/wp\/v2\/pages\/3443"}],"wp:attachment":[{"href":"https:\/\/ibactech.ca\/fr\/wp-json\/wp\/v2\/media?parent=4416"}],"curies":[{"name":"wp","href":"https:\/\/api.w.org\/{rel}","templated":true}]}}