{"id":4352,"date":"2025-01-03T12:34:12","date_gmt":"2025-01-03T12:34:12","guid":{"rendered":"https:\/\/ibactech.ca\/stackathon-segments\/policy-management\/"},"modified":"2025-03-20T22:19:41","modified_gmt":"2025-03-20T22:19:41","slug":"policy-management","status":"publish","type":"page","link":"https:\/\/ibactech.ca\/fr\/stackathon-segments\/policy-management\/","title":{"rendered":"Gestion des politiques"},"content":{"rendered":"\t\t<div data-elementor-type=\"wp-page\" data-elementor-id=\"4352\" class=\"elementor elementor-4352 elementor-4350\" data-elementor-post-type=\"page\">\n\t\t\t\t\t\t<section class=\"elementor-section elementor-top-section elementor-element elementor-element-7a7fbf7 elementor-section-boxed elementor-section-height-default elementor-section-height-default\" data-id=\"7a7fbf7\" data-element_type=\"section\">\n\t\t\t\t\t\t<div class=\"elementor-container elementor-column-gap-default\">\n\t\t\t\t\t<div class=\"elementor-column elementor-col-100 elementor-top-column elementor-element elementor-element-a10db29\" data-id=\"a10db29\" data-element_type=\"column\">\n\t\t\t<div class=\"elementor-widget-wrap elementor-element-populated\">\n\t\t\t\t\t\t<div class=\"elementor-element elementor-element-6b6522de elementor-widget elementor-widget-text-editor\" data-id=\"6b6522de\" data-element_type=\"widget\" data-widget_type=\"text-editor.default\">\n\t\t\t\t<div class=\"elementor-widget-container\">\n\t\t\t\t\t\t\t\t\t<p>Les fournisseurs suivants ont \u00e9t\u00e9 choisis<\/p>\t\t\t\t\t\t\t\t<\/div>\n\t\t\t\t<\/div>\n\t\t\t\t<div class=\"elementor-element elementor-element-563b4dd3 elementor-widget elementor-widget-heading\" data-id=\"563b4dd3\" data-element_type=\"widget\" data-widget_type=\"heading.default\">\n\t\t\t\t<div class=\"elementor-widget-container\">\n\t\t\t\t\t<h2 class=\"elementor-heading-title elementor-size-default\">par les participants du courtier Stackathon<\/h2>\t\t\t\t<\/div>\n\t\t\t\t<\/div>\n\t\t\t\t<div class=\"elementor-element elementor-element-7168487b elementor-widget elementor-widget-text-editor\" data-id=\"7168487b\" data-element_type=\"widget\" data-widget_type=\"text-editor.default\">\n\t\t\t\t<div class=\"elementor-widget-container\">\n\t\t\t\t\t\t\t\t\t<p>comme leur(s) premier(s) choix(s) dans <strong>Gestion des politiques<\/strong><\/p>\t\t\t\t\t\t\t\t<\/div>\n\t\t\t\t<\/div>\n\t\t\t\t\t<\/div>\n\t\t<\/div>\n\t\t\t\t\t<\/div>\n\t\t<\/section>\n\t\t\t\t<section class=\"elementor-section elementor-top-section elementor-element elementor-element-2a6c32af elementor-section-boxed elementor-section-height-default elementor-section-height-default\" data-id=\"2a6c32af\" data-element_type=\"section\">\n\t\t\t\t\t\t<div class=\"elementor-container elementor-column-gap-default\">\n\t\t\t\t\t<div class=\"elementor-column elementor-col-100 elementor-top-column elementor-element elementor-element-a6784ab\" data-id=\"a6784ab\" data-element_type=\"column\">\n\t\t\t<div class=\"elementor-widget-wrap elementor-element-populated\">\n\t\t\t\t\t\t<section class=\"elementor-section elementor-inner-section elementor-element elementor-element-52655bb9 elementor-section-boxed elementor-section-height-default elementor-section-height-default\" data-id=\"52655bb9\" data-element_type=\"section\">\n\t\t\t\t\t\t<div class=\"elementor-container elementor-column-gap-default\">\n\t\t\t\t\t<div class=\"elementor-column elementor-col-33 elementor-inner-column elementor-element elementor-element-1e9dcf54\" data-id=\"1e9dcf54\" data-element_type=\"column\">\n\t\t\t<div class=\"elementor-widget-wrap elementor-element-populated\">\n\t\t\t\t\t\t<div class=\"elementor-element elementor-element-61b0829b elementor-widget elementor-widget-image\" data-id=\"61b0829b\" data-element_type=\"widget\" data-widget_type=\"image.default\">\n\t\t\t\t<div class=\"elementor-widget-container\">\n\t\t\t\t\t\t\t\t\t\t\t\t\t\t\t<img decoding=\"async\" width=\"200\" height=\"200\" src=\"https:\/\/ibactech.ca\/wp-content\/uploads\/2025\/01\/07.jpg\" class=\"attachment-full size-full wp-image-4778\" alt=\"\" srcset=\"https:\/\/ibactech.ca\/wp-content\/uploads\/2025\/01\/07.jpg 200w, https:\/\/ibactech.ca\/wp-content\/uploads\/2025\/01\/07-150x150.jpg 150w\" sizes=\"(max-width: 200px) 100vw, 200px\" \/>\t\t\t\t\t\t\t\t\t\t\t\t\t\t\t<\/div>\n\t\t\t\t<\/div>\n\t\t\t\t\t<\/div>\n\t\t<\/div>\n\t\t\t\t<div class=\"elementor-column elementor-col-33 elementor-inner-column elementor-element elementor-element-7e6bcdbb\" data-id=\"7e6bcdbb\" data-element_type=\"column\">\n\t\t\t<div class=\"elementor-widget-wrap elementor-element-populated\">\n\t\t\t\t\t\t<div class=\"elementor-element elementor-element-56b73236 elementor-widget elementor-widget-heading\" data-id=\"56b73236\" data-element_type=\"widget\" data-widget_type=\"heading.default\">\n\t\t\t\t<div class=\"elementor-widget-container\">\n\t\t\t\t\t<h2 class=\"elementor-heading-title elementor-size-default\">Appliqu\u00e9e<\/h2>\t\t\t\t<\/div>\n\t\t\t\t<\/div>\n\t\t\t\t\t<\/div>\n\t\t<\/div>\n\t\t\t\t<div class=\"elementor-column elementor-col-33 elementor-inner-column elementor-element elementor-element-15a4fd18\" data-id=\"15a4fd18\" data-element_type=\"column\">\n\t\t\t<div class=\"elementor-widget-wrap elementor-element-populated\">\n\t\t\t\t\t\t<div class=\"elementor-element elementor-element-22a5ab13 elementor-align-center elementor-mobile-align-center elementor-widget elementor-widget-button\" data-id=\"22a5ab13\" data-element_type=\"widget\" data-widget_type=\"button.default\">\n\t\t\t\t<div class=\"elementor-widget-container\">\n\t\t\t\t\t\t\t\t\t<div class=\"elementor-button-wrapper\">\n\t\t\t\t\t<a class=\"elementor-button elementor-button-link elementor-size-sm\" href=\"http:\/\/www.appliedsystems.com\" target=\"_blank\">\n\t\t\t\t\t\t<span class=\"elementor-button-content-wrapper\">\n\t\t\t\t\t\t\t\t\t<span class=\"elementor-button-text\">En savoir plus<\/span>\n\t\t\t\t\t<\/span>\n\t\t\t\t\t<\/a>\n\t\t\t\t<\/div>\n\t\t\t\t\t\t\t\t<\/div>\n\t\t\t\t<\/div>\n\t\t\t\t\t<\/div>\n\t\t<\/div>\n\t\t\t\t\t<\/div>\n\t\t<\/section>\n\t\t\t\t\t<\/div>\n\t\t<\/div>\n\t\t\t\t\t<\/div>\n\t\t<\/section>\n\t\t\t\t<section class=\"elementor-section elementor-top-section elementor-element elementor-element-30ea6397 elementor-section-boxed elementor-section-height-default elementor-section-height-default\" data-id=\"30ea6397\" data-element_type=\"section\">\n\t\t\t\t\t\t<div class=\"elementor-container elementor-column-gap-default\">\n\t\t\t\t\t<div class=\"elementor-column elementor-col-50 elementor-top-column elementor-element elementor-element-30784c28\" data-id=\"30784c28\" data-element_type=\"column\">\n\t\t\t<div class=\"elementor-widget-wrap elementor-element-populated\">\n\t\t\t\t\t\t<section class=\"elementor-section elementor-inner-section elementor-element elementor-element-21ecc67c elementor-section-boxed elementor-section-height-default elementor-section-height-default\" data-id=\"21ecc67c\" data-element_type=\"section\">\n\t\t\t\t\t\t<div class=\"elementor-container elementor-column-gap-default\">\n\t\t\t\t\t<div class=\"elementor-column elementor-col-50 elementor-inner-column elementor-element elementor-element-73a03dcf\" data-id=\"73a03dcf\" data-element_type=\"column\">\n\t\t\t<div class=\"elementor-widget-wrap elementor-element-populated\">\n\t\t\t\t\t\t<div class=\"elementor-element elementor-element-320a23f6 elementor-widget elementor-widget-image\" data-id=\"320a23f6\" data-element_type=\"widget\" data-widget_type=\"image.default\">\n\t\t\t\t<div class=\"elementor-widget-container\">\n\t\t\t\t\t\t\t\t\t\t\t\t\t\t\t<img decoding=\"async\" width=\"150\" height=\"150\" src=\"https:\/\/ibactech.ca\/wp-content\/uploads\/2024\/11\/Trufla-150x150.jpg\" class=\"attachment-thumbnail size-thumbnail wp-image-4495\" alt=\"\" srcset=\"https:\/\/ibactech.ca\/wp-content\/uploads\/2024\/11\/Trufla-150x150.jpg 150w, https:\/\/ibactech.ca\/wp-content\/uploads\/2024\/11\/Trufla.jpg 200w\" sizes=\"(max-width: 150px) 100vw, 150px\" \/>\t\t\t\t\t\t\t\t\t\t\t\t\t\t\t<\/div>\n\t\t\t\t<\/div>\n\t\t\t\t\t<\/div>\n\t\t<\/div>\n\t\t\t\t<div class=\"elementor-column elementor-col-50 elementor-inner-column elementor-element elementor-element-77f13ab\" data-id=\"77f13ab\" data-element_type=\"column\">\n\t\t\t<div class=\"elementor-widget-wrap elementor-element-populated\">\n\t\t\t\t\t\t<div class=\"elementor-element elementor-element-707a132b elementor-widget elementor-widget-heading\" data-id=\"707a132b\" data-element_type=\"widget\" data-widget_type=\"heading.default\">\n\t\t\t\t<div class=\"elementor-widget-container\">\n\t\t\t\t\t<h3 class=\"elementor-heading-title elementor-size-default\">Trufla truMarket<\/h3>\t\t\t\t<\/div>\n\t\t\t\t<\/div>\n\t\t\t\t<div class=\"elementor-element elementor-element-140ac46d elementor-align-left elementor-mobile-align-center elementor-widget elementor-widget-button\" data-id=\"140ac46d\" data-element_type=\"widget\" data-widget_type=\"button.default\">\n\t\t\t\t<div class=\"elementor-widget-container\">\n\t\t\t\t\t\t\t\t\t<div class=\"elementor-button-wrapper\">\n\t\t\t\t\t<a class=\"elementor-button elementor-button-link elementor-size-sm\" href=\"http:\/\/www.trufla.com\" target=\"_blank\">\n\t\t\t\t\t\t<span class=\"elementor-button-content-wrapper\">\n\t\t\t\t\t\t\t\t\t<span class=\"elementor-button-text\">En savoir plus<\/span>\n\t\t\t\t\t<\/span>\n\t\t\t\t\t<\/a>\n\t\t\t\t<\/div>\n\t\t\t\t\t\t\t\t<\/div>\n\t\t\t\t<\/div>\n\t\t\t\t\t<\/div>\n\t\t<\/div>\n\t\t\t\t\t<\/div>\n\t\t<\/section>\n\t\t\t\t\t<\/div>\n\t\t<\/div>\n\t\t\t\t<div class=\"elementor-column elementor-col-50 elementor-top-column elementor-element elementor-element-8e0ddb\" data-id=\"8e0ddb\" data-element_type=\"column\">\n\t\t\t<div class=\"elementor-widget-wrap elementor-element-populated\">\n\t\t\t\t\t\t<section class=\"elementor-section elementor-inner-section elementor-element elementor-element-6df1add8 elementor-section-boxed elementor-section-height-default elementor-section-height-default\" data-id=\"6df1add8\" data-element_type=\"section\">\n\t\t\t\t\t\t<div class=\"elementor-container elementor-column-gap-default\">\n\t\t\t\t\t<div class=\"elementor-column elementor-col-50 elementor-inner-column elementor-element elementor-element-6249d1e7\" data-id=\"6249d1e7\" data-element_type=\"column\">\n\t\t\t<div class=\"elementor-widget-wrap elementor-element-populated\">\n\t\t\t\t\t\t<div class=\"elementor-element elementor-element-6c143917 elementor-widget elementor-widget-image\" data-id=\"6c143917\" data-element_type=\"widget\" data-widget_type=\"image.default\">\n\t\t\t\t<div class=\"elementor-widget-container\">\n\t\t\t\t\t\t\t\t\t\t\t\t\t\t\t<img decoding=\"async\" width=\"150\" height=\"150\" src=\"https:\/\/ibactech.ca\/wp-content\/uploads\/2025\/01\/powerbroker-150x150.jpg\" class=\"attachment-thumbnail size-thumbnail wp-image-4810\" alt=\"\" srcset=\"https:\/\/ibactech.ca\/wp-content\/uploads\/2025\/01\/powerbroker-150x150.jpg 150w, https:\/\/ibactech.ca\/wp-content\/uploads\/2025\/01\/powerbroker.jpg 200w\" sizes=\"(max-width: 150px) 100vw, 150px\" \/>\t\t\t\t\t\t\t\t\t\t\t\t\t\t\t<\/div>\n\t\t\t\t<\/div>\n\t\t\t\t\t<\/div>\n\t\t<\/div>\n\t\t\t\t<div class=\"elementor-column elementor-col-50 elementor-inner-column elementor-element elementor-element-1708dd99\" data-id=\"1708dd99\" data-element_type=\"column\">\n\t\t\t<div class=\"elementor-widget-wrap elementor-element-populated\">\n\t\t\t\t\t\t<div class=\"elementor-element elementor-element-4011d85d elementor-widget elementor-widget-heading\" data-id=\"4011d85d\" data-element_type=\"widget\" data-widget_type=\"heading.default\">\n\t\t\t\t<div class=\"elementor-widget-container\">\n\t\t\t\t\t<h3 class=\"elementor-heading-title elementor-size-default\">Courtier en puissance\n<\/h3>\t\t\t\t<\/div>\n\t\t\t\t<\/div>\n\t\t\t\t<div class=\"elementor-element elementor-element-2a6c19d8 elementor-align-left elementor-mobile-align-center elementor-widget elementor-widget-button\" data-id=\"2a6c19d8\" data-element_type=\"widget\" data-widget_type=\"button.default\">\n\t\t\t\t<div class=\"elementor-widget-container\">\n\t\t\t\t\t\t\t\t\t<div class=\"elementor-button-wrapper\">\n\t\t\t\t\t<a class=\"elementor-button elementor-button-link elementor-size-sm\" href=\"https:\/\/www.powerbroker.ai\" target=\"_blank\">\n\t\t\t\t\t\t<span class=\"elementor-button-content-wrapper\">\n\t\t\t\t\t\t\t\t\t<span class=\"elementor-button-text\">En savoir plus<\/span>\n\t\t\t\t\t<\/span>\n\t\t\t\t\t<\/a>\n\t\t\t\t<\/div>\n\t\t\t\t\t\t\t\t<\/div>\n\t\t\t\t<\/div>\n\t\t\t\t\t<\/div>\n\t\t<\/div>\n\t\t\t\t\t<\/div>\n\t\t<\/section>\n\t\t\t\t\t<\/div>\n\t\t<\/div>\n\t\t\t\t\t<\/div>\n\t\t<\/section>\n\t\t\t\t<section class=\"elementor-section elementor-top-section elementor-element elementor-element-85bbfd6 elementor-section-boxed elementor-section-height-default elementor-section-height-default\" data-id=\"85bbfd6\" data-element_type=\"section\">\n\t\t\t\t\t\t<div class=\"elementor-container elementor-column-gap-default\">\n\t\t\t\t\t<div class=\"elementor-column elementor-col-100 elementor-top-column elementor-element elementor-element-da6029c\" data-id=\"da6029c\" data-element_type=\"column\">\n\t\t\t<div class=\"elementor-widget-wrap elementor-element-populated\">\n\t\t\t\t\t\t<div class=\"elementor-element elementor-element-e63335a elementor-widget elementor-widget-text-editor\" data-id=\"e63335a\" data-element_type=\"widget\" data-widget_type=\"text-editor.default\">\n\t\t\t\t<div class=\"elementor-widget-container\">\n\t\t\t\t\t\t\t\t\t<h1 style=\"text-align: center;\">Gestion des polices \u2013 Pointage<\/h1><p><br><strong>Gestion des polices et des clients (5 points)<\/strong><br><strong>Description:<\/strong> La capacit\u00e9 de g\u00e9rer les clients et leurs polices, y compris le suivi des renouvellements, des avenants et des interactions clients..<br><strong>\u00c9l\u00e9ments \u00e0 consid\u00e9rer:<\/strong> Le syst\u00e8me de gestion de courtage fournit-il une fa\u00e7on simple d\u2019acc\u00e9der et de g\u00e9rer les profils clients, l\u2019historique des polices et les changements?<\/p><p><br><strong>Int\u00e9gration avec d\u2019autres syst\u00e8mes (5 points)<\/strong><br><strong>Description:<\/strong> Dans quelle mesure le syst\u00e8me de gestion de courtage s\u2019int\u00e8gre-t-il aux syst\u00e8mes importants, notamment les outils de soumission\/tarification, les plateformes des assureurs, les syst\u00e8mes de gestion de la relation client et le logiciel comptable.<br><strong>\u00c9l\u00e9ments \u00e0 consid\u00e9rer:<\/strong> Le syst\u00e8me offre-t-il une int\u00e9gration fluide avec les syst\u00e8mes externes comme les plateformes des assureurs et d\u2019\u00e9tablissement des soumissions?<br>Existe-t-il un API solide qui facilite l\u2019int\u00e9gration avec les autres outils? <\/p><p><br><strong>Automatisation des t\u00e2ches habituelles (5 points)<\/strong><br><strong>Description:<\/strong> La capacit\u00e9 d\u2019automatiser les t\u00e2ches habituelles, comme le renouvellement des polices, la facturation et la production de rapports.<br><strong>\u00c9l\u00e9ments \u00e0 consid\u00e9rer:<\/strong> Dans quelle mesure le syst\u00e8me permet-il de bien automatiser les t\u00e2ches importantes?<br>Peut-il d\u00e9clencher automatiquement les processus de renouvellement et de rappel et les flux de travail habituels? <\/p><p><br><strong>Tarification et optimisation des ressources (5 points)<\/strong><br><strong>Description:<\/strong> Le mod\u00e8le de tarification et la valeur totale offerte par le syst\u00e8me de gestion de courtage en ce qui concerne les caract\u00e9ristiques et fonctionnalit\u00e9s.<br><strong>\u00c9l\u00e9ments \u00e0 consid\u00e9rer:<\/strong> La facturation est-elle transparente et raisonnable, compte tenu des fonctionnalit\u00e9s offertes?<br>Les ressources sont-elles optimis\u00e9es en ce qui concerne l\u2019adaptabilit\u00e9 et la facilit\u00e9 d\u2019utilisation? <\/p><p><br><strong>Rapports et analyses (5 points)<\/strong><br><strong>Description:<\/strong> La capacit\u00e9 du syst\u00e8me \u00e0 g\u00e9n\u00e9rer des rapports complets sur les polices, les tendances et les indicateurs cl\u00e9s de performance et de fournir des donn\u00e9es granulaires sur les couvertures, les polices et la performance globale du portefeuille.<br><strong>\u00c9l\u00e9ments \u00e0 consid\u00e9rer:<\/strong> Le syst\u00e8me permet-il d\u2019\u00e9tablir des rapports d\u00e9taill\u00e9s avec des analyses et tendances?<br>Le syst\u00e8me peut-il d\u00e9sagr\u00e9ger les donn\u00e9es en fonction des \u00e9l\u00e9ments de couverture et des tendances qui peuvent \u00eatre d\u00e9gag\u00e9es du portefeuille d\u2019affaires et suivre les indicateurs cl\u00e9s de performance? <\/p>\t\t\t\t\t\t\t\t<\/div>\n\t\t\t\t<\/div>\n\t\t\t\t\t<\/div>\n\t\t<\/div>\n\t\t\t\t\t<\/div>\n\t\t<\/section>\n\t\t\t\t<\/div>\n\t\t","protected":false},"excerpt":{"rendered":"<p>Les fournisseurs suivants ont \u00e9t\u00e9 choisis par les participants du courtier Stackathon comme leur(s) premier(s) choix(s) dans Gestion des politiques Appliqu\u00e9e En savoir plus Trufla truMarket En savoir plus Courtier en puissance En savoir plus Gestion des polices \u2013 Pointage Gestion des polices et des clients (5 points)Description: La capacit\u00e9 de g\u00e9rer les clients et [&hellip;]<\/p>\n","protected":false},"author":2,"featured_media":0,"parent":3443,"menu_order":0,"comment_status":"closed","ping_status":"closed","template":"elementor_header_footer","meta":{"_acf_changed":false,"inline_featured_image":false,"footnotes":""},"class_list":["post-4352","page","type-page","status-publish","hentry","bg-purple"],"acf":[],"yoast_head":"<!-- This site is optimized with the Yoast SEO plugin v26.8 - https:\/\/yoast.com\/product\/yoast-seo-wordpress\/ -->\n<title>Gestion des politiques - IBAC - Tech<\/title>\n<meta name=\"robots\" content=\"index, follow, max-snippet:-1, max-image-preview:large, max-video-preview:-1\" \/>\n<link rel=\"canonical\" href=\"https:\/\/ibactech.ca\/stackathon-segments\/policy-management\/\" \/>\n<meta property=\"og:locale\" content=\"fr_FR\" \/>\n<meta property=\"og:type\" content=\"article\" \/>\n<meta property=\"og:title\" content=\"Gestion des politiques - IBAC - Tech\" \/>\n<meta property=\"og:description\" content=\"Les fournisseurs suivants ont \u00e9t\u00e9 choisis par les participants du courtier Stackathon comme leur(s) premier(s) choix(s) dans Gestion des politiques Appliqu\u00e9e En savoir plus Trufla truMarket En savoir plus Courtier en puissance En savoir plus Gestion des polices \u2013 Pointage Gestion des polices et des clients (5 points)Description: La capacit\u00e9 de g\u00e9rer les clients et [&hellip;]\" \/>\n<meta property=\"og:url\" content=\"https:\/\/ibactech.ca\/stackathon-segments\/policy-management\/\" \/>\n<meta property=\"og:site_name\" content=\"IBAC - Tech\" \/>\n<meta property=\"article:modified_time\" content=\"2025-03-20T22:19:41+00:00\" \/>\n<meta property=\"og:image\" content=\"https:\/\/ibactech.ca\/wp-content\/uploads\/2025\/01\/07.jpg\" \/>\n<meta name=\"twitter:card\" content=\"summary_large_image\" \/>\n<script type=\"application\/ld+json\" class=\"yoast-schema-graph\">{\"@context\":\"https:\/\/schema.org\",\"@graph\":[{\"@type\":\"WebPage\",\"@id\":\"https:\/\/ibactech.ca\/stackathon-segments\/policy-management\/\",\"url\":\"https:\/\/ibactech.ca\/stackathon-segments\/policy-management\/\",\"name\":\"Gestion des politiques - IBAC - Tech\",\"isPartOf\":{\"@id\":\"https:\/\/ibactech.ca\/#website\"},\"primaryImageOfPage\":{\"@id\":\"https:\/\/ibactech.ca\/stackathon-segments\/policy-management\/#primaryimage\"},\"image\":{\"@id\":\"https:\/\/ibactech.ca\/stackathon-segments\/policy-management\/#primaryimage\"},\"thumbnailUrl\":\"https:\/\/ibactech.ca\/wp-content\/uploads\/2025\/01\/07.jpg\",\"datePublished\":\"2025-01-03T12:34:12+00:00\",\"dateModified\":\"2025-03-20T22:19:41+00:00\",\"breadcrumb\":{\"@id\":\"https:\/\/ibactech.ca\/stackathon-segments\/policy-management\/#breadcrumb\"},\"inLanguage\":\"fr-FR\",\"potentialAction\":[{\"@type\":\"ReadAction\",\"target\":[\"https:\/\/ibactech.ca\/stackathon-segments\/policy-management\/\"]}]},{\"@type\":\"ImageObject\",\"inLanguage\":\"fr-FR\",\"@id\":\"https:\/\/ibactech.ca\/stackathon-segments\/policy-management\/#primaryimage\",\"url\":\"https:\/\/ibactech.ca\/wp-content\/uploads\/2025\/01\/07.jpg\",\"contentUrl\":\"https:\/\/ibactech.ca\/wp-content\/uploads\/2025\/01\/07.jpg\"},{\"@type\":\"BreadcrumbList\",\"@id\":\"https:\/\/ibactech.ca\/stackathon-segments\/policy-management\/#breadcrumb\",\"itemListElement\":[{\"@type\":\"ListItem\",\"position\":1,\"name\":\"Accueil\",\"item\":\"https:\/\/ibactech.ca\/\"},{\"@type\":\"ListItem\",\"position\":2,\"name\":\"Segments du Stackathon\",\"item\":\"https:\/\/ibactech.ca\/stackathon-segments\/\"},{\"@type\":\"ListItem\",\"position\":3,\"name\":\"Gestion des politiques\"}]},{\"@type\":\"WebSite\",\"@id\":\"https:\/\/ibactech.ca\/#website\",\"url\":\"https:\/\/ibactech.ca\/\",\"name\":\"IbacTech\",\"description\":\"\",\"publisher\":{\"@id\":\"https:\/\/ibactech.ca\/#organization\"},\"potentialAction\":[{\"@type\":\"SearchAction\",\"target\":{\"@type\":\"EntryPoint\",\"urlTemplate\":\"https:\/\/ibactech.ca\/?s={search_term_string}\"},\"query-input\":{\"@type\":\"PropertyValueSpecification\",\"valueRequired\":true,\"valueName\":\"search_term_string\"}}],\"inLanguage\":\"fr-FR\"},{\"@type\":\"Organization\",\"@id\":\"https:\/\/ibactech.ca\/#organization\",\"name\":\"IBAC - Tech\",\"url\":\"https:\/\/ibactech.ca\/\",\"logo\":{\"@type\":\"ImageObject\",\"inLanguage\":\"fr-FR\",\"@id\":\"https:\/\/ibactech.ca\/#\/schema\/logo\/image\/\",\"url\":\"https:\/\/ibactech.ca\/wp-content\/uploads\/2024\/09\/IBACTech_4C-128.png\",\"contentUrl\":\"https:\/\/ibactech.ca\/wp-content\/uploads\/2024\/09\/IBACTech_4C-128.png\",\"width\":269,\"height\":128,\"caption\":\"IBAC - Tech\"},\"image\":{\"@id\":\"https:\/\/ibactech.ca\/#\/schema\/logo\/image\/\"}}]}<\/script>\n<!-- \/ Yoast SEO plugin. -->","yoast_head_json":{"title":"Gestion des politiques - IBAC - Tech","robots":{"index":"index","follow":"follow","max-snippet":"max-snippet:-1","max-image-preview":"max-image-preview:large","max-video-preview":"max-video-preview:-1"},"canonical":"https:\/\/ibactech.ca\/stackathon-segments\/policy-management\/","og_locale":"fr_FR","og_type":"article","og_title":"Gestion des politiques - IBAC - Tech","og_description":"Les fournisseurs suivants ont \u00e9t\u00e9 choisis par les participants du courtier Stackathon comme leur(s) premier(s) choix(s) dans Gestion des politiques Appliqu\u00e9e En savoir plus Trufla truMarket En savoir plus Courtier en puissance En savoir plus Gestion des polices \u2013 Pointage Gestion des polices et des clients (5 points)Description: La capacit\u00e9 de g\u00e9rer les clients et [&hellip;]","og_url":"https:\/\/ibactech.ca\/stackathon-segments\/policy-management\/","og_site_name":"IBAC - Tech","article_modified_time":"2025-03-20T22:19:41+00:00","og_image":[{"url":"https:\/\/ibactech.ca\/wp-content\/uploads\/2025\/01\/07.jpg","type":"","width":"","height":""}],"twitter_card":"summary_large_image","schema":{"@context":"https:\/\/schema.org","@graph":[{"@type":"WebPage","@id":"https:\/\/ibactech.ca\/stackathon-segments\/policy-management\/","url":"https:\/\/ibactech.ca\/stackathon-segments\/policy-management\/","name":"Gestion des politiques - IBAC - Tech","isPartOf":{"@id":"https:\/\/ibactech.ca\/#website"},"primaryImageOfPage":{"@id":"https:\/\/ibactech.ca\/stackathon-segments\/policy-management\/#primaryimage"},"image":{"@id":"https:\/\/ibactech.ca\/stackathon-segments\/policy-management\/#primaryimage"},"thumbnailUrl":"https:\/\/ibactech.ca\/wp-content\/uploads\/2025\/01\/07.jpg","datePublished":"2025-01-03T12:34:12+00:00","dateModified":"2025-03-20T22:19:41+00:00","breadcrumb":{"@id":"https:\/\/ibactech.ca\/stackathon-segments\/policy-management\/#breadcrumb"},"inLanguage":"fr-FR","potentialAction":[{"@type":"ReadAction","target":["https:\/\/ibactech.ca\/stackathon-segments\/policy-management\/"]}]},{"@type":"ImageObject","inLanguage":"fr-FR","@id":"https:\/\/ibactech.ca\/stackathon-segments\/policy-management\/#primaryimage","url":"https:\/\/ibactech.ca\/wp-content\/uploads\/2025\/01\/07.jpg","contentUrl":"https:\/\/ibactech.ca\/wp-content\/uploads\/2025\/01\/07.jpg"},{"@type":"BreadcrumbList","@id":"https:\/\/ibactech.ca\/stackathon-segments\/policy-management\/#breadcrumb","itemListElement":[{"@type":"ListItem","position":1,"name":"Accueil","item":"https:\/\/ibactech.ca\/"},{"@type":"ListItem","position":2,"name":"Segments du Stackathon","item":"https:\/\/ibactech.ca\/stackathon-segments\/"},{"@type":"ListItem","position":3,"name":"Gestion des politiques"}]},{"@type":"WebSite","@id":"https:\/\/ibactech.ca\/#website","url":"https:\/\/ibactech.ca\/","name":"IbacTech","description":"","publisher":{"@id":"https:\/\/ibactech.ca\/#organization"},"potentialAction":[{"@type":"SearchAction","target":{"@type":"EntryPoint","urlTemplate":"https:\/\/ibactech.ca\/?s={search_term_string}"},"query-input":{"@type":"PropertyValueSpecification","valueRequired":true,"valueName":"search_term_string"}}],"inLanguage":"fr-FR"},{"@type":"Organization","@id":"https:\/\/ibactech.ca\/#organization","name":"IBAC - Tech","url":"https:\/\/ibactech.ca\/","logo":{"@type":"ImageObject","inLanguage":"fr-FR","@id":"https:\/\/ibactech.ca\/#\/schema\/logo\/image\/","url":"https:\/\/ibactech.ca\/wp-content\/uploads\/2024\/09\/IBACTech_4C-128.png","contentUrl":"https:\/\/ibactech.ca\/wp-content\/uploads\/2024\/09\/IBACTech_4C-128.png","width":269,"height":128,"caption":"IBAC - Tech"},"image":{"@id":"https:\/\/ibactech.ca\/#\/schema\/logo\/image\/"}}]}},"_links":{"self":[{"href":"https:\/\/ibactech.ca\/fr\/wp-json\/wp\/v2\/pages\/4352","targetHints":{"allow":["GET"]}}],"collection":[{"href":"https:\/\/ibactech.ca\/fr\/wp-json\/wp\/v2\/pages"}],"about":[{"href":"https:\/\/ibactech.ca\/fr\/wp-json\/wp\/v2\/types\/page"}],"author":[{"embeddable":true,"href":"https:\/\/ibactech.ca\/fr\/wp-json\/wp\/v2\/users\/2"}],"replies":[{"embeddable":true,"href":"https:\/\/ibactech.ca\/fr\/wp-json\/wp\/v2\/comments?post=4352"}],"version-history":[{"count":0,"href":"https:\/\/ibactech.ca\/fr\/wp-json\/wp\/v2\/pages\/4352\/revisions"}],"up":[{"embeddable":true,"href":"https:\/\/ibactech.ca\/fr\/wp-json\/wp\/v2\/pages\/3443"}],"wp:attachment":[{"href":"https:\/\/ibactech.ca\/fr\/wp-json\/wp\/v2\/media?parent=4352"}],"curies":[{"name":"wp","href":"https:\/\/api.w.org\/{rel}","templated":true}]}}