{"id":2380,"date":"2024-10-17T06:49:51","date_gmt":"2024-10-17T06:49:51","guid":{"rendered":"https:\/\/ibactech.ca\/blog\/"},"modified":"2025-04-03T16:13:07","modified_gmt":"2025-04-03T16:13:07","slug":"nouvelles-et-mises-a-jour-techniques","status":"publish","type":"page","link":"https:\/\/ibactech.ca\/fr\/nouvelles-et-mises-a-jour-techniques\/","title":{"rendered":"Nouvelles et mises \u00e0 jour techniques"},"content":{"rendered":"\t\t<div data-elementor-type=\"wp-page\" data-elementor-id=\"2380\" class=\"elementor elementor-2380 elementor-2378\" data-elementor-post-type=\"page\">\n\t\t\t\t\t\t<section class=\"elementor-section elementor-top-section elementor-element elementor-element-613b3d9 elementor-section-full_width elementor-hidden-desktop elementor-hidden-tablet elementor-hidden-mobile elementor-section-height-default elementor-section-height-default\" data-id=\"613b3d9\" data-element_type=\"section\" data-settings=\"{&quot;background_background&quot;:&quot;classic&quot;}\">\n\t\t\t\t\t\t<div class=\"elementor-container elementor-column-gap-default\">\n\t\t\t\t\t<div class=\"elementor-column elementor-col-100 elementor-top-column elementor-element elementor-element-16b37a3\" data-id=\"16b37a3\" data-element_type=\"column\">\n\t\t\t<div class=\"elementor-widget-wrap elementor-element-populated\">\n\t\t\t\t\t\t<div class=\"elementor-element elementor-element-9ad17bd elementor-widget elementor-widget-text-editor\" data-id=\"9ad17bd\" data-element_type=\"widget\" data-widget_type=\"text-editor.default\">\n\t\t\t\t<div class=\"elementor-widget-container\">\n\t\t\t\t\t\t\t\t\t<p>Advert<\/p>\t\t\t\t\t\t\t\t<\/div>\n\t\t\t\t<\/div>\n\t\t\t\t\t<\/div>\n\t\t<\/div>\n\t\t\t\t\t<\/div>\n\t\t<\/section>\n\t\t\t\t<section class=\"elementor-section elementor-top-section elementor-element elementor-element-f0f7f8b tech-news elementor-section-boxed elementor-section-height-default elementor-section-height-default\" data-id=\"f0f7f8b\" data-element_type=\"section\">\n\t\t\t\t\t\t<div class=\"elementor-container elementor-column-gap-default\">\n\t\t\t\t\t<div class=\"elementor-column elementor-col-66 elementor-top-column elementor-element elementor-element-dcb1a83\" data-id=\"dcb1a83\" data-element_type=\"column\">\n\t\t\t<div class=\"elementor-widget-wrap elementor-element-populated\">\n\t\t\t\t\t\t<div class=\"elementor-element elementor-element-fd4f7ba elementor-widget elementor-widget-heading\" data-id=\"fd4f7ba\" data-element_type=\"widget\" data-widget_type=\"heading.default\">\n\t\t\t\t<div class=\"elementor-widget-container\">\n\t\t\t\t\t<h2 class=\"elementor-heading-title elementor-size-default\">Nouvelles et mises \u00e0 jour techno<\/h2>\t\t\t\t<\/div>\n\t\t\t\t<\/div>\n\t\t\t\t<div class=\"elementor-element elementor-element-1d8499b elementor-grid-1 elementor-posts--thumbnail-left elementor-posts--align-left elementor-grid-tablet-2 elementor-grid-mobile-1 load-more-align-center elementor-widget elementor-widget-posts\" data-id=\"1d8499b\" data-element_type=\"widget\" data-settings=\"{&quot;classic_columns&quot;:&quot;1&quot;,&quot;classic_row_gap&quot;:{&quot;unit&quot;:&quot;px&quot;,&quot;size&quot;:22,&quot;sizes&quot;:[]},&quot;pagination_type&quot;:&quot;load_more_on_click&quot;,&quot;classic_columns_tablet&quot;:&quot;2&quot;,&quot;classic_columns_mobile&quot;:&quot;1&quot;,&quot;classic_row_gap_tablet&quot;:{&quot;unit&quot;:&quot;px&quot;,&quot;size&quot;:&quot;&quot;,&quot;sizes&quot;:[]},&quot;classic_row_gap_mobile&quot;:{&quot;unit&quot;:&quot;px&quot;,&quot;size&quot;:&quot;&quot;,&quot;sizes&quot;:[]},&quot;load_more_spinner&quot;:{&quot;value&quot;:&quot;fas fa-spinner&quot;,&quot;library&quot;:&quot;fa-solid&quot;}}\" data-widget_type=\"posts.classic\">\n\t\t\t\t<div class=\"elementor-widget-container\">\n\t\t\t\t\t\t\t<div class=\"elementor-posts-container elementor-posts elementor-posts--skin-classic elementor-grid\" role=\"list\">\n\t\t\t\t<article class=\"elementor-post elementor-grid-item post-7598 post type-post status-publish format-standard has-post-thumbnail hentry category-blog-fr bg-purple\" role=\"listitem\">\n\t\t\t\t<a class=\"elementor-post__thumbnail__link\" href=\"https:\/\/ibactech.ca\/fr\/le-catalyseur-dinnovation-un-bond-quantique-pour-le-courtier-connecte\/\" tabindex=\"-1\" >\n\t\t\t<div class=\"elementor-post__thumbnail\"><img fetchpriority=\"high\" decoding=\"async\" width=\"2000\" height=\"800\" src=\"https:\/\/ibactech.ca\/wp-content\/uploads\/2026\/02\/The-Innovation-Catalyst-A-Quantum-Leap-for-the-Connected-Broker.png\" class=\"attachment-full size-full wp-image-7594\" alt=\"\" srcset=\"https:\/\/ibactech.ca\/wp-content\/uploads\/2026\/02\/The-Innovation-Catalyst-A-Quantum-Leap-for-the-Connected-Broker.png 2000w, https:\/\/ibactech.ca\/wp-content\/uploads\/2026\/02\/The-Innovation-Catalyst-A-Quantum-Leap-for-the-Connected-Broker-300x120.png 300w, https:\/\/ibactech.ca\/wp-content\/uploads\/2026\/02\/The-Innovation-Catalyst-A-Quantum-Leap-for-the-Connected-Broker-1024x410.png 1024w, https:\/\/ibactech.ca\/wp-content\/uploads\/2026\/02\/The-Innovation-Catalyst-A-Quantum-Leap-for-the-Connected-Broker-768x307.png 768w, https:\/\/ibactech.ca\/wp-content\/uploads\/2026\/02\/The-Innovation-Catalyst-A-Quantum-Leap-for-the-Connected-Broker-1536x614.png 1536w\" sizes=\"(max-width: 2000px) 100vw, 2000px\" \/><\/div>\n\t\t<\/a>\n\t\t\t\t<div class=\"elementor-post__text\">\n\t\t\t\t<h3 class=\"elementor-post__title\">\n\t\t\t<a href=\"https:\/\/ibactech.ca\/fr\/le-catalyseur-dinnovation-un-bond-quantique-pour-le-courtier-connecte\/\" >\n\t\t\t\tLe catalyseur d&rsquo;innovation : un bond quantique pour le courtier connect\u00e9\t\t\t<\/a>\n\t\t<\/h3>\n\t\t\t\t<div class=\"elementor-post__meta-data\">\n\t\t\t\t\t<span class=\"elementor-post-author\">\n\t\t\tIBACtech\t\t<\/span>\n\t\t\t\t<span class=\"elementor-post-date\">\n\t\t\tf\u00e9vrier 18, 2026\t\t<\/span>\n\t\t\t\t<\/div>\n\t\t\t\t<div class=\"elementor-post__excerpt\">\n\t\t\t<p>Dans le monde de la technologie, la connectivit\u00e9 est souvent le \u00ab point de bascule \u00bb qui fait passer une industrie d&rsquo;am\u00e9liorations progressives \u00e0 une<\/p>\n\t\t<\/div>\n\t\t\t\t\t<div class=\"elementor-post__read-more-wrapper\">\n\t\t\n\t\t<a class=\"elementor-post__read-more\" href=\"https:\/\/ibactech.ca\/fr\/le-catalyseur-dinnovation-un-bond-quantique-pour-le-courtier-connecte\/\" aria-label=\"En savoir plus sur Le catalyseur d&rsquo;innovation : un bond quantique pour le courtier connect\u00e9\" tabindex=\"-1\" >\n\t\t\tPlus \u00bb\t\t<\/a>\n\n\t\t\t\t\t<\/div>\n\t\t\t\t<\/div>\n\t\t\t\t<\/article>\n\t\t\t\t<article class=\"elementor-post elementor-grid-item post-7597 post type-post status-publish format-standard has-post-thumbnail hentry category-blog-fr bg-purple\" role=\"listitem\">\n\t\t\t\t<a class=\"elementor-post__thumbnail__link\" href=\"https:\/\/ibactech.ca\/fr\/efficacite-et-innovation-pourquoi-la-passerelle-api-du-csio-est-un-gain-strategique-pour-les-assureurs\/\" tabindex=\"-1\" >\n\t\t\t<div class=\"elementor-post__thumbnail\"><img decoding=\"async\" width=\"2000\" height=\"800\" src=\"https:\/\/ibactech.ca\/wp-content\/uploads\/2026\/02\/Efficiency-and-Innovation-Why-the-CSIO-API-Gateway-is-a-Strategic-Win-for-Carriers.png\" class=\"attachment-full size-full wp-image-7591\" alt=\"\" srcset=\"https:\/\/ibactech.ca\/wp-content\/uploads\/2026\/02\/Efficiency-and-Innovation-Why-the-CSIO-API-Gateway-is-a-Strategic-Win-for-Carriers.png 2000w, https:\/\/ibactech.ca\/wp-content\/uploads\/2026\/02\/Efficiency-and-Innovation-Why-the-CSIO-API-Gateway-is-a-Strategic-Win-for-Carriers-300x120.png 300w, https:\/\/ibactech.ca\/wp-content\/uploads\/2026\/02\/Efficiency-and-Innovation-Why-the-CSIO-API-Gateway-is-a-Strategic-Win-for-Carriers-1024x410.png 1024w, https:\/\/ibactech.ca\/wp-content\/uploads\/2026\/02\/Efficiency-and-Innovation-Why-the-CSIO-API-Gateway-is-a-Strategic-Win-for-Carriers-768x307.png 768w, https:\/\/ibactech.ca\/wp-content\/uploads\/2026\/02\/Efficiency-and-Innovation-Why-the-CSIO-API-Gateway-is-a-Strategic-Win-for-Carriers-1536x614.png 1536w\" sizes=\"(max-width: 2000px) 100vw, 2000px\" \/><\/div>\n\t\t<\/a>\n\t\t\t\t<div class=\"elementor-post__text\">\n\t\t\t\t<h3 class=\"elementor-post__title\">\n\t\t\t<a href=\"https:\/\/ibactech.ca\/fr\/efficacite-et-innovation-pourquoi-la-passerelle-api-du-csio-est-un-gain-strategique-pour-les-assureurs\/\" >\n\t\t\t\tEfficacit\u00e9 et innovation : pourquoi la passerelle API du CSIO est un gain strat\u00e9gique pour les assureurs\t\t\t<\/a>\n\t\t<\/h3>\n\t\t\t\t<div class=\"elementor-post__meta-data\">\n\t\t\t\t\t<span class=\"elementor-post-author\">\n\t\t\tIBACtech\t\t<\/span>\n\t\t\t\t<span class=\"elementor-post-date\">\n\t\t\tf\u00e9vrier 18, 2026\t\t<\/span>\n\t\t\t\t<\/div>\n\t\t\t\t<div class=\"elementor-post__excerpt\">\n\t\t\t<p>Bien que l&rsquo;essentiel des discussions sur la transformation num\u00e9rique porte sur l&rsquo;exp\u00e9rience des courtiers, la strat\u00e9gie du Centre d\u2019\u00e9tude de la pratique des assurances (CSIO)<\/p>\n\t\t<\/div>\n\t\t\t\t\t<div class=\"elementor-post__read-more-wrapper\">\n\t\t\n\t\t<a class=\"elementor-post__read-more\" href=\"https:\/\/ibactech.ca\/fr\/efficacite-et-innovation-pourquoi-la-passerelle-api-du-csio-est-un-gain-strategique-pour-les-assureurs\/\" aria-label=\"En savoir plus sur Efficacit\u00e9 et innovation : pourquoi la passerelle API du CSIO est un gain strat\u00e9gique pour les assureurs\" tabindex=\"-1\" >\n\t\t\tPlus \u00bb\t\t<\/a>\n\n\t\t\t\t\t<\/div>\n\t\t\t\t<\/div>\n\t\t\t\t<\/article>\n\t\t\t\t<\/div>\n\t\t\t\t\t<span class=\"e-load-more-spinner\">\n\t\t\t\t<svg aria-hidden=\"true\" class=\"e-font-icon-svg e-fas-spinner\" viewBox=\"0 0 512 512\" xmlns=\"http:\/\/www.w3.org\/2000\/svg\"><path d=\"M304 48c0 26.51-21.49 48-48 48s-48-21.49-48-48 21.49-48 48-48 48 21.49 48 48zm-48 368c-26.51 0-48 21.49-48 48s21.49 48 48 48 48-21.49 48-48-21.49-48-48-48zm208-208c-26.51 0-48 21.49-48 48s21.49 48 48 48 48-21.49 48-48-21.49-48-48-48zM96 256c0-26.51-21.49-48-48-48S0 229.49 0 256s21.49 48 48 48 48-21.49 48-48zm12.922 99.078c-26.51 0-48 21.49-48 48s21.49 48 48 48 48-21.49 48-48c0-26.509-21.491-48-48-48zm294.156 0c-26.51 0-48 21.49-48 48s21.49 48 48 48 48-21.49 48-48c0-26.509-21.49-48-48-48zM108.922 60.922c-26.51 0-48 21.49-48 48s21.49 48 48 48 48-21.49 48-48-21.491-48-48-48z\"><\/path><\/svg>\t\t\t<\/span>\n\t\t\n\t\t\t\t<div class=\"e-load-more-anchor\" data-page=\"1\" data-max-page=\"27\" data-next-page=\"https:\/\/ibactech.ca\/fr\/wp-json\/wp\/v2\/pages\/2380\/page\/2\/\"><\/div>\n\t\t\t\t<div class=\"elementor-button-wrapper\">\n\t\t\t<a class=\"elementor-button elementor-size-sm\" role=\"button\">\n\t\t\t\t\t\t<span class=\"elementor-button-content-wrapper\">\n\t\t\t\t\t\t\t\t\t<span class=\"elementor-button-text\">Voir plus<\/span>\n\t\t\t\t\t<\/span>\n\t\t\t\t\t<\/a>\n\t\t<\/div>\n\t\t\t\t<div class=\"e-load-more-message\"><\/div>\n\t\t\t\t\t\t<\/div>\n\t\t\t\t<\/div>\n\t\t\t\t\t<\/div>\n\t\t<\/div>\n\t\t\t\t<div class=\"elementor-column elementor-col-33 elementor-top-column elementor-element elementor-element-cc004fd sidebar_post\" data-id=\"cc004fd\" data-element_type=\"column\">\n\t\t\t<div class=\"elementor-widget-wrap elementor-element-populated\">\n\t\t\t\t\t\t<div class=\"elementor-element elementor-element-16db978 elementor-widget elementor-widget-search\" data-id=\"16db978\" data-element_type=\"widget\" data-settings=\"{&quot;submit_trigger&quot;:&quot;click_submit&quot;,&quot;pagination_type_options&quot;:&quot;none&quot;}\" data-widget_type=\"search.default\">\n\t\t\t\t<div class=\"elementor-widget-container\">\n\t\t\t\t\t\t\t<search class=\"e-search hidden\" role=\"search\">\n\t\t\t<form class=\"e-search-form\" action=\"https:\/\/ibactech.ca\/fr\/\" method=\"get\">\n\n\t\t\t\t\n\t\t\t\t<label class=\"e-search-label\" for=\"search-16db978\">\n\t\t\t\t\t<span class=\"elementor-screen-only\">\n\t\t\t\t\t\tRechercher \t\t\t\t\t<\/span>\n\t\t\t\t\t\t\t\t\t<\/label>\n\n\t\t\t\t<div class=\"e-search-input-wrapper\">\n\t\t\t\t\t<input id=\"search-16db978\" placeholder=\"Text\" class=\"e-search-input\" type=\"search\" name=\"s\" value=\"\" autocomplete=\"on\" role=\"combobox\" aria-autocomplete=\"list\" aria-expanded=\"false\" aria-controls=\"results-16db978\" aria-haspopup=\"listbox\">\n\t\t\t\t\t<svg aria-hidden=\"true\" class=\"e-font-icon-svg e-fas-times\" viewBox=\"0 0 352 512\" xmlns=\"http:\/\/www.w3.org\/2000\/svg\"><path d=\"M242.72 256l100.07-100.07c12.28-12.28 12.28-32.19 0-44.48l-22.24-22.24c-12.28-12.28-32.19-12.28-44.48 0L176 189.28 75.93 89.21c-12.28-12.28-32.19-12.28-44.48 0L9.21 111.45c-12.28 12.28-12.28 32.19 0 44.48L109.28 256 9.21 356.07c-12.28 12.28-12.28 32.19 0 44.48l22.24 22.24c12.28 12.28 32.2 12.28 44.48 0L176 322.72l100.07 100.07c12.28 12.28 32.2 12.28 44.48 0l22.24-22.24c12.28-12.28 12.28-32.19 0-44.48L242.72 256z\"><\/path><\/svg>\t\t\t\t\t\t\t\t\t\t<output id=\"results-16db978\" class=\"e-search-results-container hide-loader\" aria-live=\"polite\" aria-atomic=\"true\" aria-label=\"Results for search\" tabindex=\"0\">\n\t\t\t\t\t\t<div class=\"e-search-results\"><\/div>\n\t\t\t\t\t\t\t\t\t\t\t<\/output>\n\t\t\t\t\t\t\t\t\t<\/div>\n\t\t\t\t\n\t\t\t\t\n\t\t\t\t<button class=\"e-search-submit  \" type=\"submit\">\n\t\t\t\t\t\n\t\t\t\t\t\t\t\t\t\t<span class=\"\">\n\t\t\t\t\t\tSearch\t\t\t\t\t<\/span>\n\t\t\t\t\t\t\t\t\t<\/button>\n\t\t\t\t<input type=\"hidden\" name=\"e_search_props\" value=\"16db978-2380\">\n\t\t\t<\/form>\n\t\t<\/search>\n\t\t\t\t\t\t<\/div>\n\t\t\t\t<\/div>\n\t\t\t\t<div class=\"elementor-element elementor-element-c47742a category_list elementor-icon-list--layout-traditional elementor-list-item-link-full_width elementor-widget elementor-widget-icon-list\" data-id=\"c47742a\" data-element_type=\"widget\" data-widget_type=\"icon-list.default\">\n\t\t\t\t<div class=\"elementor-widget-container\">\n\t\t\t\t\t\t\t<ul class=\"elementor-icon-list-items\">\n\t\t\t\t\t\t\t<li class=\"elementor-icon-list-item\">\n\t\t\t\t\t\t\t\t\t\t\t<a href=\"https:\/\/ibactech.ca\/fr\/category\/data-exchange-dx-fr\/\">\n\n\t\t\t\t\t\t\t\t\t\t\t<span class=\"elementor-icon-list-text\">\u00c9change de donn\u00e9es<\/span>\n\t\t\t\t\t\t\t\t\t\t\t<\/a>\n\t\t\t\t\t\t\t\t\t<\/li>\n\t\t\t\t\t\t\t\t<li class=\"elementor-icon-list-item\">\n\t\t\t\t\t\t\t\t\t\t\t<a href=\"https:\/\/ibactech.ca\/fr\/category\/numerisation\/\">\n\n\t\t\t\t\t\t\t\t\t\t\t<span class=\"elementor-icon-list-text\">Num\u00e9risation<\/span>\n\t\t\t\t\t\t\t\t\t\t\t<\/a>\n\t\t\t\t\t\t\t\t\t<\/li>\n\t\t\t\t\t\t\t\t<li class=\"elementor-icon-list-item\">\n\t\t\t\t\t\t\t\t\t\t\t<a href=\"https:\/\/ibactech.ca\/fr\/category\/gerer-votre-courtage\/\">\n\n\t\t\t\t\t\t\t\t\t\t\t<span class=\"elementor-icon-list-text\">G\u00e9rer votre courtage<\/span>\n\t\t\t\t\t\t\t\t\t\t\t<\/a>\n\t\t\t\t\t\t\t\t\t<\/li>\n\t\t\t\t\t\t\t\t<li class=\"elementor-icon-list-item\">\n\t\t\t\t\t\t\t\t\t\t\t<a href=\"https:\/\/ibactech.ca\/fr\/category\/risk-management-for-brokers-fr\/\">\n\n\t\t\t\t\t\t\t\t\t\t\t<span class=\"elementor-icon-list-text\">Gestion du risque pour les courtiers<\/span>\n\t\t\t\t\t\t\t\t\t\t\t<\/a>\n\t\t\t\t\t\t\t\t\t<\/li>\n\t\t\t\t\t\t<\/ul>\n\t\t\t\t\t\t<\/div>\n\t\t\t\t<\/div>\n\t\t\t\t\t<\/div>\n\t\t<\/div>\n\t\t\t\t\t<\/div>\n\t\t<\/section>\n\t\t\t\t<\/div>\n\t\t","protected":false},"excerpt":{"rendered":"<p>Advert Nouvelles et mises \u00e0 jour techno Search Search \u00c9change de donn\u00e9es Num\u00e9risation G\u00e9rer votre courtage Gestion du risque pour les courtiers<\/p>\n","protected":false},"author":2,"featured_media":0,"parent":0,"menu_order":0,"comment_status":"closed","ping_status":"closed","template":"elementor_header_footer","meta":{"_acf_changed":false,"inline_featured_image":false,"footnotes":""},"class_list":["post-2380","page","type-page","status-publish","hentry","bg-purple"],"acf":[],"yoast_head":"<!-- This site is optimized with the Yoast SEO plugin v26.8 - https:\/\/yoast.com\/product\/yoast-seo-wordpress\/ -->\n<title>Nouvelles et mises \u00e0 jour techniques - IBAC - Tech<\/title>\n<meta name=\"robots\" content=\"index, follow, max-snippet:-1, max-image-preview:large, max-video-preview:-1\" \/>\n<link rel=\"canonical\" href=\"https:\/\/ibactech.ca\/tech-news-and-updates\/\" \/>\n<meta property=\"og:locale\" content=\"fr_FR\" \/>\n<meta property=\"og:type\" content=\"article\" \/>\n<meta property=\"og:title\" content=\"Nouvelles et mises \u00e0 jour techniques - IBAC - Tech\" \/>\n<meta property=\"og:description\" content=\"Advert Nouvelles et mises \u00e0 jour techno Search Search \u00c9change de donn\u00e9es Num\u00e9risation G\u00e9rer votre courtage Gestion du risque pour les courtiers\" \/>\n<meta property=\"og:url\" content=\"https:\/\/ibactech.ca\/tech-news-and-updates\/\" \/>\n<meta property=\"og:site_name\" content=\"IBAC - Tech\" \/>\n<meta property=\"article:modified_time\" content=\"2025-04-03T16:13:07+00:00\" \/>\n<meta name=\"twitter:card\" content=\"summary_large_image\" \/>\n<meta name=\"twitter:label1\" content=\"Dur\u00e9e de lecture estim\u00e9e\" \/>\n\t<meta name=\"twitter:data1\" content=\"1 minute\" \/>\n<script type=\"application\/ld+json\" class=\"yoast-schema-graph\">{\"@context\":\"https:\/\/schema.org\",\"@graph\":[{\"@type\":\"WebPage\",\"@id\":\"https:\/\/ibactech.ca\/tech-news-and-updates\/\",\"url\":\"https:\/\/ibactech.ca\/tech-news-and-updates\/\",\"name\":\"Nouvelles et mises \u00e0 jour techniques - IBAC - Tech\",\"isPartOf\":{\"@id\":\"https:\/\/ibactech.ca\/#website\"},\"datePublished\":\"2024-10-17T06:49:51+00:00\",\"dateModified\":\"2025-04-03T16:13:07+00:00\",\"breadcrumb\":{\"@id\":\"https:\/\/ibactech.ca\/tech-news-and-updates\/#breadcrumb\"},\"inLanguage\":\"fr-FR\",\"potentialAction\":[{\"@type\":\"ReadAction\",\"target\":[\"https:\/\/ibactech.ca\/tech-news-and-updates\/\"]}]},{\"@type\":\"BreadcrumbList\",\"@id\":\"https:\/\/ibactech.ca\/tech-news-and-updates\/#breadcrumb\",\"itemListElement\":[{\"@type\":\"ListItem\",\"position\":1,\"name\":\"Accueil\",\"item\":\"https:\/\/ibactech.ca\/\"},{\"@type\":\"ListItem\",\"position\":2,\"name\":\"Nouvelles et mises \u00e0 jour techniques\"}]},{\"@type\":\"WebSite\",\"@id\":\"https:\/\/ibactech.ca\/#website\",\"url\":\"https:\/\/ibactech.ca\/\",\"name\":\"IbacTech\",\"description\":\"\",\"publisher\":{\"@id\":\"https:\/\/ibactech.ca\/#organization\"},\"potentialAction\":[{\"@type\":\"SearchAction\",\"target\":{\"@type\":\"EntryPoint\",\"urlTemplate\":\"https:\/\/ibactech.ca\/?s={search_term_string}\"},\"query-input\":{\"@type\":\"PropertyValueSpecification\",\"valueRequired\":true,\"valueName\":\"search_term_string\"}}],\"inLanguage\":\"fr-FR\"},{\"@type\":\"Organization\",\"@id\":\"https:\/\/ibactech.ca\/#organization\",\"name\":\"IBAC - Tech\",\"url\":\"https:\/\/ibactech.ca\/\",\"logo\":{\"@type\":\"ImageObject\",\"inLanguage\":\"fr-FR\",\"@id\":\"https:\/\/ibactech.ca\/#\/schema\/logo\/image\/\",\"url\":\"https:\/\/ibactech.ca\/wp-content\/uploads\/2024\/09\/IBACTech_4C-128.png\",\"contentUrl\":\"https:\/\/ibactech.ca\/wp-content\/uploads\/2024\/09\/IBACTech_4C-128.png\",\"width\":269,\"height\":128,\"caption\":\"IBAC - Tech\"},\"image\":{\"@id\":\"https:\/\/ibactech.ca\/#\/schema\/logo\/image\/\"}}]}<\/script>\n<!-- \/ Yoast SEO plugin. -->","yoast_head_json":{"title":"Nouvelles et mises \u00e0 jour techniques - IBAC - Tech","robots":{"index":"index","follow":"follow","max-snippet":"max-snippet:-1","max-image-preview":"max-image-preview:large","max-video-preview":"max-video-preview:-1"},"canonical":"https:\/\/ibactech.ca\/tech-news-and-updates\/","og_locale":"fr_FR","og_type":"article","og_title":"Nouvelles et mises \u00e0 jour techniques - IBAC - Tech","og_description":"Advert Nouvelles et mises \u00e0 jour techno Search Search \u00c9change de donn\u00e9es Num\u00e9risation G\u00e9rer votre courtage Gestion du risque pour les courtiers","og_url":"https:\/\/ibactech.ca\/tech-news-and-updates\/","og_site_name":"IBAC - Tech","article_modified_time":"2025-04-03T16:13:07+00:00","twitter_card":"summary_large_image","twitter_misc":{"Dur\u00e9e de lecture estim\u00e9e":"1 minute"},"schema":{"@context":"https:\/\/schema.org","@graph":[{"@type":"WebPage","@id":"https:\/\/ibactech.ca\/tech-news-and-updates\/","url":"https:\/\/ibactech.ca\/tech-news-and-updates\/","name":"Nouvelles et mises \u00e0 jour techniques - IBAC - Tech","isPartOf":{"@id":"https:\/\/ibactech.ca\/#website"},"datePublished":"2024-10-17T06:49:51+00:00","dateModified":"2025-04-03T16:13:07+00:00","breadcrumb":{"@id":"https:\/\/ibactech.ca\/tech-news-and-updates\/#breadcrumb"},"inLanguage":"fr-FR","potentialAction":[{"@type":"ReadAction","target":["https:\/\/ibactech.ca\/tech-news-and-updates\/"]}]},{"@type":"BreadcrumbList","@id":"https:\/\/ibactech.ca\/tech-news-and-updates\/#breadcrumb","itemListElement":[{"@type":"ListItem","position":1,"name":"Accueil","item":"https:\/\/ibactech.ca\/"},{"@type":"ListItem","position":2,"name":"Nouvelles et mises \u00e0 jour techniques"}]},{"@type":"WebSite","@id":"https:\/\/ibactech.ca\/#website","url":"https:\/\/ibactech.ca\/","name":"IbacTech","description":"","publisher":{"@id":"https:\/\/ibactech.ca\/#organization"},"potentialAction":[{"@type":"SearchAction","target":{"@type":"EntryPoint","urlTemplate":"https:\/\/ibactech.ca\/?s={search_term_string}"},"query-input":{"@type":"PropertyValueSpecification","valueRequired":true,"valueName":"search_term_string"}}],"inLanguage":"fr-FR"},{"@type":"Organization","@id":"https:\/\/ibactech.ca\/#organization","name":"IBAC - Tech","url":"https:\/\/ibactech.ca\/","logo":{"@type":"ImageObject","inLanguage":"fr-FR","@id":"https:\/\/ibactech.ca\/#\/schema\/logo\/image\/","url":"https:\/\/ibactech.ca\/wp-content\/uploads\/2024\/09\/IBACTech_4C-128.png","contentUrl":"https:\/\/ibactech.ca\/wp-content\/uploads\/2024\/09\/IBACTech_4C-128.png","width":269,"height":128,"caption":"IBAC - Tech"},"image":{"@id":"https:\/\/ibactech.ca\/#\/schema\/logo\/image\/"}}]}},"_links":{"self":[{"href":"https:\/\/ibactech.ca\/fr\/wp-json\/wp\/v2\/pages\/2380","targetHints":{"allow":["GET"]}}],"collection":[{"href":"https:\/\/ibactech.ca\/fr\/wp-json\/wp\/v2\/pages"}],"about":[{"href":"https:\/\/ibactech.ca\/fr\/wp-json\/wp\/v2\/types\/page"}],"author":[{"embeddable":true,"href":"https:\/\/ibactech.ca\/fr\/wp-json\/wp\/v2\/users\/2"}],"replies":[{"embeddable":true,"href":"https:\/\/ibactech.ca\/fr\/wp-json\/wp\/v2\/comments?post=2380"}],"version-history":[{"count":0,"href":"https:\/\/ibactech.ca\/fr\/wp-json\/wp\/v2\/pages\/2380\/revisions"}],"wp:attachment":[{"href":"https:\/\/ibactech.ca\/fr\/wp-json\/wp\/v2\/media?parent=2380"}],"curies":[{"name":"wp","href":"https:\/\/api.w.org\/{rel}","templated":true}]}}